{"id":9080,"date":"2022-06-29T14:41:08","date_gmt":"2022-06-29T12:41:08","guid":{"rendered":"https:\/\/oderbruchmuseum.de\/?page_id=9080"},"modified":"2022-07-04T12:01:13","modified_gmt":"2022-07-04T10:01:13","slug":"erklaerung-zur-barrierefreiheit","status":"publish","type":"page","link":"https:\/\/oderbruchmuseum.de\/pl\/erklaerung-zur-barrierefreiheit\/","title":{"rendered":"Deklaracja w sprawie dost\u0119pno\u015bci"},"content":{"rendered":"<p>Museumsverein Altranft e.V. stara si\u0119, aby jego strona internetowa www.oderbruchmuseum.de by\u0142a dost\u0119pna bez barier zgodnie z brandenbursk\u0105 ustaw\u0105 o r\u00f3wnouprawnieniu os\u00f3b niepe\u0142nosprawnych BbgBGG oraz brandenburskim rozporz\u0105dzeniem o technologiach informacyjnych bez barier BbgBITV w po\u0142\u0105czeniu z rozporz\u0105dzeniem o technologiach informacyjnych bez barier BITV 2.0).<\/p>\n\n\n\n<h3 class=\"wp-block-heading\">Aktualny stan konferencji merytorycznej: <\/h3>\n\n\n\n<p>Cz\u0119\u015bciowo zgodne z przepisami.<\/p>\n\n\n\n<h3 class=\"wp-block-heading\">Metoda wyceny: <\/h3>\n\n\n\n<p>Samoocena<\/p>\n\n\n\n<h3 class=\"wp-block-heading\">Znane problemy z dost\u0119pno\u015bci\u0105: <\/h3>\n\n\n\n<p>Staramy si\u0119, aby strona by\u0142a jak najbardziej dost\u0119pna, ale mimo to mog\u0105 wyst\u0105pi\u0107 problemy podczas korzystania z niej. W dalszej cz\u0119\u015bci przedstawiamy problemy z dost\u0119pno\u015bci\u0105, kt\u00f3re s\u0105 nam znane.<\/p>\n\n\n\n<h3 class=\"wp-block-heading\">Dokumenty PDF: <\/h3>\n\n\n\n<p>Nasze dokumenty PDF nie spe\u0142niaj\u0105 jeszcze wymog\u00f3w dost\u0119pno\u015bci. Zostan\u0105 wdro\u017cone.<\/p>\n\n\n\n<h3 class=\"wp-block-heading\">Teksty alternatywne<\/h3>\n\n\n\n<p>nie spe\u0142niaj\u0105 jeszcze wymog\u00f3w dost\u0119pno\u015bci. Zostanie wdro\u017cony.<\/p>\n\n\n\n<h3 class=\"wp-block-heading\">J\u0119zyk migowy <\/h3>\n\n\n\n<p>nie spe\u0142niaj\u0105 jeszcze wymog\u00f3w dost\u0119pno\u015bci. Zostanie wdro\u017cony.<\/p>\n\n\n\n<h3 class=\"wp-block-heading\">\u0141atwy j\u0119zyk <\/h3>\n\n\n\n<p>nie spe\u0142niaj\u0105 jeszcze wymog\u00f3w dost\u0119pno\u015bci. Zostanie wdro\u017cony.<\/p>\n\n\n\n<p>Niniejsze o\u015bwiadczenie zosta\u0142o sporz\u0105dzone w dniu 29 czerwca 2022 roku.<\/p>\n\n\n\n<div style=\"height:30px\" aria-hidden=\"true\" class=\"wp-block-spacer\"><\/div>\n\n\n\n<h3 class=\"wp-block-heading\" style=\"font-size:26px\">Informacje zwrotne i kontakt<\/h3>\n\n\n\n<p>Zauwa\u017cyli Pa\u0144stwo braki w dost\u0119pie bez barier lub w specyficznej zawarto\u015bci strony www.oderbruchmuseum.de? W takim razie prosimy o kontakt:<\/p>\n\n\n\n<p>Towarzystwo Muzealne Altranft e.V.<br>Am Anger 27<br>16259 Bad Freienwalde OT Altranft<br>0 33 44 - 33 39 11<br><a href=\"mailto:info@oderbruchmuseum.de\">info@oderbruchmuseum.de<\/a><\/p>\n\n\n\n<h3 class=\"wp-block-heading\">Post\u0119powanie egzekucyjne<\/h3>\n\n\n\n<p>Je\u015bli nie otrzymaj\u0105 Pa\u0144stwo satysfakcjonuj\u0105cej odpowiedzi z powy\u017cszej opcji kontaktu lub je\u015bli nie otrzymaj\u0105 Pa\u0144stwo odpowiedzi w ci\u0105gu trzech tygodni, mog\u0105 Pa\u0144stwo z\u0142o\u017cy\u0107 odpowiedni wniosek do organu wykonawczego kraju zwi\u0105zkowego Brandenburgii, utworzonego przy Ministerstwie Spraw Spo\u0142ecznych, Zdrowia, Integracji i Ochrony Konsument\u00f3w kraju zwi\u0105zkowego Brandenburgii - Pa\u0144stwowego Pe\u0142nomocnika ds. Organ wykonawczy sprawdza legalno\u015b\u0107 wniosku pod wzgl\u0119dem merytorycznym. W indywidualnych przypadkach zleca kontrol\u0119 techniczn\u0105 strony internetowej w organie monitoruj\u0105cym dost\u0119pno\u015b\u0107 technologii internetowych i aplikacyjnych w kraju zwi\u0105zkowym Brandenburgia.<\/p>\n\n\n\n<p>Organ egzekucyjny zgodnie z \u00a7 4 ust. 3 BbgBITV ma za zadanie rozstrzyganie spor\u00f3w na temat dost\u0119pno\u015bci w IT pomi\u0119dzy osobami niepe\u0142nosprawnymi a instytucjami publicznymi w kraju zwi\u0105zkowym Brandenburgia. Post\u0119powanie egzekucyjne jest bezp\u0142atne. Nie ma potrzeby anga\u017cowania radcy prawnego.<\/p>\n\n\n\n<h3 class=\"wp-block-heading\">Kontakt<\/h3>\n\n\n\n<p>Ministerstwo Spraw Spo\u0142ecznych, Zdrowia, Integracji i Ochrony Konsument\u00f3w Kraju Zwi\u0105zkowego Brandenburgia<br>Pa\u0144stwowy urz\u0119dnik ds. niepe\u0142nosprawno\u015bci | Organ wykonawczy<br>Henning-von-Tresckow-Stra\u00dfe 2-13, Dom S<br>14467 Poczdam<br>E-mail: Durchsetzung.BIT@MSGIV.Brandenburg.de<\/p>","protected":false},"excerpt":{"rendered":"<p>Museumsverein Altranft e.V. dok\u0142ada wszelkich stara\u0144, aby jego strona internetowa www.oderbruchmuseum.de by\u0142a dost\u0119pna zgodnie z brandenbursk\u0105 ustaw\u0105 o r\u00f3wnouprawnieniu os\u00f3b niepe\u0142nosprawnych (BbgBGG) oraz brandenburskim rozporz\u0105dzeniem o technologiach informacyjnych bez barier (BbgBITV w po\u0142\u0105czeniu z rozporz\u0105dzeniem o technologiach informacyjnych bez barier BITV 2.0). Aktualny stan zgodno\u015bci tre\u015bci: Cz\u0119\u015bciowa zgodno\u015b\u0107. Metoda oceny: Samoocena Znane problemy z dost\u0119pno\u015bci\u0105: Staramy si\u0119, aby strona internetowa by\u0142a jak najbardziej dost\u0119pna, ale problemy mog\u0105 nadal wyst\u0119powa\u0107 podczas u\u017cytkowania. Poni\u017cej przedstawiamy<\/p>","protected":false},"author":1,"featured_media":0,"parent":0,"menu_order":0,"comment_status":"closed","ping_status":"closed","template":"","meta":{"inline_featured_image":false,"footnotes":""},"class_list":["post-9080","page","type-page","status-publish","hentry"],"yoast_head":"<!-- This site is optimized with the Yoast SEO plugin v27.3 - https:\/\/yoast.com\/product\/yoast-seo-wordpress\/ -->\n<title>Erkl\u00e4rung zur Barrierefreiheit - Oderbruch Museum Altranft<\/title>\n<meta name=\"robots\" content=\"index, follow, max-snippet:-1, max-image-preview:large, max-video-preview:-1\" \/>\n<link rel=\"canonical\" href=\"https:\/\/oderbruchmuseum.de\/pl\/erklaerung-zur-barrierefreiheit\/\" \/>\n<meta property=\"og:locale\" content=\"pl_PL\" \/>\n<meta property=\"og:type\" content=\"article\" \/>\n<meta property=\"og:title\" content=\"Erkl\u00e4rung zur Barrierefreiheit - Oderbruch Museum Altranft\" \/>\n<meta property=\"og:description\" content=\"Der Museumsverein Altranft e.V. ist bem\u00fcht, seine Website www.oderbruchmuseum.de im Einklang mit dem Brandenburgischen Behindertengleichstellungsgesetz BbgBGG sowie der Verordnung zur Brandenburgischen Barrierefreien Informationstechnik BbgBITV in Verbindung mit der Barrierefreie-Informationstechnik-Verordnung BITV 2.0) barrierefrei zug\u00e4nglich zu machen. Aktueller Status der Inhaltskonfirmit\u00e4t: Teilweise konform. Bewertungsmethode: Selbsteinsch\u00e4tzung Bekannte Probleme bei der Barrierefreiheit: Wir bem\u00fchen uns die Webseite so barrierefrei wie m\u00f6glich zu gestalten, dennoch k\u00f6nnen bei der Benutzung Probleme auftreten. Im Folgenden legen wir\" \/>\n<meta property=\"og:url\" content=\"https:\/\/oderbruchmuseum.de\/pl\/erklaerung-zur-barrierefreiheit\/\" \/>\n<meta property=\"og:site_name\" content=\"Oderbruch Museum Altranft\" \/>\n<meta property=\"article:publisher\" content=\"https:\/\/www.facebook.com\/oderbruchmuseum\/\" \/>\n<meta property=\"article:modified_time\" content=\"2022-07-04T10:01:13+00:00\" \/>\n<meta name=\"twitter:card\" content=\"summary_large_image\" \/>\n<meta name=\"twitter:label1\" content=\"Szacowany czas czytania\" \/>\n\t<meta name=\"twitter:data1\" content=\"2 minuty\" \/>\n<script type=\"application\/ld+json\" class=\"yoast-schema-graph\">{\"@context\":\"https:\\\/\\\/schema.org\",\"@graph\":[{\"@type\":\"WebPage\",\"@id\":\"https:\\\/\\\/oderbruchmuseum.de\\\/erklaerung-zur-barrierefreiheit\\\/\",\"url\":\"https:\\\/\\\/oderbruchmuseum.de\\\/erklaerung-zur-barrierefreiheit\\\/\",\"name\":\"Erkl\u00e4rung zur Barrierefreiheit - Oderbruch Museum Altranft\",\"isPartOf\":{\"@id\":\"https:\\\/\\\/oderbruchmuseum.de\\\/#website\"},\"datePublished\":\"2022-06-29T12:41:08+00:00\",\"dateModified\":\"2022-07-04T10:01:13+00:00\",\"breadcrumb\":{\"@id\":\"https:\\\/\\\/oderbruchmuseum.de\\\/erklaerung-zur-barrierefreiheit\\\/#breadcrumb\"},\"inLanguage\":\"pl-PL\",\"potentialAction\":[{\"@type\":\"ReadAction\",\"target\":[\"https:\\\/\\\/oderbruchmuseum.de\\\/erklaerung-zur-barrierefreiheit\\\/\"]}]},{\"@type\":\"BreadcrumbList\",\"@id\":\"https:\\\/\\\/oderbruchmuseum.de\\\/erklaerung-zur-barrierefreiheit\\\/#breadcrumb\",\"itemListElement\":[{\"@type\":\"ListItem\",\"position\":1,\"name\":\"Startseite\",\"item\":\"https:\\\/\\\/oderbruchmuseum.de\\\/\"},{\"@type\":\"ListItem\",\"position\":2,\"name\":\"Erkl\u00e4rung zur Barrierefreiheit\"}]},{\"@type\":\"WebSite\",\"@id\":\"https:\\\/\\\/oderbruchmuseum.de\\\/#website\",\"url\":\"https:\\\/\\\/oderbruchmuseum.de\\\/\",\"name\":\"Oderbruchmuseum Altranft\",\"description\":\"Werkstatt f\u00fcr l\u00e4ndliche Kultur\",\"publisher\":{\"@id\":\"https:\\\/\\\/oderbruchmuseum.de\\\/#organization\"},\"potentialAction\":[{\"@type\":\"SearchAction\",\"target\":{\"@type\":\"EntryPoint\",\"urlTemplate\":\"https:\\\/\\\/oderbruchmuseum.de\\\/?s={search_term_string}\"},\"query-input\":{\"@type\":\"PropertyValueSpecification\",\"valueRequired\":true,\"valueName\":\"search_term_string\"}}],\"inLanguage\":\"pl-PL\"},{\"@type\":\"Organization\",\"@id\":\"https:\\\/\\\/oderbruchmuseum.de\\\/#organization\",\"name\":\"Oderbruchmuseum\",\"url\":\"https:\\\/\\\/oderbruchmuseum.de\\\/\",\"logo\":{\"@type\":\"ImageObject\",\"inLanguage\":\"pl-PL\",\"@id\":\"https:\\\/\\\/oderbruchmuseum.de\\\/#\\\/schema\\\/logo\\\/image\\\/\",\"url\":\"https:\\\/\\\/oderbruchmuseum.de\\\/wp-content\\\/uploads\\\/2020\\\/05\\\/rad-oderbruchmuseum.png\",\"contentUrl\":\"https:\\\/\\\/oderbruchmuseum.de\\\/wp-content\\\/uploads\\\/2020\\\/05\\\/rad-oderbruchmuseum.png\",\"width\":487,\"height\":451,\"caption\":\"Oderbruchmuseum\"},\"image\":{\"@id\":\"https:\\\/\\\/oderbruchmuseum.de\\\/#\\\/schema\\\/logo\\\/image\\\/\"},\"sameAs\":[\"https:\\\/\\\/www.facebook.com\\\/oderbruchmuseum\\\/\",\"https:\\\/\\\/www.instagram.com\\\/oderbruchmuseum\\\/\"]}]}<\/script>\n<!-- \/ Yoast SEO plugin. -->","yoast_head_json":{"title":"O\u015bwiadczenie w sprawie dost\u0119pno\u015bci - Oderbruch Museum Altranft","robots":{"index":"index","follow":"follow","max-snippet":"max-snippet:-1","max-image-preview":"max-image-preview:large","max-video-preview":"max-video-preview:-1"},"canonical":"https:\/\/oderbruchmuseum.de\/pl\/erklaerung-zur-barrierefreiheit\/","og_locale":"pl_PL","og_type":"article","og_title":"Erkl\u00e4rung zur Barrierefreiheit - Oderbruch Museum Altranft","og_description":"Der Museumsverein Altranft e.V. ist bem\u00fcht, seine Website www.oderbruchmuseum.de im Einklang mit dem Brandenburgischen Behindertengleichstellungsgesetz BbgBGG sowie der Verordnung zur Brandenburgischen Barrierefreien Informationstechnik BbgBITV in Verbindung mit der Barrierefreie-Informationstechnik-Verordnung BITV 2.0) barrierefrei zug\u00e4nglich zu machen. Aktueller Status der Inhaltskonfirmit\u00e4t: Teilweise konform. Bewertungsmethode: Selbsteinsch\u00e4tzung Bekannte Probleme bei der Barrierefreiheit: Wir bem\u00fchen uns die Webseite so barrierefrei wie m\u00f6glich zu gestalten, dennoch k\u00f6nnen bei der Benutzung Probleme auftreten. Im Folgenden legen wir","og_url":"https:\/\/oderbruchmuseum.de\/pl\/erklaerung-zur-barrierefreiheit\/","og_site_name":"Oderbruch Museum Altranft","article_publisher":"https:\/\/www.facebook.com\/oderbruchmuseum\/","article_modified_time":"2022-07-04T10:01:13+00:00","twitter_card":"summary_large_image","twitter_misc":{"Szacowany czas czytania":"2 minuty"},"schema":{"@context":"https:\/\/schema.org","@graph":[{"@type":"WebPage","@id":"https:\/\/oderbruchmuseum.de\/erklaerung-zur-barrierefreiheit\/","url":"https:\/\/oderbruchmuseum.de\/erklaerung-zur-barrierefreiheit\/","name":"O\u015bwiadczenie w sprawie dost\u0119pno\u015bci - Oderbruch Museum Altranft","isPartOf":{"@id":"https:\/\/oderbruchmuseum.de\/#website"},"datePublished":"2022-06-29T12:41:08+00:00","dateModified":"2022-07-04T10:01:13+00:00","breadcrumb":{"@id":"https:\/\/oderbruchmuseum.de\/erklaerung-zur-barrierefreiheit\/#breadcrumb"},"inLanguage":"pl-PL","potentialAction":[{"@type":"ReadAction","target":["https:\/\/oderbruchmuseum.de\/erklaerung-zur-barrierefreiheit\/"]}]},{"@type":"BreadcrumbList","@id":"https:\/\/oderbruchmuseum.de\/erklaerung-zur-barrierefreiheit\/#breadcrumb","itemListElement":[{"@type":"ListItem","position":1,"name":"Startseite","item":"https:\/\/oderbruchmuseum.de\/"},{"@type":"ListItem","position":2,"name":"Erkl\u00e4rung zur Barrierefreiheit"}]},{"@type":"WebSite","@id":"https:\/\/oderbruchmuseum.de\/#website","url":"https:\/\/oderbruchmuseum.de\/","name":"Muzeum Oderbruch Altranft","description":"Warsztaty kultury wiejskiej","publisher":{"@id":"https:\/\/oderbruchmuseum.de\/#organization"},"potentialAction":[{"@type":"SearchAction","target":{"@type":"EntryPoint","urlTemplate":"https:\/\/oderbruchmuseum.de\/?s={search_term_string}"},"query-input":{"@type":"PropertyValueSpecification","valueRequired":true,"valueName":"search_term_string"}}],"inLanguage":"pl-PL"},{"@type":"Organization","@id":"https:\/\/oderbruchmuseum.de\/#organization","name":"Muzeum Oderbruch","url":"https:\/\/oderbruchmuseum.de\/","logo":{"@type":"ImageObject","inLanguage":"pl-PL","@id":"https:\/\/oderbruchmuseum.de\/#\/schema\/logo\/image\/","url":"https:\/\/oderbruchmuseum.de\/wp-content\/uploads\/2020\/05\/rad-oderbruchmuseum.png","contentUrl":"https:\/\/oderbruchmuseum.de\/wp-content\/uploads\/2020\/05\/rad-oderbruchmuseum.png","width":487,"height":451,"caption":"Oderbruchmuseum"},"image":{"@id":"https:\/\/oderbruchmuseum.de\/#\/schema\/logo\/image\/"},"sameAs":["https:\/\/www.facebook.com\/oderbruchmuseum\/","https:\/\/www.instagram.com\/oderbruchmuseum\/"]}]}},"jetpack_sharing_enabled":true,"_links":{"self":[{"href":"https:\/\/oderbruchmuseum.de\/pl\/wp-json\/wp\/v2\/pages\/9080","targetHints":{"allow":["GET"]}}],"collection":[{"href":"https:\/\/oderbruchmuseum.de\/pl\/wp-json\/wp\/v2\/pages"}],"about":[{"href":"https:\/\/oderbruchmuseum.de\/pl\/wp-json\/wp\/v2\/types\/page"}],"author":[{"embeddable":true,"href":"https:\/\/oderbruchmuseum.de\/pl\/wp-json\/wp\/v2\/users\/1"}],"replies":[{"embeddable":true,"href":"https:\/\/oderbruchmuseum.de\/pl\/wp-json\/wp\/v2\/comments?post=9080"}],"version-history":[{"count":0,"href":"https:\/\/oderbruchmuseum.de\/pl\/wp-json\/wp\/v2\/pages\/9080\/revisions"}],"wp:attachment":[{"href":"https:\/\/oderbruchmuseum.de\/pl\/wp-json\/wp\/v2\/media?parent=9080"}],"curies":[{"name":"wp","href":"https:\/\/api.w.org\/{rel}","templated":true}]}}