{"id":9061,"date":"2022-06-29T14:25:38","date_gmt":"2022-06-29T12:25:38","guid":{"rendered":"https:\/\/oderbruchmuseum.de\/?page_id=9061"},"modified":"2025-01-09T18:07:55","modified_gmt":"2025-01-09T17:07:55","slug":"hinweise-zur-barrierefreiheit-imoderbruch-museum-altranft","status":"publish","type":"page","link":"https:\/\/oderbruchmuseum.de\/pl\/hinweise-zur-barrierefreiheit-imoderbruch-museum-altranft\/","title":{"rendered":"Informacje o dost\u0119pno\u015bci w Muzeum Oderbruchu Altranft"},"content":{"rendered":"<h2 class=\"wp-block-heading\">Uwagi og\u00f3lne<\/h2>\n\n\n\n<h3 class=\"wp-block-heading has-medium-font-size\">Podej\u015bcie<\/h3>\n\n\n\n<p>Samochodem<br>Z Berlina drog\u0105 B158 i B167.<br>Bezpo\u015brednio przed muzeum znajduje si\u0119 wystarczaj\u0105ca ilo\u015b\u0107 bezp\u0142atnych miejsc parkingowych oraz dwa miejsca dla os\u00f3b niepe\u0142nosprawnych. Zach\u0119camy do podjechania przed muzeum po wcze\u015bniejszym um\u00f3wieniu si\u0119, wsiadania i wysiadania tam z samochodu, a nast\u0119pnie ponownego zaparkowania.<br>Warunki na szlaku: nieutwardzone \u015bcie\u017cki, szuter.<br>&nbsp;<br>Poci\u0105giem<br>Stacja Altranft jest przystankiem na linii kolejowej RB 60 Eberswalde-Wriezen.<br>Do muzeum jest oko\u0142o 1100 metr\u00f3w spacerem od stacji kolejowej.<br>Warunki na szlaku: nieutwardzone \u015bcie\u017cki, kostka brukowa, szuter.<br>&nbsp;<br>Transport publiczny<br>Z dworca Bad Freienwalde odje\u017cd\u017caj\u0105 nast\u0119puj\u0105ce linie autobusowe: 875\/885\/886\/889\/958.<br>Przystanek autobusowy znajduje si\u0119 oko\u0142o 700 metr\u00f3w od muzeum.<br>Warunki na szlaku: \u015bcie\u017cki nieutwardzone, kostka brukowa, p\u0142yty chodnikowe, szuter.<\/p>\n\n\n\n<h3 class=\"wp-block-heading\"><strong>Informacja o terenie zewn\u0119trznym muzeum<\/strong><\/h3>\n\n\n\n<p>Nasza winda schodowa przy bocznym wej\u015bciu umo\u017cliwia dost\u0119p do parteru nawet osobom, kt\u00f3re maj\u0105 trudno\u015bci z chodzeniem. Prosimy o wcze\u015bniejsze poinformowanie personelu obiektu telefonicznie pod numerem 0 33 44 - 33 39 11.<\/p>\n\n\n\n<h3 class=\"wp-block-heading\"><strong>Informacje o muzeum<\/strong><\/h3>\n\n\n\n<p>Poszczeg\u00f3lne poziomy w muzeum nie s\u0105 dost\u0119pne bez barier.<br>Na parterze znajduj\u0105 si\u0119 szafki.<br>W ca\u0142ym muzeum masz do dyspozycji bezp\u0142atne Wi-Fi.<br>Drzwi do sal wystawowych s\u0105 zawsze otwarte w godzinach otwarcia.<br>Pomieszczenia toalet na parterze wyposa\u017cone s\u0105 w toalet\u0119 dla niepe\u0142nosprawnych oraz przycisk wezwania pomocy. Toaleta nie posiada miejsca do zawracania.&nbsp;<br>Na terenie wystawy jest du\u017co miejsc siedz\u0105cych.<br>W ca\u0142ym budynku muzeum przeszkody (takie jak progi drzwi,<br>kroki) nie s\u0105 oznaczone.<br>W muzeum znajduje si\u0119 catering, kt\u00f3rego cz\u0119\u015b\u0107 jest bez barier. W muzeum znajduj\u0105 si\u0119.<br>Miejsca siedz\u0105ce wewn\u0105trz muzeum i na zewn\u0105trz.<\/p>\n\n\n\n<p>Nasze ceny wst\u0119pu znajd\u0105 Pa\u0144stwo na naszej stronie internetowej pod has\u0142em Muzeum i<br><a href=\"https:\/\/oderbruchmuseum.de\/pl\/besucherinfo\/\">Informacje dla zwiedzaj\u0105cych<\/a>.<br>Zwiedzaj\u0105cy z legitymacj\u0105 osoby niepe\u0142nosprawnej w stopniu znacznym i ich<br>Osoby towarzysz\u0105ce otrzymuj\u0105 zni\u017ckow\u0105 op\u0142at\u0119 za wst\u0119p.<br>Materia\u0142y informacyjne o muzeum i jego ofercie w j\u0119zyku niemieckim i angielskim mo\u017cna znale\u017a\u0107 w muzeum, na stronie g\u0142\u00f3wnej i w sieciach spo\u0142eczno\u015bciowych.<br>Zach\u0119camy do wypo\u017cyczenia audioprzewodnika.<\/p>\n\n\n\n<p>Maj\u0105 Pa\u0144stwo pytania dotycz\u0105ce muzeum? Zach\u0119camy do kontaktu telefonicznego lub wys\u0142ania e-maila.<br>Oderbruch Museum Altranft<br>Am Anger 27<br>16259 Bad Freienwalde\/ OT Altranft<br>Tel. 03344 333911<br>E-mail: <a href=\"mailto:info@oderbruchmuseum.de\">info@oderbruchmuseum.de<\/a><br>&nbsp;<br>Nasi muzealnicy s\u0105 uwra\u017cliwieni na temat dost\u0119pno\u015bci i tego, jak radzi\u0107 sobie z r\u00f3\u017cnymi grupami docelowymi w muzeum.<br>Ch\u0119tnie dostosujemy si\u0119 do prostego j\u0119zyka.<br>Ch\u0119tnie s\u0142u\u017cymy pomoc\u0105 i wsparciem w planowaniu wizyty w muzeum i podczas pobytu.<br>Na \u017cyczenie i po uzgodnieniu ch\u0119tnie przygotowujemy oferty sta\u017cu integracyjnego.<\/p>\n\n\n\n<div style=\"height:30px\" aria-hidden=\"true\" class=\"wp-block-spacer\"><\/div>\n\n\n\n<h2 class=\"wp-block-heading\">Dalsze informacje ukierunkowane na grupy docelowe<\/h2>\n\n\n\n<h3 class=\"wp-block-heading\">Informacje dla os\u00f3b maj\u0105cych trudno\u015bci z chodzeniem<\/h3>\n\n\n\n<p>Niestety nie wszystkie nasze budynki maj\u0105 dost\u0119p dla w\u00f3zk\u00f3w inwalidzkich. Pracujemy jednak nad popraw\u0105 tej sytuacji i do\u0142o\u017cymy wszelkich stara\u0144, aby pom\u00f3c w dost\u0119pie. Zach\u0119camy do wcze\u015bniejszej rezerwacji wizyty pod adresem <br>0 33 44 - 33 39 11, aby\u015bmy mogli dokona\u0107 niezb\u0119dnych ustale\u0144.&nbsp;<\/p>\n\n\n\n<h3 class=\"wp-block-heading\">Informacje dla os\u00f3b niewidomych i niedowidz\u0105cych<\/h3>\n\n\n\n<p>Patrz uwagi og\u00f3lne.<br>Muzeum nie posiada systemu naprowadzania dla os\u00f3b niewidomych. W razie potrzeby nale\u017cy odwiedzi\u0107 nasz\u0105<br>Wystawa ch\u0119tnie z osob\u0105 towarzysz\u0105c\u0105.<br>Psy przewodnicy mog\u0105 przebywa\u0107 w salach wystawowych.<br>Przez ca\u0142y czas trwania wystawy obiekty mog\u0105 by\u0107 dotykane.<br>Warunki o\u015bwietleniowe s\u0105 r\u00f3\u017cne w poszczeg\u00f3lnych strefach wystawienniczych. W obszarze wystawowym wyst\u0119puje \u015bwiat\u0142o dzienne, ale wykorzystywane jest r\u00f3wnie\u017c \u015bwiat\u0142o sztuczne. Poszczeg\u00f3lne obiekty s\u0105 dodatkowo pod\u015bwietlane. Dbamy o to, aby nasze pomieszczenia i obiekty by\u0142y dobrze o\u015bwietlone.<br>Prawie wszystkie eksponaty mo\u017cna ogl\u0105da\u0107 bez szyby.<\/p>\n\n\n\n<h3 class=\"wp-block-heading\">Informacje dla os\u00f3b nies\u0142ysz\u0105cych i niedos\u0142ysz\u0105cych<\/h3>\n\n\n\n<p>Muzeum nie posiada systemu p\u0119tli indukcyjnej.<br>Obecnie nie ma film\u00f3w z j\u0119zykiem migowym.<\/p>\n\n\n\n<h3 class=\"wp-block-heading\">Informacje dla go\u015bci na w\u00f3zkach inwalidzkich<\/h3>\n\n\n\n<p>Patrz uwagi og\u00f3lne.<\/p>\n\n\n\n<p>Nasza winda schodowa przy bocznym wej\u015bciu umo\u017cliwia dost\u0119p do parteru nawet osobom, kt\u00f3re maj\u0105 trudno\u015bci z chodzeniem. Prosimy o wcze\u015bniejsze poinformowanie personelu obiektu telefonicznie pod numerem 0 33 44 - 33 39 11.<br>Drzwi, doj\u015bcia i przej\u015bcia na ca\u0142ym terenie muzeum nie s\u0105 dost\u0119pne dla os\u00f3b na w\u00f3zkach inwalidzkich. Podany jest promie\u0144 skr\u0119tu.<br>Lada recepcyjna nie ma r\u00f3\u017cnych wysoko\u015bci i nie jest dost\u0119pna od do\u0142u. Komunikacja w pozycji siedz\u0105cej jest mo\u017cliwa.<br>Gabloty s\u0105 w wi\u0119kszo\u015bci przypadk\u00f3w widoczne.<br>Teksty wystawy s\u0105 cz\u0119\u015bciowo na wysoko\u015bci wzroku.<br>Toaleta dla niepe\u0142nosprawnych nie ma wystarczaj\u0105cego promienia skr\u0119tu.<\/p>\n\n\n\n<h3 class=\"wp-block-heading\">Porady dla rodzin<\/h3>\n\n\n\n<p>Patrz uwagi og\u00f3lne.<br>Sale wystawowe s\u0105 cz\u0119\u015bciowo dost\u0119pne z w\u00f3zkiem dzieci\u0119cym.<br>Zapraszamy wszystkich cz\u0142onk\u00f3w rodziny do udzia\u0142u w naszych stacjach join-in.<br>Na terenie obiektu znajduje si\u0119 miejsce do przewijania niemowl\u0105t. Na \u017cyczenie ch\u0119tnie udost\u0119pnimy te\u017c dla Pa\u0144stwa zaciszne miejsce.<br>przewidziane do karmienia piersi\u0105. Prosimy o kontakt.&nbsp;<\/p>\n\n\n\n<h3 class=\"wp-block-heading\">Porady dla senior\u00f3w<\/h3>\n\n\n\n<p>Patrz uwagi og\u00f3lne.<\/p>\n\n\n\n<h3 class=\"wp-block-heading\">Informacje dla odwiedzaj\u0105cych z trudno\u015bciami w nauce<\/h3>\n\n\n\n<p>W muzeum nie mo\u017cna jeszcze czyta\u0107 tekst\u00f3w w prostym j\u0119zyku.<br>Mo\u017cesz zadawa\u0107 pytania.<br>Jest wiele obiekt\u00f3w.<br>W muzeum mo\u017cna si\u0119 wiele nauczy\u0107.<br>Czekamy na Ciebie.<\/p>\n\n\n\n<h3 class=\"wp-block-heading\">Uwagi dla os\u00f3b nie b\u0119d\u0105cych rodzimymi u\u017cytkownikami j\u0119zyka<\/h3>\n\n\n\n<p>Dost\u0119pne s\u0105 wycieczki z przewodnikiem w j\u0119zyku angielskim.<br>Prosimy o wcze\u015bniejsz\u0105 rejestracj\u0119.<br>W muzeum znajdziemy informacje wprowadzaj\u0105ce w j\u0119zyku angielskim.<br>Oferujemy wycieczki z angielskim przewodnikiem.<br>Prosimy o wcze\u015bniejsz\u0105 rejestracj\u0119.<br>W naszym muzeum znajdziecie Pa\u0144stwo kilka wst\u0119pnych informacji w j\u0119zyku angielskim.<br>&nbsp;<\/p>\n\n\n\n<p>Podane tu informacje o dost\u0119pno\u015bci zosta\u0142y stworzone na miejscu i s\u0105 regularnie sprawdzane.<br>28.06.2022<\/p>\n\n\n\n<p><em>Informacja o dost\u0119pno\u015bci zosta\u0142a przygotowana wsp\u00f3lnie ze Zwi\u0105zkiem Muze\u00f3w Kraju Zwi\u0105zkowego Brandenburgia e.V. (Museumsverband des Landes Brandenburg e.V.).<\/em><br>&nbsp;<br>&nbsp;<\/p>","protected":false},"excerpt":{"rendered":"<p>Dojazd samochodemZ Berlina drogami B158 i B167 bezpo\u015brednio przed muzeum znajduje si\u0119 wiele bezp\u0142atnych miejsc parkingowych oraz dwa miejsca parkingowe dla os\u00f3b niepe\u0142nosprawnych. Po wcze\u015bniejszym um\u00f3wieniu si\u0119 mo\u017cna podjecha\u0107 pod muzeum, wjecha\u0107 i wyjecha\u0107 z parkingu, a nast\u0119pnie ponownie zaparkowa\u0107. Warunki drogowe: nieutwardzone drogi, \u017cwir. Poci\u0105giemStacja kolejowa Altranft jest przystankiem na linii RB 60 Eberswalde-Wriezen. 1100 metr\u00f3w od stacji, muzeum znajduje si\u0119 w odleg\u0142o\u015bci spaceru.Warunki drogowe: nieutwardzone \u015bcie\u017cki, kostka brukowa, \u017cwir. Transport publicznyZ<\/p>","protected":false},"author":1,"featured_media":0,"parent":0,"menu_order":0,"comment_status":"closed","ping_status":"closed","template":"","meta":{"inline_featured_image":false,"footnotes":""},"class_list":["post-9061","page","type-page","status-publish","hentry"],"yoast_head":"<!-- This site is optimized with the Yoast SEO plugin v27.3 - https:\/\/yoast.com\/product\/yoast-seo-wordpress\/ -->\n<title>Hinweise zur Barrierefreiheit im Oderbruch Museum Altranft - Oderbruch Museum Altranft<\/title>\n<meta name=\"robots\" content=\"index, follow, max-snippet:-1, max-image-preview:large, max-video-preview:-1\" \/>\n<link rel=\"canonical\" href=\"https:\/\/oderbruchmuseum.de\/pl\/hinweise-zur-barrierefreiheit-imoderbruch-museum-altranft\/\" \/>\n<meta property=\"og:locale\" content=\"pl_PL\" \/>\n<meta property=\"og:type\" content=\"article\" \/>\n<meta property=\"og:title\" content=\"Hinweise zur Barrierefreiheit im Oderbruch Museum Altranft - Oderbruch Museum Altranft\" \/>\n<meta property=\"og:description\" content=\"Allgemeine Hinweise Anfahrt Mit dem AutoVon Berlin \u00fcber die B158 und B167.Es sind ausreichend kostenfreie Parkpl\u00e4tze und zwei Behindertenparkpl\u00e4tze direkt vor dem Museum verf\u00fcgbar. Sie k\u00f6nnen nach Anmeldung gern bis vor das Museum fahren, dort ein- und aussteigen und dann umparken.Wegbeschaffenheit: unbefestigte Wege, Kies.&nbsp;Mit der BahnDer Bahnhof Altranft ist Haltepunkt der Bahnlinie RB 60 Eberswalde-Wriezen.Das Museum ist ca. 1100 Meter vom Bahnhof fu\u00dfl\u00e4ufig zu erreichen.Wegbeschaffenheit: unbefestigte Wege, Kopfsteinpflaster, Kies.&nbsp;\u00d6ffentliche VerkehrsmittelVom\" \/>\n<meta property=\"og:url\" content=\"https:\/\/oderbruchmuseum.de\/pl\/hinweise-zur-barrierefreiheit-imoderbruch-museum-altranft\/\" \/>\n<meta property=\"og:site_name\" content=\"Oderbruch Museum Altranft\" \/>\n<meta property=\"article:publisher\" content=\"https:\/\/www.facebook.com\/oderbruchmuseum\/\" \/>\n<meta property=\"article:modified_time\" content=\"2025-01-09T17:07:55+00:00\" \/>\n<meta name=\"twitter:card\" content=\"summary_large_image\" \/>\n<meta name=\"twitter:label1\" content=\"Szacowany czas czytania\" \/>\n\t<meta name=\"twitter:data1\" content=\"5 minut\" \/>\n<script type=\"application\/ld+json\" class=\"yoast-schema-graph\">{\"@context\":\"https:\\\/\\\/schema.org\",\"@graph\":[{\"@type\":\"WebPage\",\"@id\":\"https:\\\/\\\/oderbruchmuseum.de\\\/hinweise-zur-barrierefreiheit-imoderbruch-museum-altranft\\\/\",\"url\":\"https:\\\/\\\/oderbruchmuseum.de\\\/hinweise-zur-barrierefreiheit-imoderbruch-museum-altranft\\\/\",\"name\":\"Hinweise zur Barrierefreiheit im Oderbruch Museum Altranft - Oderbruch Museum Altranft\",\"isPartOf\":{\"@id\":\"https:\\\/\\\/oderbruchmuseum.de\\\/#website\"},\"datePublished\":\"2022-06-29T12:25:38+00:00\",\"dateModified\":\"2025-01-09T17:07:55+00:00\",\"breadcrumb\":{\"@id\":\"https:\\\/\\\/oderbruchmuseum.de\\\/hinweise-zur-barrierefreiheit-imoderbruch-museum-altranft\\\/#breadcrumb\"},\"inLanguage\":\"pl-PL\",\"potentialAction\":[{\"@type\":\"ReadAction\",\"target\":[\"https:\\\/\\\/oderbruchmuseum.de\\\/hinweise-zur-barrierefreiheit-imoderbruch-museum-altranft\\\/\"]}]},{\"@type\":\"BreadcrumbList\",\"@id\":\"https:\\\/\\\/oderbruchmuseum.de\\\/hinweise-zur-barrierefreiheit-imoderbruch-museum-altranft\\\/#breadcrumb\",\"itemListElement\":[{\"@type\":\"ListItem\",\"position\":1,\"name\":\"Startseite\",\"item\":\"https:\\\/\\\/oderbruchmuseum.de\\\/\"},{\"@type\":\"ListItem\",\"position\":2,\"name\":\"Hinweise zur Barrierefreiheit im Oderbruch Museum Altranft\"}]},{\"@type\":\"WebSite\",\"@id\":\"https:\\\/\\\/oderbruchmuseum.de\\\/#website\",\"url\":\"https:\\\/\\\/oderbruchmuseum.de\\\/\",\"name\":\"Oderbruchmuseum Altranft\",\"description\":\"Werkstatt f\u00fcr l\u00e4ndliche Kultur\",\"publisher\":{\"@id\":\"https:\\\/\\\/oderbruchmuseum.de\\\/#organization\"},\"potentialAction\":[{\"@type\":\"SearchAction\",\"target\":{\"@type\":\"EntryPoint\",\"urlTemplate\":\"https:\\\/\\\/oderbruchmuseum.de\\\/?s={search_term_string}\"},\"query-input\":{\"@type\":\"PropertyValueSpecification\",\"valueRequired\":true,\"valueName\":\"search_term_string\"}}],\"inLanguage\":\"pl-PL\"},{\"@type\":\"Organization\",\"@id\":\"https:\\\/\\\/oderbruchmuseum.de\\\/#organization\",\"name\":\"Oderbruchmuseum\",\"url\":\"https:\\\/\\\/oderbruchmuseum.de\\\/\",\"logo\":{\"@type\":\"ImageObject\",\"inLanguage\":\"pl-PL\",\"@id\":\"https:\\\/\\\/oderbruchmuseum.de\\\/#\\\/schema\\\/logo\\\/image\\\/\",\"url\":\"https:\\\/\\\/oderbruchmuseum.de\\\/wp-content\\\/uploads\\\/2020\\\/05\\\/rad-oderbruchmuseum.png\",\"contentUrl\":\"https:\\\/\\\/oderbruchmuseum.de\\\/wp-content\\\/uploads\\\/2020\\\/05\\\/rad-oderbruchmuseum.png\",\"width\":487,\"height\":451,\"caption\":\"Oderbruchmuseum\"},\"image\":{\"@id\":\"https:\\\/\\\/oderbruchmuseum.de\\\/#\\\/schema\\\/logo\\\/image\\\/\"},\"sameAs\":[\"https:\\\/\\\/www.facebook.com\\\/oderbruchmuseum\\\/\",\"https:\\\/\\\/www.instagram.com\\\/oderbruchmuseum\\\/\"]}]}<\/script>\n<!-- \/ Yoast SEO plugin. -->","yoast_head_json":{"title":"Informacje o dost\u0119pno\u015bci w Oderbruch Museum Altranft - Oderbruch Museum Altranft","robots":{"index":"index","follow":"follow","max-snippet":"max-snippet:-1","max-image-preview":"max-image-preview:large","max-video-preview":"max-video-preview:-1"},"canonical":"https:\/\/oderbruchmuseum.de\/pl\/hinweise-zur-barrierefreiheit-imoderbruch-museum-altranft\/","og_locale":"pl_PL","og_type":"article","og_title":"Hinweise zur Barrierefreiheit im Oderbruch Museum Altranft - Oderbruch Museum Altranft","og_description":"Allgemeine Hinweise Anfahrt Mit dem AutoVon Berlin \u00fcber die B158 und B167.Es sind ausreichend kostenfreie Parkpl\u00e4tze und zwei Behindertenparkpl\u00e4tze direkt vor dem Museum verf\u00fcgbar. Sie k\u00f6nnen nach Anmeldung gern bis vor das Museum fahren, dort ein- und aussteigen und dann umparken.Wegbeschaffenheit: unbefestigte Wege, Kies.&nbsp;Mit der BahnDer Bahnhof Altranft ist Haltepunkt der Bahnlinie RB 60 Eberswalde-Wriezen.Das Museum ist ca. 1100 Meter vom Bahnhof fu\u00dfl\u00e4ufig zu erreichen.Wegbeschaffenheit: unbefestigte Wege, Kopfsteinpflaster, Kies.&nbsp;\u00d6ffentliche VerkehrsmittelVom","og_url":"https:\/\/oderbruchmuseum.de\/pl\/hinweise-zur-barrierefreiheit-imoderbruch-museum-altranft\/","og_site_name":"Oderbruch Museum Altranft","article_publisher":"https:\/\/www.facebook.com\/oderbruchmuseum\/","article_modified_time":"2025-01-09T17:07:55+00:00","twitter_card":"summary_large_image","twitter_misc":{"Szacowany czas czytania":"5 minut"},"schema":{"@context":"https:\/\/schema.org","@graph":[{"@type":"WebPage","@id":"https:\/\/oderbruchmuseum.de\/hinweise-zur-barrierefreiheit-imoderbruch-museum-altranft\/","url":"https:\/\/oderbruchmuseum.de\/hinweise-zur-barrierefreiheit-imoderbruch-museum-altranft\/","name":"Informacje o dost\u0119pno\u015bci w Oderbruch Museum Altranft - Oderbruch Museum Altranft","isPartOf":{"@id":"https:\/\/oderbruchmuseum.de\/#website"},"datePublished":"2022-06-29T12:25:38+00:00","dateModified":"2025-01-09T17:07:55+00:00","breadcrumb":{"@id":"https:\/\/oderbruchmuseum.de\/hinweise-zur-barrierefreiheit-imoderbruch-museum-altranft\/#breadcrumb"},"inLanguage":"pl-PL","potentialAction":[{"@type":"ReadAction","target":["https:\/\/oderbruchmuseum.de\/hinweise-zur-barrierefreiheit-imoderbruch-museum-altranft\/"]}]},{"@type":"BreadcrumbList","@id":"https:\/\/oderbruchmuseum.de\/hinweise-zur-barrierefreiheit-imoderbruch-museum-altranft\/#breadcrumb","itemListElement":[{"@type":"ListItem","position":1,"name":"Startseite","item":"https:\/\/oderbruchmuseum.de\/"},{"@type":"ListItem","position":2,"name":"Hinweise zur Barrierefreiheit im Oderbruch Museum Altranft"}]},{"@type":"WebSite","@id":"https:\/\/oderbruchmuseum.de\/#website","url":"https:\/\/oderbruchmuseum.de\/","name":"Muzeum Oderbruch Altranft","description":"Warsztaty kultury wiejskiej","publisher":{"@id":"https:\/\/oderbruchmuseum.de\/#organization"},"potentialAction":[{"@type":"SearchAction","target":{"@type":"EntryPoint","urlTemplate":"https:\/\/oderbruchmuseum.de\/?s={search_term_string}"},"query-input":{"@type":"PropertyValueSpecification","valueRequired":true,"valueName":"search_term_string"}}],"inLanguage":"pl-PL"},{"@type":"Organization","@id":"https:\/\/oderbruchmuseum.de\/#organization","name":"Muzeum Oderbruch","url":"https:\/\/oderbruchmuseum.de\/","logo":{"@type":"ImageObject","inLanguage":"pl-PL","@id":"https:\/\/oderbruchmuseum.de\/#\/schema\/logo\/image\/","url":"https:\/\/oderbruchmuseum.de\/wp-content\/uploads\/2020\/05\/rad-oderbruchmuseum.png","contentUrl":"https:\/\/oderbruchmuseum.de\/wp-content\/uploads\/2020\/05\/rad-oderbruchmuseum.png","width":487,"height":451,"caption":"Oderbruchmuseum"},"image":{"@id":"https:\/\/oderbruchmuseum.de\/#\/schema\/logo\/image\/"},"sameAs":["https:\/\/www.facebook.com\/oderbruchmuseum\/","https:\/\/www.instagram.com\/oderbruchmuseum\/"]}]}},"jetpack_sharing_enabled":true,"_links":{"self":[{"href":"https:\/\/oderbruchmuseum.de\/pl\/wp-json\/wp\/v2\/pages\/9061","targetHints":{"allow":["GET"]}}],"collection":[{"href":"https:\/\/oderbruchmuseum.de\/pl\/wp-json\/wp\/v2\/pages"}],"about":[{"href":"https:\/\/oderbruchmuseum.de\/pl\/wp-json\/wp\/v2\/types\/page"}],"author":[{"embeddable":true,"href":"https:\/\/oderbruchmuseum.de\/pl\/wp-json\/wp\/v2\/users\/1"}],"replies":[{"embeddable":true,"href":"https:\/\/oderbruchmuseum.de\/pl\/wp-json\/wp\/v2\/comments?post=9061"}],"version-history":[{"count":0,"href":"https:\/\/oderbruchmuseum.de\/pl\/wp-json\/wp\/v2\/pages\/9061\/revisions"}],"wp:attachment":[{"href":"https:\/\/oderbruchmuseum.de\/pl\/wp-json\/wp\/v2\/media?parent=9061"}],"curies":[{"name":"wp","href":"https:\/\/api.w.org\/{rel}","templated":true}]}}