{"id":3812,"date":"2020-06-29T10:22:42","date_gmt":"2020-06-29T08:22:42","guid":{"rendered":"http:\/\/test.oderbruchmuseum.de\/?page_id=3812"},"modified":"2021-08-26T16:02:26","modified_gmt":"2021-08-26T14:02:26","slug":"impressum","status":"publish","type":"page","link":"https:\/\/oderbruchmuseum.de\/pl\/impressum\/","title":{"rendered":"Nadruk"},"content":{"rendered":"<h2 class=\"wp-block-heading\"><span class=\"has-inline-color has-primary-color\">Dostawca tej obecno\u015bci w Internecie w rozumieniu \u00a7 5 TMG<\/span><\/h2>\n\n\n\n<div class=\"wp-block-columns is-layout-flex wp-container-core-columns-is-layout-9d6595d7 wp-block-columns-is-layout-flex\">\n<div class=\"wp-block-column is-layout-flow wp-block-column-is-layout-flow\">\n<p class=\"has-text-color has-black-color\">Towarzystwo Muzealne Altranft e.V.<br>Schneiderstr. 18<br>16259 Bad Freienwalde OT Altranft<\/p>\n\n\n\n<p><a href=\"mailto:info@oderbruchmuseum.de\">info@oderbruchmuseum.de<\/a><br>Telefon: 0 33 44 - 33 39 11<br><\/p>\n\n\n\n<p class=\"has-text-color has-black-color\"><strong><span class=\"has-inline-color has-primary-color\"><\/span><\/strong><span class=\"has-inline-color has-primary-color\"><strong>Reprezentowany przez Zarz\u0105d:<\/strong><\/span><br>Vera Wesner i Bernd Neumann<br>Siedziba stowarzyszenia: Bad Freienwalde OT Altranft<br>Rejestr stowarzysze\u0144: VR 6308 FF S\u0105d lokalny Frankfurt\/O.<\/p>\n\n\n\n<p><strong><span class=\"has-inline-color has-primary-color\">Powiadomienie o odpowiedzialno\u015bci<\/span><\/strong><br>Mimo starannej kontroli tre\u015bci nie ponosimy odpowiedzialno\u015bci za tre\u015b\u0107 link\u00f3w zewn\u0119trznych. Za tre\u015b\u0107 stron, do kt\u00f3rych prowadz\u0105 linki, odpowiadaj\u0105 wy\u0142\u0105cznie ich operatorzy.<\/p>\n\n\n\n<p><strong><span class=\"has-inline-color has-primary-color\">Ochrona danych<\/span><\/strong><br>O ile u\u017cytkownicy naszej strony internetowej podali dane osobowe, wykorzystujemy je wy\u0142\u0105cznie w celu odpowiedzi na zapytania u\u017cytkownik\u00f3w. Nie przekazujemy danych osobowych osobom trzecim.<\/p>\n<\/div>\n\n\n\n<div class=\"wp-block-column is-layout-flow wp-block-column-is-layout-flow\">\n<p><span class=\"has-inline-color has-primary-color\"><strong>Redakcja i odpowiedzialno\u015b\u0107 za tre\u015b\u0107&nbsp;<\/strong><\/span><br>Biuro programowe Muzeum Oderbruchu Altranft<br>reprezentowany przez dr Kennetha Andersa<\/p>\n\n\n\n<p><span class=\"has-inline-color has-primary-color\"><strong>Prawa do zdj\u0119\u0107<\/strong><\/span><br>Oderbruch Museum Altranft<br>Alex Pop Schirmer<br>Stefan Schick<br>Biuro Komunikacji Krajobrazowej<br>Uli Seifert<\/p>\n\n\n\n<p><strong><span class=\"has-inline-color has-primary-color\">Ilustracje<\/span><\/strong>:<br><a class=\"\" href=\"https:\/\/www.cloudfish.de\/index.html\">Claudia Fischer<\/a>,\u00a0<br><a class=\"\" href=\"http:\/\/www.antjescholz.de\/\">Antje Scholz<\/a>\u00a0<br><a class=\"\" href=\"https:\/\/denken-handeln.com\/\">Fine Heininger | Think &amp; Act<\/a>.<\/p>\n\n\n\n<p><strong><span class=\"has-inline-color has-primary-color\">Identyfikacja wizualna:\u00a0<\/span><\/strong><br><a class=\"\" href=\"https:\/\/denken-handeln.com\/\">Fine Heininger | Think &amp; Act<\/a>\u00a0<\/p>\n\n\n\n<p><strong><span class=\"has-inline-color has-primary-color\">Projektowanie stron internetowych<\/span><\/strong>:\u00a0<br><a class=\"\" href=\"http:\/\/marenbuhmann.de\/\">Maren Buhmann<\/a><\/p>\n\n\n\n<p><strong><span class=\"has-inline-color has-primary-color\">Autor<\/span><\/strong><br>Zawarto\u015b\u0107 tej strony internetowej podlega prawom autorskim i nie mo\u017ce by\u0107 wykorzystywana bez zgody.<\/p>\n<\/div>\n<\/div>\n\n\n\n<p><strong><span class=\"has-inline-color has-primary-color\"><\/span><\/strong><\/p>\n\n\n\n<p><br><br><\/p>","protected":false},"excerpt":{"rendered":"<p>Dostawca tej strony internetowej w rozumieniu \u00a7 5 TMG Museumsverein Altranft e.V.Schneiderstr. 1816259 Bad Freienwalde OT Altranft info@oderbruchmuseum.deTelefon: 0 33 44 - 33 39 11 Reprezentowani przez zarz\u0105d stowarzyszenia:Vera Wesner i Bernd NeumannSiedziba stowarzyszenia: Bad Freienwalde OT AltranftRejestr stowarzyszenia: VR 6308 FF Amtsgericht Frankfurt\/O Informacja o odpowiedzialno\u015bciPomimo starannej kontroli tre\u015bci, nie ponosimy odpowiedzialno\u015bci za tre\u015b\u0107 link\u00f3w zewn\u0119trznych. Operatorzy stron, do kt\u00f3rych prowadz\u0105 linki, ponosz\u0105 wy\u0142\u0105czn\u0105 odpowiedzialno\u015b\u0107 za ich tre\u015b\u0107. Ochrona danychO ile u\u017cytkownicy naszej strony internetowej<\/p>","protected":false},"author":1,"featured_media":0,"parent":0,"menu_order":0,"comment_status":"closed","ping_status":"closed","template":"","meta":{"inline_featured_image":false,"footnotes":""},"class_list":["post-3812","page","type-page","status-publish","hentry"],"yoast_head":"<!-- This site is optimized with the Yoast SEO plugin v27.4 - https:\/\/yoast.com\/product\/yoast-seo-wordpress\/ -->\n<title>Impressum - Oderbruch Museum Altranft<\/title>\n<meta name=\"robots\" content=\"noindex, follow\" \/>\n<meta property=\"og:locale\" content=\"pl_PL\" \/>\n<meta property=\"og:type\" content=\"article\" \/>\n<meta property=\"og:title\" content=\"Impressum - Oderbruch Museum Altranft\" \/>\n<meta property=\"og:description\" content=\"Anbie\u00adter dieser Inter\u00adnet\u00adpr\u00e4\u00adsenz im Sinne von \u00a7 5 TMG Museumsverein Altranft e.V.Schneiderstr. 1816259 Bad Freienwalde OT Altranft info@oderbruchmuseum.deTelefon: 0 33 44 &#8211; 33 39 11 Vertreten durch den Vereinsvorstand:Vera Wesner und Bernd NeumannVereinssitz: Bad Freienwalde OT AltranftVereinsregister: VR 6308 FF Amtsgericht Frankfurt\/O HaftungshinweisTrotz sorgf\u00e4ltiger inhaltlicher Kontrolle \u00fcbernehmen wir keine Haftung f\u00fcr die Inhalte externer Links. F\u00fcr den Inhalt der verlinkten Seiten sind ausschlie\u00dflich deren Betreiber verantwortlich. DatenschutzSoweit Nutzer unse\u00adrer Webseite\" \/>\n<meta property=\"og:url\" content=\"https:\/\/oderbruchmuseum.de\/pl\/impressum\/\" \/>\n<meta property=\"og:site_name\" content=\"Oderbruch Museum Altranft\" \/>\n<meta property=\"article:publisher\" content=\"https:\/\/www.facebook.com\/oderbruchmuseum\/\" \/>\n<meta property=\"article:modified_time\" content=\"2021-08-26T14:02:26+00:00\" \/>\n<meta name=\"twitter:card\" content=\"summary_large_image\" \/>\n<meta name=\"twitter:label1\" content=\"Szacowany czas czytania\" \/>\n\t<meta name=\"twitter:data1\" content=\"1 minuta\" \/>\n<script type=\"application\/ld+json\" class=\"yoast-schema-graph\">{\"@context\":\"https:\\\/\\\/schema.org\",\"@graph\":[{\"@type\":\"WebPage\",\"@id\":\"https:\\\/\\\/oderbruchmuseum.de\\\/impressum\\\/\",\"url\":\"https:\\\/\\\/oderbruchmuseum.de\\\/impressum\\\/\",\"name\":\"Impressum - Oderbruch Museum Altranft\",\"isPartOf\":{\"@id\":\"https:\\\/\\\/oderbruchmuseum.de\\\/#website\"},\"datePublished\":\"2020-06-29T08:22:42+00:00\",\"dateModified\":\"2021-08-26T14:02:26+00:00\",\"breadcrumb\":{\"@id\":\"https:\\\/\\\/oderbruchmuseum.de\\\/impressum\\\/#breadcrumb\"},\"inLanguage\":\"pl-PL\",\"potentialAction\":[{\"@type\":\"ReadAction\",\"target\":[\"https:\\\/\\\/oderbruchmuseum.de\\\/impressum\\\/\"]}]},{\"@type\":\"BreadcrumbList\",\"@id\":\"https:\\\/\\\/oderbruchmuseum.de\\\/impressum\\\/#breadcrumb\",\"itemListElement\":[{\"@type\":\"ListItem\",\"position\":1,\"name\":\"Startseite\",\"item\":\"https:\\\/\\\/oderbruchmuseum.de\\\/\"},{\"@type\":\"ListItem\",\"position\":2,\"name\":\"Impressum\"}]},{\"@type\":\"WebSite\",\"@id\":\"https:\\\/\\\/oderbruchmuseum.de\\\/#website\",\"url\":\"https:\\\/\\\/oderbruchmuseum.de\\\/\",\"name\":\"Oderbruchmuseum Altranft\",\"description\":\"Werkstatt f\u00fcr l\u00e4ndliche Kultur\",\"publisher\":{\"@id\":\"https:\\\/\\\/oderbruchmuseum.de\\\/#organization\"},\"potentialAction\":[{\"@type\":\"SearchAction\",\"target\":{\"@type\":\"EntryPoint\",\"urlTemplate\":\"https:\\\/\\\/oderbruchmuseum.de\\\/?s={search_term_string}\"},\"query-input\":{\"@type\":\"PropertyValueSpecification\",\"valueRequired\":true,\"valueName\":\"search_term_string\"}}],\"inLanguage\":\"pl-PL\"},{\"@type\":\"Organization\",\"@id\":\"https:\\\/\\\/oderbruchmuseum.de\\\/#organization\",\"name\":\"Oderbruchmuseum\",\"url\":\"https:\\\/\\\/oderbruchmuseum.de\\\/\",\"logo\":{\"@type\":\"ImageObject\",\"inLanguage\":\"pl-PL\",\"@id\":\"https:\\\/\\\/oderbruchmuseum.de\\\/#\\\/schema\\\/logo\\\/image\\\/\",\"url\":\"https:\\\/\\\/oderbruchmuseum.de\\\/wp-content\\\/uploads\\\/2020\\\/05\\\/rad-oderbruchmuseum.png\",\"contentUrl\":\"https:\\\/\\\/oderbruchmuseum.de\\\/wp-content\\\/uploads\\\/2020\\\/05\\\/rad-oderbruchmuseum.png\",\"width\":487,\"height\":451,\"caption\":\"Oderbruchmuseum\"},\"image\":{\"@id\":\"https:\\\/\\\/oderbruchmuseum.de\\\/#\\\/schema\\\/logo\\\/image\\\/\"},\"sameAs\":[\"https:\\\/\\\/www.facebook.com\\\/oderbruchmuseum\\\/\",\"https:\\\/\\\/www.instagram.com\\\/oderbruchmuseum\\\/\"]}]}<\/script>\n<!-- \/ Yoast SEO plugin. -->","yoast_head_json":{"title":"Nadruk - Oderbruch Museum Altranft","robots":{"index":"noindex","follow":"follow"},"og_locale":"pl_PL","og_type":"article","og_title":"Impressum - Oderbruch Museum Altranft","og_description":"Anbie\u00adter dieser Inter\u00adnet\u00adpr\u00e4\u00adsenz im Sinne von \u00a7 5 TMG Museumsverein Altranft e.V.Schneiderstr. 1816259 Bad Freienwalde OT Altranft info@oderbruchmuseum.deTelefon: 0 33 44 &#8211; 33 39 11 Vertreten durch den Vereinsvorstand:Vera Wesner und Bernd NeumannVereinssitz: Bad Freienwalde OT AltranftVereinsregister: VR 6308 FF Amtsgericht Frankfurt\/O HaftungshinweisTrotz sorgf\u00e4ltiger inhaltlicher Kontrolle \u00fcbernehmen wir keine Haftung f\u00fcr die Inhalte externer Links. F\u00fcr den Inhalt der verlinkten Seiten sind ausschlie\u00dflich deren Betreiber verantwortlich. DatenschutzSoweit Nutzer unse\u00adrer Webseite","og_url":"https:\/\/oderbruchmuseum.de\/pl\/impressum\/","og_site_name":"Oderbruch Museum Altranft","article_publisher":"https:\/\/www.facebook.com\/oderbruchmuseum\/","article_modified_time":"2021-08-26T14:02:26+00:00","twitter_card":"summary_large_image","twitter_misc":{"Szacowany czas czytania":"1 minuta"},"schema":{"@context":"https:\/\/schema.org","@graph":[{"@type":"WebPage","@id":"https:\/\/oderbruchmuseum.de\/impressum\/","url":"https:\/\/oderbruchmuseum.de\/impressum\/","name":"Nadruk - Oderbruch Museum Altranft","isPartOf":{"@id":"https:\/\/oderbruchmuseum.de\/#website"},"datePublished":"2020-06-29T08:22:42+00:00","dateModified":"2021-08-26T14:02:26+00:00","breadcrumb":{"@id":"https:\/\/oderbruchmuseum.de\/impressum\/#breadcrumb"},"inLanguage":"pl-PL","potentialAction":[{"@type":"ReadAction","target":["https:\/\/oderbruchmuseum.de\/impressum\/"]}]},{"@type":"BreadcrumbList","@id":"https:\/\/oderbruchmuseum.de\/impressum\/#breadcrumb","itemListElement":[{"@type":"ListItem","position":1,"name":"Startseite","item":"https:\/\/oderbruchmuseum.de\/"},{"@type":"ListItem","position":2,"name":"Impressum"}]},{"@type":"WebSite","@id":"https:\/\/oderbruchmuseum.de\/#website","url":"https:\/\/oderbruchmuseum.de\/","name":"Muzeum Oderbruch Altranft","description":"Warsztaty kultury wiejskiej","publisher":{"@id":"https:\/\/oderbruchmuseum.de\/#organization"},"potentialAction":[{"@type":"SearchAction","target":{"@type":"EntryPoint","urlTemplate":"https:\/\/oderbruchmuseum.de\/?s={search_term_string}"},"query-input":{"@type":"PropertyValueSpecification","valueRequired":true,"valueName":"search_term_string"}}],"inLanguage":"pl-PL"},{"@type":"Organization","@id":"https:\/\/oderbruchmuseum.de\/#organization","name":"Muzeum Oderbruch","url":"https:\/\/oderbruchmuseum.de\/","logo":{"@type":"ImageObject","inLanguage":"pl-PL","@id":"https:\/\/oderbruchmuseum.de\/#\/schema\/logo\/image\/","url":"https:\/\/oderbruchmuseum.de\/wp-content\/uploads\/2020\/05\/rad-oderbruchmuseum.png","contentUrl":"https:\/\/oderbruchmuseum.de\/wp-content\/uploads\/2020\/05\/rad-oderbruchmuseum.png","width":487,"height":451,"caption":"Oderbruchmuseum"},"image":{"@id":"https:\/\/oderbruchmuseum.de\/#\/schema\/logo\/image\/"},"sameAs":["https:\/\/www.facebook.com\/oderbruchmuseum\/","https:\/\/www.instagram.com\/oderbruchmuseum\/"]}]}},"jetpack_sharing_enabled":true,"_links":{"self":[{"href":"https:\/\/oderbruchmuseum.de\/pl\/wp-json\/wp\/v2\/pages\/3812","targetHints":{"allow":["GET"]}}],"collection":[{"href":"https:\/\/oderbruchmuseum.de\/pl\/wp-json\/wp\/v2\/pages"}],"about":[{"href":"https:\/\/oderbruchmuseum.de\/pl\/wp-json\/wp\/v2\/types\/page"}],"author":[{"embeddable":true,"href":"https:\/\/oderbruchmuseum.de\/pl\/wp-json\/wp\/v2\/users\/1"}],"replies":[{"embeddable":true,"href":"https:\/\/oderbruchmuseum.de\/pl\/wp-json\/wp\/v2\/comments?post=3812"}],"version-history":[{"count":0,"href":"https:\/\/oderbruchmuseum.de\/pl\/wp-json\/wp\/v2\/pages\/3812\/revisions"}],"wp:attachment":[{"href":"https:\/\/oderbruchmuseum.de\/pl\/wp-json\/wp\/v2\/media?parent=3812"}],"curies":[{"name":"wp","href":"https:\/\/api.w.org\/{rel}","templated":true}]}}