{"id":311,"date":"2020-03-18T14:24:52","date_gmt":"2020-03-18T13:24:52","guid":{"rendered":"http:\/\/test.oderbruchmuseum.de\/?page_id=311"},"modified":"2020-08-31T16:20:21","modified_gmt":"2020-08-31T14:20:21","slug":"datenschutzerklaerung","status":"publish","type":"page","link":"https:\/\/oderbruchmuseum.de\/pl\/datenschutzerklaerung\/","title":{"rendered":"Polityka prywatno\u015bci"},"content":{"rendered":"<h2 class=\"wp-block-heading\">Polityka prywatno\u015bci<\/h2>\n\n\n\n<h3 class=\"wp-block-heading\">Podstawowe<\/h3>\n\n\n\n<p>Poni\u017csze informacje maj\u0105 na celu przedstawienie Pa\u0144stwu prostego przegl\u0105du\n co dzieje si\u0119 z Pa\u0144stwa danymi osobowymi, gdy odwiedzaj\u0105 Pa\u0144stwo nasz\u0105 stron\u0119 internetow\u0105.\nstron\u0119 internetow\u0105. Dane osobowe to wszelkie dane, kt\u00f3re mog\u0105 by\u0107 wykorzystane do identyfikacji u\u017cytkownika.\ndane osobowe. Jako operator tej strony internetowej\ntraktujemy ochron\u0119 Pa\u0144stwa danych osobowych bardzo powa\u017cnie. Traktujemy\n Pa\u0144stwa dane osobowe traktujemy poufnie i zgodnie z\nprawnymi przepisami o ochronie danych osobowych oraz niniejszym o\u015bwiadczeniem o ochronie danych.<\/p>\n\n\n\n<p>Podczas korzystania z tej strony internetowej gromadzone s\u0105 r\u00f3\u017cne dane osobowe.\n gromadzone s\u0105 dane. Dane osobowe to dane, dzi\u0119ki kt\u00f3rym mo\u017cna\nosobi\u015bcie zidentyfikowa\u0107. Niniejsza\npolityka prywatno\u015bci wyja\u015bnia, jakie dane gromadzimy i do czego je wykorzystujemy.\nwykorzystujemy. Wyja\u015bnia r\u00f3wnie\u017c, jak i w jakim celu to robimy.<\/p>\n\n\n\n<p>Pragniemy zwr\u00f3ci\u0107 uwag\u0119, \u017ce transmisja danych w Internecie (np.\nkomunikacja za pomoc\u0105 poczty elektronicznej) mo\u017ce posiada\u0107 luki bezpiecze\u0144stwa. A\nca\u0142kowita ochrona danych przed dost\u0119pem os\u00f3b trzecich nie jest mo\u017cliwa.\nmo\u017cliwe.<\/p>\n\n\n\n<h3 class=\"wp-block-heading\">Uwaga dotycz\u0105ca organu odpowiedzialnego<\/h3>\n\n\n\n<p>Administratorem danych dla tej strony jest:<\/p>\n\n\n\n<p>Oderbruch Museum Altranft<br>Warsztaty Kultury Wiejskiej<br>Am Anger 27<br>16259 Bad Freienwalde<br>OT Altranft<br><a href=\"tel:03344-333911\">0 33 44 - 33 39 11<br><\/a><a href=\"mailto:datenschutz@oderbruchmuseum.de\">datenschutz@oderbruchmuseum.de<\/a><\/p>\n\n\n\n<p>Podmiotem odpowiedzialnym jest osoba fizyczna lub prawna,\nkt\u00f3ra samodzielnie lub wsp\u00f3lnie z innymi okre\u015bla cele i sposoby\nprzetwarzania danych osobowych (np. nazwisk, adres\u00f3w e-mail itp.)\nlub podobne).<\/p>\n\n\n\n<h3 class=\"wp-block-heading\">Informacja, blokowanie, usuwanie<\/h3>\n\n\n\n<p>W ramach obowi\u0105zuj\u0105cych przepis\u00f3w prawnych maj\u0105 Pa\u0144stwo w ka\u017cdej chwili prawo do\n prawo do bezp\u0142atnej informacji o przechowywanych przez Pa\u0144stwa danych osobowych\npochodzenia i odbiorc\u00f3w Pa\u0144stwa danych osobowych oraz celu ich\nprzetwarzania oraz, w stosownych przypadkach, prawo do sprostowania, zablokowania lub\nusuni\u0119cia tych danych. W przypadku tego i innych pyta\u0144 dot.\nmog\u0105 Pa\u0144stwo w ka\u017cdej chwili skontaktowa\u0107 si\u0119 z nami pod adresem podanym w nadruku.\nadres podany w nadruku.<\/p>\n\n\n\n<h3 class=\"wp-block-heading\">Gromadzenie danych na naszej stronie internetowej<\/h3>\n\n\n\n<h4 class=\"wp-block-heading\">Pliki dziennika serwera<\/h4>\n\n\n\n<p>Dostawca tych stron automatycznie zbiera i przechowuje\ninformacje w tzw. plikach dziennika serwera, kt\u00f3re Twoja przegl\u0105darka automatycznie\nautomatycznie przekazuje do nas. S\u0105 to:<\/p>\n\n\n\n<ul class=\"wp-block-list\"><li>Typ i wersja przegl\u0105darki<\/li><li>Zastosowany system operacyjny<\/li><li>URL odsy\u0142aj\u0105cego<\/li><li>Nazwa hosta komputera dost\u0119powego<\/li><li>Czas \u017c\u0105dania serwera<\/li><li>Adres IP<\/li><\/ul>\n\n\n\n<p>Dane te nie s\u0105 \u0142\u0105czone z innymi \u017ar\u00f3d\u0142ami danych.\n przeprowadzonych. Podstaw\u0105 przetwarzania danych jest art. 6 ust. 1 lit.\n f DSGVO, kt\u00f3ry zezwala na przetwarzanie danych w celu realizacji umowy lub \u015brodk\u00f3w przedumownych\nlub \u015brodk\u00f3w przedkontraktowych.<\/p>\n\n\n\n<h4 class=\"wp-block-heading\">Cookies<\/h4>\n\n\n\n<p>Ta strona wykorzystuje pliki cookies do pseudonimizowanego\npomiaru zasi\u0119gu, kt\u00f3re s\u0105 przesy\u0142ane z naszego serwera lub serwera\npodmiot\u00f3w trzecich do przegl\u0105darki u\u017cytkownika. Cookies to.\nto niewielkie pliki, kt\u00f3re s\u0105 przechowywane na urz\u0105dzeniu ko\u0144cowym u\u017cytkownika.\n Pa\u0144stwa urz\u0105dzeniu ko\u0144cowym. Przegl\u0105darka u\u017cytkownika automatycznie uzyskuje dost\u0119p do tych plik\u00f3w. Poprzez stron\u0119\nzastosowanie plik\u00f3w cookies zwi\u0119ksza przyjazno\u015b\u0107 dla u\u017cytkownika i\nbezpiecze\u0144stwo tej strony internetowej.<\/p>\n\n\n\n<p>Popularne przegl\u0105darki oferuj\u0105 opcj\u0119 ustawienia, aby nie zezwala\u0107 na pliki cookie.\ncookies. Uwaga: Nie jest gwarantowane, \u017ce b\u0119dziesz m\u00f3g\u0142 uzyska\u0107 dost\u0119p do wszystkich\nfunkcji tej strony internetowej bez ogranicze\u0144, je\u015bli\ndokonasz odpowiednich ustawie\u0144.<\/p>\n\n\n\n<h4 class=\"wp-block-heading\">Gromadzenie i przetwarzanie danych osobowych<\/h4>\n\n\n\n<p>Mo\u017cesz r\u00f3wnie\u017c odwiedzi\u0107 t\u0119 stron\u0119 bez podawania jakichkolwiek danych osobowych.\ndane osobowe. Pa\u0144stwa dane dost\u0119pu (bez podawania danych osobowych) do tej strony internetowej\ns\u0105 przechowywane w tzw. plikach dziennika serwera. Te\ndane te obejmuj\u0105 na przyk\u0142ad \u017c\u0105dany plik lub nazw\u0119 dostawcy internetu.\nnazw\u0119 Pa\u0144stwa dostawcy internetu. Dzi\u0119ki anonimizacji danych nie jest mo\u017cliwe\nwnioskowanie o Pa\u0144stwa osobie nie jest mo\u017cliwe.<\/p>\n\n\n\n<h3 class=\"wp-block-heading\">Mo\u017cliwo\u015b\u0107 kontaktu<\/h3>\n\n\n\n<p>Je\u015bli wysy\u0142asz nam zapytania poprzez klikni\u0119cie na adres e-mail\nPa\u0144stwa dane, w tym podane tam dane kontaktowe, zostan\u0105 wykorzystane\ndane kontaktowe w celu rozpatrzenia zapytania oraz w przypadku\nw przypadku pyta\u0144 uzupe\u0142niaj\u0105cych. Nie przekazujemy tych danych bez\nbez Pa\u0144stwa zgody.<\/p>\n\n\n\n<p>Przetwarzanie wprowadzonych danych odbywa si\u0119 zatem wy\u0142\u0105cznie\nna podstawie Pa\u0144stwa zgody (art. 6 ust. 1 lit. a DSGVO). Pa\u0144stwo\nW ka\u017cdej chwili mog\u0105 Pa\u0144stwo odwo\u0142a\u0107 t\u0119 zgod\u0119. Wystarczy do tego m.in.\nnieformalna komunikacja z nami za po\u015brednictwem poczty elektronicznej. Zgodno\u015b\u0107 danych z prawem\noperacji przetwarzania danych dokonanych do momentu odwo\u0142ania zgody pozostaje\nnienaruszona.<\/p>\n\n\n\n<p>Dane, kt\u00f3re podasz w mailu pozostan\u0105 u nas do czasu\n za\u017c\u0105dasz od nas usuni\u0119cia danych, cofniesz zgod\u0119 na przechowywanie danych\nlub do czasu, gdy cel przechowywania danych przestanie obowi\u0105zywa\u0107 (np. po\nzako\u0144czonym przetwarzaniu Twojego zapytania). Obowi\u0105zkowe przepisy prawa\nprzepisy prawne - w szczeg\u00f3lno\u015bci okresy przechowywania - pozostaj\u0105 nienaruszone.<\/p>\n\n\n\n<h3 class=\"wp-block-heading\">Wykorzystanie wtyczek spo\u0142eczno\u015bciowych z Facebooka<\/h3>\n\n\n\n<p>Ta strona internetowa wykorzystuje wtyczk\u0119 spo\u0142eczno\u015bciow\u0105 Facebook, kt\u00f3ra jest dostarczana przez.\nFacebook Inc (1 Hacker Way, Menlo Park, California 94025, USA).\nobs\u0142ugiwane. Integracje s\u0105 rozpoznawalne dzi\u0119ki logo Facebooka lub terminom\ntermin\u00f3w \"Like\", \"Lubi\u0119 to\", \"Share\" w kolorach Facebooka (niebieski i bia\u0142y).\nKolory Facebooka (niebieski i bia\u0142y). Informacje o wszystkich wtyczkach Facebooka\nmo\u017cna znale\u017a\u0107 pod nast\u0119puj\u0105cym linkiem: <a href=\"https:\/\/developers.facebook.com\/docs\/plugins\/\">https:\/\/developers.facebook.com\/docs\/plugins\/<br><\/a>Facebook Inc. przestrzega europejskich przepis\u00f3w o ochronie danych i posiada certyfikat w ramach porozumienia Privacy Shield: <a href=\"https:\/\/www.privacyshield.gov\/participant?id=a2zt0000000GnywAAC&amp;status=Active\">https:\/\/www.privacyshield.gov\/participant?id=a2zt0000000GnywAAC&amp;status=Active<br><\/a>Strona\n Wtyczka nawi\u0105zuje bezpo\u015brednie po\u0142\u0105czenie pomi\u0119dzy przegl\u0105dark\u0105 a serwerami Facebooka.\nSerwery Facebooka. Operator strony nie ma wp\u0142ywu na charakter\ncharakter i zakres danych, kt\u00f3re wtyczka przekazuje na serwery\nSerwery Facebook Inc. Informacje na ten temat mo\u017cna znale\u017a\u0107 tutaj: <a href=\"https:\/\/www.facebook.com\/help\/186325668085084\">https:\/\/www.facebook.com\/help\/186325668085084<br><\/a>Strona\n Wtyczka informuje firm\u0119 Facebook Inc. o tym, \u017ce u\u017cytkownik odwiedzi\u0142 t\u0119 stron\u0119 internetow\u0105.\nodwiedzi\u0142 t\u0119 stron\u0119. Istnieje mo\u017cliwo\u015b\u0107, \u017ce Tw\u00f3j\nadres IP jest zapisywany. Je\u015bli s\u0105 Pa\u0144stwo zalogowani na swoim koncie na Facebooku podczas\ndo swojego konta na Facebooku podczas wizyty na tej stronie, to wy\u017cej wymienione\ninformacje zostan\u0105 z nim powi\u0105zane.<br>Je\u015bli korzystasz z funkcji\nwtyczki - na przyk\u0142ad poprzez udost\u0119pnienie lub \"polubienie\" postu - odpowiednie informacje s\u0105 r\u00f3wnie\u017c przekazywane do firmy Facebook Inc.\n informacje s\u0105 r\u00f3wnie\u017c przekazywane do Facebook Inc.\njest przekazywana.<br>Je\u015bli chcesz zapobiec \u0142\u0105czeniu si\u0119 Facebooka. Inc. \u0142\u0105czeniu tych\n\u0142\u0105czeniu tych danych z kontem na Facebooku, nale\u017cy wylogowa\u0107 si\u0119 z Facebooka przed\nwylogowa\u0107 si\u0119 z Facebooka przed odwiedzeniem tej strony i usun\u0105\u0107 zapisane pliki cookie.\n cookies. Dalsze ustawienia dotycz\u0105ce przetwarzania danych w celach reklamowych mo\u017cna wprowadzi\u0107 za po\u015brednictwem swojego profilu na Facebooku.\nw celach reklamowych lub wyrazi\u0107 sprzeciw wobec wykorzystywania Pa\u0144stwa danych w celach reklamowych.\nw celach reklamowych. Dost\u0119p do ustawie\u0144 mo\u017cna uzyska\u0107 tutaj:<\/p>\n\n\n\n<ul class=\"wp-block-list\"><li>Ustawienia profilu na Facebooku: <a href=\"https:\/\/www.facebook.com\/ads\/preferences\/?entry_product=ad_settings_screen\">https:\/\/www.facebook.com\/ads\/preferences\/?entry_product=ad_settings_screen<\/a><\/li><li>Strona dezaktywacji plik\u00f3w cookies w serwisie US: <a href=\"http:\/\/optout.aboutads.info\/?c=2#!\/\">http:\/\/optout.aboutads.info\/?c=2#!\/<\/a><\/li><li>Strona dezaktywacji plik\u00f3w cookies na stronie europejskiej: <a href=\"http:\/\/optout.networkadvertising.org\/?c=1#!\/\">http:\/\/optout.networkadvertising.org\/?c=1#!\/<\/a><\/li><\/ul>\n\n\n\n<p>Jakie dane, w jakim celu i w jakim zakresie Facebook gromadzi, wykorzystuje i\ngromadzi, wykorzystuje i przetwarza dane oraz jakie prawa i\nustawienia, kt\u00f3re masz, aby chroni\u0107 swoj\u0105 prywatno\u015b\u0107,\nmo\u017cna znale\u017a\u0107 w polityce prywatno\u015bci Facebooka. Te\nmo\u017cna znale\u017a\u0107 tutaj: <a href=\"https:\/\/www.facebook.com\/about\/privacy\/\">https:\/\/www.facebook.com\/about\/privacy\/<\/a><\/p>\n\n\n\n<h3 class=\"wp-block-heading\">Newsletter<\/h3>\n\n\n\n<p>Oferujemy Pa\u0144stwu newsletter, w kt\u00f3rym mog\u0105 Pa\u0144stwo informowa\u0107 si\u0119 o\naktualnych wydarzeniach. Je\u015bli chcesz\nzapisa\u0107 si\u0119 do newslettera, musisz poda\u0107 prawid\u0142owy adres e-mail. Je\u015bli zapiszesz si\u0119 na\nzapisuj\u0105c si\u0119 na newsletter, wyra\u017caj\u0105 Pa\u0144stwo zgod\u0119 na otrzymywanie newslettera oraz na\ni wyja\u015bnione procedury.<\/p>\n\n\n\n<p>W ka\u017cdej chwili mog\u0105 Pa\u0144stwo odwo\u0142a\u0107 swoj\u0105 zgod\u0119 na otrzymywanie newslettera i tym samym\nodwo\u0142a\u0107 i tym samym anulowa\u0107 subskrypcj\u0119 newslettera. Po Pa\u0144stwa\nrezygnacji, Twoje dane osobowe zostan\u0105 usuni\u0119te. Pa\u0144stwa\nZgoda na otrzymywanie newslettera wygasa w tym samym momencie. Na ko\u0144cu\nka\u017cdego newslettera znajdziesz link do rezygnacji.<\/p>\n\n\n\n<h3 class=\"wp-block-heading\">Prawa u\u017cytkownika<\/h3>\n\n\n\n<p>Jako u\u017cytkownik masz prawo za\u017c\u0105da\u0107 bezp\u0142atnej informacji na temat\no tym, jakie dane osobowe zosta\u0142y zapisane na Tw\u00f3j temat.\n zosta\u0142y zapisane. Ponadto maj\u0105 Pa\u0144stwo prawo do sprostowania nieprawid\u0142owych danych\noraz do ograniczenia lub usuni\u0119cia swoich danych osobowych.\ndanych osobowych. W stosownych przypadkach mog\u0105 Pa\u0144stwo r\u00f3wnie\u017c skorzysta\u0107 z prawa do przenoszenia danych.\n przenoszenia danych. Je\u017celi uwa\u017casz, \u017ce Twoje dane by\u0142y\n przetwarzane niezgodnie z prawem, mog\u0105 Pa\u0144stwo wnie\u015b\u0107 skarg\u0119 do w\u0142a\u015bciwego organu nadzorczego.\nw\u0142a\u015bciwego organu nadzorczego.<\/p>\n\n\n\n<h3 class=\"wp-block-heading\">Usuwanie danych<\/h3>\n\n\n\n<p>O ile Twoje \u017c\u0105danie nie stoi w sprzeczno\u015bci z prawnym obowi\u0105zkiem\nprzechowywania danych (np. retencji danych), masz prawo do usuni\u0119cia swoich danych.\n masz prawo do usuni\u0119cia swoich danych. Dane przechowywane przez nas\nprzechowywane przez nas dane zostan\u0105 usuni\u0119te, je\u015bli nie s\u0105 ju\u017c potrzebne do ich celu\ni nie ma prawnych okres\u00f3w przechowywania, zostan\u0105 usuni\u0119te. Je\u017celi\nusuni\u0119cie nie mo\u017ce zosta\u0107 przeprowadzone, poniewa\u017c dane s\u0105 wymagane do dopuszczalnych prawem\n cel\u00f3w prawnych, przetwarzanie danych zostanie ograniczone.\nprzetwarzania danych. W tym przypadku dane zostan\u0105 zablokowane i nie b\u0119d\u0105\nprzetwarzane do innych cel\u00f3w.<\/p>\n\n\n\n<h3 class=\"wp-block-heading\">Prawo do sprzeciwu<\/h3>\n\n\n\n<p>U\u017cytkownicy tej strony internetowej mog\u0105 skorzysta\u0107 z prawa do wniesienia sprzeciwu\ni sprzeciwu wobec przetwarzania ich danych osobowych w dowolnym momencie.\nsprzeciwu.<\/p>\n\n\n\n<p>Je\u015bli chcesz za\u017c\u0105da\u0107 korekty, zablokowania, usuni\u0119cia lub informacji o\n danych osobowych przechowywanych na Pa\u0144stwa temat, lub je\u015bli maj\u0105 Pa\u0144stwo jakiekolwiek pytania\nmaj\u0105 Pa\u0144stwo pytania dotycz\u0105ce gromadzenia, przetwarzania lub wykorzystywania Pa\u0144stwa\nlub wykorzystywania Pa\u0144stwa danych osobowych lub chc\u0105 Pa\u0144stwo wycofa\u0107 swoj\u0105 zgod\u0119, prosimy\nprosimy o kontakt na nast\u0119puj\u0105cy adres e-mail: <a href=\"mailto:datenschutz@oderbruchmuseum.de\">datenschutz@oderbruchmuseum.de<\/a><\/p>\n\n\n\n<p>Stan: 18 lipca 2018 r.<\/p>","protected":false},"excerpt":{"rendered":"<p>Polityka prywatno\u015bci Podstawowe informacje Poni\u017csze informacje maj\u0105 na celu przedstawienie prostego przegl\u0105du tego, co dzieje si\u0119 z danymi osobowymi u\u017cytkownika podczas odwiedzania naszej witryny internetowej. Dane osobowe to wszelkie dane, kt\u00f3re mo\u017cna wykorzysta\u0107 do osobistej identyfikacji u\u017cytkownika. Jako operator tej witryny bardzo powa\u017cnie podchodzimy do ochrony danych osobowych u\u017cytkownik\u00f3w. Traktujemy dane osobowe u\u017cytkownika w spos\u00f3b poufny i zgodnie z ustawowymi przepisami o ochronie danych oraz niniejsz\u0105 polityk\u0105 prywatno\u015bci. Podczas korzystania z tej witryny internetowej r\u00f3\u017cne dane osobowe b\u0119d\u0105<\/p>","protected":false},"author":1,"featured_media":0,"parent":0,"menu_order":0,"comment_status":"closed","ping_status":"closed","template":"","meta":{"inline_featured_image":false,"footnotes":""},"class_list":["post-311","page","type-page","status-publish","hentry"],"yoast_head":"<!-- This site is optimized with the Yoast SEO plugin v27.3 - https:\/\/yoast.com\/product\/yoast-seo-wordpress\/ -->\n<title>Datenschutzerkl\u00e4rung - Oderbruch Museum Altranft<\/title>\n<meta name=\"robots\" content=\"noindex, follow\" \/>\n<meta property=\"og:locale\" content=\"pl_PL\" \/>\n<meta property=\"og:type\" content=\"article\" \/>\n<meta property=\"og:title\" content=\"Datenschutzerkl\u00e4rung - Oderbruch Museum Altranft\" \/>\n<meta property=\"og:description\" content=\"Datenschutzerkl\u00e4rung Grundlegendes Die folgenden Hinweise sollen Ihnen einen einfachen \u00dcberblick dar\u00fcber geben, was mit Ihren personenbezogenen Daten passiert, wenn Sie unsere Website besuchen. Personenbezogene Daten sind alle Daten, mit denen Sie pers\u00f6nlich identifiziert werden k\u00f6nnen. Als Betreiber dieser Website nehmen wir den Schutz Ihrer pers\u00f6nlichen Daten sehr ernst. Wir behandeln Ihre personenbezogenen Daten vertraulich und entsprechend der gesetzlichen Datenschutzvorschriften sowie dieser Datenschutzerkl\u00e4rung. Wenn Sie diese Website benutzen, werden verschiedene personenbezogene\" \/>\n<meta property=\"og:url\" content=\"https:\/\/oderbruchmuseum.de\/pl\/datenschutzerklaerung\/\" \/>\n<meta property=\"og:site_name\" content=\"Oderbruch Museum Altranft\" \/>\n<meta property=\"article:publisher\" content=\"https:\/\/www.facebook.com\/oderbruchmuseum\/\" \/>\n<meta property=\"article:modified_time\" content=\"2020-08-31T14:20:21+00:00\" \/>\n<meta name=\"twitter:card\" content=\"summary_large_image\" \/>\n<meta name=\"twitter:label1\" content=\"Szacowany czas czytania\" \/>\n\t<meta name=\"twitter:data1\" content=\"7 minut\" \/>\n<script type=\"application\/ld+json\" class=\"yoast-schema-graph\">{\"@context\":\"https:\\\/\\\/schema.org\",\"@graph\":[{\"@type\":\"WebPage\",\"@id\":\"https:\\\/\\\/oderbruchmuseum.de\\\/datenschutzerklaerung\\\/\",\"url\":\"https:\\\/\\\/oderbruchmuseum.de\\\/datenschutzerklaerung\\\/\",\"name\":\"Datenschutzerkl\u00e4rung - Oderbruch Museum Altranft\",\"isPartOf\":{\"@id\":\"https:\\\/\\\/oderbruchmuseum.de\\\/#website\"},\"datePublished\":\"2020-03-18T13:24:52+00:00\",\"dateModified\":\"2020-08-31T14:20:21+00:00\",\"breadcrumb\":{\"@id\":\"https:\\\/\\\/oderbruchmuseum.de\\\/datenschutzerklaerung\\\/#breadcrumb\"},\"inLanguage\":\"pl-PL\",\"potentialAction\":[{\"@type\":\"ReadAction\",\"target\":[\"https:\\\/\\\/oderbruchmuseum.de\\\/datenschutzerklaerung\\\/\"]}]},{\"@type\":\"BreadcrumbList\",\"@id\":\"https:\\\/\\\/oderbruchmuseum.de\\\/datenschutzerklaerung\\\/#breadcrumb\",\"itemListElement\":[{\"@type\":\"ListItem\",\"position\":1,\"name\":\"Startseite\",\"item\":\"https:\\\/\\\/oderbruchmuseum.de\\\/\"},{\"@type\":\"ListItem\",\"position\":2,\"name\":\"Datenschutzerkl\u00e4rung\"}]},{\"@type\":\"WebSite\",\"@id\":\"https:\\\/\\\/oderbruchmuseum.de\\\/#website\",\"url\":\"https:\\\/\\\/oderbruchmuseum.de\\\/\",\"name\":\"Oderbruchmuseum Altranft\",\"description\":\"Werkstatt f\u00fcr l\u00e4ndliche Kultur\",\"publisher\":{\"@id\":\"https:\\\/\\\/oderbruchmuseum.de\\\/#organization\"},\"potentialAction\":[{\"@type\":\"SearchAction\",\"target\":{\"@type\":\"EntryPoint\",\"urlTemplate\":\"https:\\\/\\\/oderbruchmuseum.de\\\/?s={search_term_string}\"},\"query-input\":{\"@type\":\"PropertyValueSpecification\",\"valueRequired\":true,\"valueName\":\"search_term_string\"}}],\"inLanguage\":\"pl-PL\"},{\"@type\":\"Organization\",\"@id\":\"https:\\\/\\\/oderbruchmuseum.de\\\/#organization\",\"name\":\"Oderbruchmuseum\",\"url\":\"https:\\\/\\\/oderbruchmuseum.de\\\/\",\"logo\":{\"@type\":\"ImageObject\",\"inLanguage\":\"pl-PL\",\"@id\":\"https:\\\/\\\/oderbruchmuseum.de\\\/#\\\/schema\\\/logo\\\/image\\\/\",\"url\":\"https:\\\/\\\/oderbruchmuseum.de\\\/wp-content\\\/uploads\\\/2020\\\/05\\\/rad-oderbruchmuseum.png\",\"contentUrl\":\"https:\\\/\\\/oderbruchmuseum.de\\\/wp-content\\\/uploads\\\/2020\\\/05\\\/rad-oderbruchmuseum.png\",\"width\":487,\"height\":451,\"caption\":\"Oderbruchmuseum\"},\"image\":{\"@id\":\"https:\\\/\\\/oderbruchmuseum.de\\\/#\\\/schema\\\/logo\\\/image\\\/\"},\"sameAs\":[\"https:\\\/\\\/www.facebook.com\\\/oderbruchmuseum\\\/\",\"https:\\\/\\\/www.instagram.com\\\/oderbruchmuseum\\\/\"]}]}<\/script>\n<!-- \/ Yoast SEO plugin. -->","yoast_head_json":{"title":"Polityka prywatno\u015bci - Oderbruch Museum Altranft","robots":{"index":"noindex","follow":"follow"},"og_locale":"pl_PL","og_type":"article","og_title":"Datenschutzerkl\u00e4rung - Oderbruch Museum Altranft","og_description":"Datenschutzerkl\u00e4rung Grundlegendes Die folgenden Hinweise sollen Ihnen einen einfachen \u00dcberblick dar\u00fcber geben, was mit Ihren personenbezogenen Daten passiert, wenn Sie unsere Website besuchen. Personenbezogene Daten sind alle Daten, mit denen Sie pers\u00f6nlich identifiziert werden k\u00f6nnen. Als Betreiber dieser Website nehmen wir den Schutz Ihrer pers\u00f6nlichen Daten sehr ernst. Wir behandeln Ihre personenbezogenen Daten vertraulich und entsprechend der gesetzlichen Datenschutzvorschriften sowie dieser Datenschutzerkl\u00e4rung. Wenn Sie diese Website benutzen, werden verschiedene personenbezogene","og_url":"https:\/\/oderbruchmuseum.de\/pl\/datenschutzerklaerung\/","og_site_name":"Oderbruch Museum Altranft","article_publisher":"https:\/\/www.facebook.com\/oderbruchmuseum\/","article_modified_time":"2020-08-31T14:20:21+00:00","twitter_card":"summary_large_image","twitter_misc":{"Szacowany czas czytania":"7 minut"},"schema":{"@context":"https:\/\/schema.org","@graph":[{"@type":"WebPage","@id":"https:\/\/oderbruchmuseum.de\/datenschutzerklaerung\/","url":"https:\/\/oderbruchmuseum.de\/datenschutzerklaerung\/","name":"Polityka prywatno\u015bci - Oderbruch Museum Altranft","isPartOf":{"@id":"https:\/\/oderbruchmuseum.de\/#website"},"datePublished":"2020-03-18T13:24:52+00:00","dateModified":"2020-08-31T14:20:21+00:00","breadcrumb":{"@id":"https:\/\/oderbruchmuseum.de\/datenschutzerklaerung\/#breadcrumb"},"inLanguage":"pl-PL","potentialAction":[{"@type":"ReadAction","target":["https:\/\/oderbruchmuseum.de\/datenschutzerklaerung\/"]}]},{"@type":"BreadcrumbList","@id":"https:\/\/oderbruchmuseum.de\/datenschutzerklaerung\/#breadcrumb","itemListElement":[{"@type":"ListItem","position":1,"name":"Startseite","item":"https:\/\/oderbruchmuseum.de\/"},{"@type":"ListItem","position":2,"name":"Datenschutzerkl\u00e4rung"}]},{"@type":"WebSite","@id":"https:\/\/oderbruchmuseum.de\/#website","url":"https:\/\/oderbruchmuseum.de\/","name":"Muzeum Oderbruch Altranft","description":"Warsztaty kultury wiejskiej","publisher":{"@id":"https:\/\/oderbruchmuseum.de\/#organization"},"potentialAction":[{"@type":"SearchAction","target":{"@type":"EntryPoint","urlTemplate":"https:\/\/oderbruchmuseum.de\/?s={search_term_string}"},"query-input":{"@type":"PropertyValueSpecification","valueRequired":true,"valueName":"search_term_string"}}],"inLanguage":"pl-PL"},{"@type":"Organization","@id":"https:\/\/oderbruchmuseum.de\/#organization","name":"Muzeum Oderbruch","url":"https:\/\/oderbruchmuseum.de\/","logo":{"@type":"ImageObject","inLanguage":"pl-PL","@id":"https:\/\/oderbruchmuseum.de\/#\/schema\/logo\/image\/","url":"https:\/\/oderbruchmuseum.de\/wp-content\/uploads\/2020\/05\/rad-oderbruchmuseum.png","contentUrl":"https:\/\/oderbruchmuseum.de\/wp-content\/uploads\/2020\/05\/rad-oderbruchmuseum.png","width":487,"height":451,"caption":"Oderbruchmuseum"},"image":{"@id":"https:\/\/oderbruchmuseum.de\/#\/schema\/logo\/image\/"},"sameAs":["https:\/\/www.facebook.com\/oderbruchmuseum\/","https:\/\/www.instagram.com\/oderbruchmuseum\/"]}]}},"jetpack_sharing_enabled":true,"_links":{"self":[{"href":"https:\/\/oderbruchmuseum.de\/pl\/wp-json\/wp\/v2\/pages\/311","targetHints":{"allow":["GET"]}}],"collection":[{"href":"https:\/\/oderbruchmuseum.de\/pl\/wp-json\/wp\/v2\/pages"}],"about":[{"href":"https:\/\/oderbruchmuseum.de\/pl\/wp-json\/wp\/v2\/types\/page"}],"author":[{"embeddable":true,"href":"https:\/\/oderbruchmuseum.de\/pl\/wp-json\/wp\/v2\/users\/1"}],"replies":[{"embeddable":true,"href":"https:\/\/oderbruchmuseum.de\/pl\/wp-json\/wp\/v2\/comments?post=311"}],"version-history":[{"count":0,"href":"https:\/\/oderbruchmuseum.de\/pl\/wp-json\/wp\/v2\/pages\/311\/revisions"}],"wp:attachment":[{"href":"https:\/\/oderbruchmuseum.de\/pl\/wp-json\/wp\/v2\/media?parent=311"}],"curies":[{"name":"wp","href":"https:\/\/api.w.org\/{rel}","templated":true}]}}