{"id":2749,"date":"2020-06-18T12:58:10","date_gmt":"2020-06-18T10:58:10","guid":{"rendered":"http:\/\/test.oderbruchmuseum.de\/?page_id=2749"},"modified":"2025-05-05T12:27:45","modified_gmt":"2025-05-05T10:27:45","slug":"museumsverein","status":"publish","type":"page","link":"https:\/\/oderbruchmuseum.de\/pl\/museumsverein\/","title":{"rendered":"Towarzystwo Muzealne Altranft e.V."},"content":{"rendered":"<div style=\"height:20px\" aria-hidden=\"true\" class=\"wp-block-spacer\"><\/div>\n\n\n\n<div class=\"wp-block-columns is-layout-flex wp-container-core-columns-is-layout-9d6595d7 wp-block-columns-is-layout-flex\">\n<div class=\"wp-block-column is-layout-flow wp-block-column-is-layout-flow\">\n<p>Towarzystwo Muzealne Altranft e.V.<br>Schneiderstr. 18<br>16259 Bad Freienwalde OT Altranft<br><br>0 33 44 - 33 39 11<br><a href=\"mailto:info@oderbruchmuseum.de\">info@oderbruchmuseum.de<\/a><\/p>\n<\/div>\n\n\n\n<div class=\"wp-block-column is-layout-flow wp-block-column-is-layout-flow\">\n<p>Rada Dyrektor\u00f3w<strong>:<\/strong> <br>Vera Wesner i Bernd Neumann<br>Siedziba Stowarzyszenia: <br>Bad Freienwalde OT Altranft<br>Rejestr stowarzysze\u0144: <br>VR 6308 FF S\u0105d lokalny Frankfurt\/O<\/p>\n\n\n\n<p>Sparkasse M\u00e4rkisch Oderland<br>DE61 1705 4040 0020 0437 83, <br>BIC: WELADED1MOL <br><\/p>\n<\/div>\n<\/div>\n\n\n\n<div style=\"height:20px\" aria-hidden=\"true\" class=\"wp-block-spacer\"><\/div>\n\n\n\n<h2 class=\"wp-block-heading\">Cz\u0142onkowie za\u0142o\u017cyciele stowarzyszenia<\/h2>\n\n\n\n<div style=\"height:20px\" aria-hidden=\"true\" class=\"wp-block-spacer\"><\/div>\n\n\n\n<div class=\"wp-block-columns is-layout-flex wp-container-core-columns-is-layout-9d6595d7 wp-block-columns-is-layout-flex\">\n<div class=\"wp-block-column is-vertically-aligned-top is-layout-flow wp-block-column-is-layout-flow\" style=\"flex-basis:48.3%\">\n<div class=\"wp-block-group\"><div class=\"wp-block-group__inner-container is-layout-flow wp-block-group-is-layout-flow\">\n<h3 class=\"wp-block-heading\">Altranfter Traditionsverein e.V.<\/h3>\n\n\n\n<p>Altranfter Traditionsverein e.V.<br>Powiat M\u00e4rkisch-Oderland<br>Miasto Bad Freienwalde (Odra)<\/p>\n\n\n\n<p><\/p>\n\n\n\n<p><\/p>\n\n\n\n<h3 class=\"wp-block-heading\">Rada Doradcza Programu<\/h3>\n<\/div><\/div>\n\n\n\n<p>Christian M\u00fcller-Lorenz, Kulturland Brandenburgia<br>Frank Ecker, Izba Rzemie\u015blnicza Regionu Wschodniej Brandenburgii <br>Reinhard Kampmann, Sparkasse M\u00e4rkisch-Oderland<br>Gernot Schmidt, starosta M\u00e4rkisch-Oderland<br>Katrin Seitz, Ministerstwo Bada\u0144, Nauki i Kultury Kraju Zwi\u0105zkowego Brandenburgia<br>Frank Sch\u00fctz, burmistrz gminy Golzow<br>Jana Frielinghaus, dziennikarka<br>Conny Gebhardt, burmistrz Altranft<\/p>\n<\/div>\n\n\n\n<div class=\"wp-block-column is-layout-flow wp-block-column-is-layout-flow\">\n<h3 class=\"wp-block-heading\">Miasto Bad Freienwalde (Odra)<\/h3>\n\n\n\n<p>Miasto Bad Freienwalde (Odra)<br>Karl-Marx-Strasse 1<br>16259 Bad Freienwalde<br><br>0 33 44 - 41 21 21<br><a href=\"mailto:stadtverwaltung@bad-freienwalde.de\">stadtverwaltung@bad-freienwalde.de<\/a><br><\/p>\n\n\n\n<div class=\"wp-block-group\"><div class=\"wp-block-group__inner-container is-layout-flow wp-block-group-is-layout-flow\">\n<h3 class=\"wp-block-heading\">Akademia Komunikacji Krajobrazowej e.V.<\/h3>\n\n\n\n<p>Akademia Komunikacji Krajobrazowej e.V.<br>Heike Sch\u00f6nherr i prof. dr Uta Steinhardt<br>Croustillier 20<br>16259 Oderaue<br><br>0 33 44 - 30 07 48<\/p>\n<\/div><\/div>\n\n\n\n<p><\/p>\n<\/div>\n<\/div>\n\n\n\n<h3 class=\"wp-block-heading\">Stowarzyszenie na rzecz promocji zatrudnienia i kwalifikacji Bad Freienwalde e.V. (VFBQ)<\/h3>\n\n\n\n<p>Stowarzyszenie Wspierania Zatrudnienia i Kwalifikacji Bad Freienwalde e.V. (VFBQ) zosta\u0142o za\u0142o\u017cone 10 stycznia 1992 roku i od tego czasu dzia\u0142a na rzecz zatrudnienia i edukacji os\u00f3b bezrobotnych. W ci\u0105gu ostatnich 25 lat jego pole dzia\u0142ania bardzo si\u0119 rozszerzy\u0142o, tak \u017ce wsp\u00f3\u0142praca polsko-niemiecka, projekty edukacyjne i inicjatywy samopomocowe nale\u017c\u0105 do jego spektrum.<\/p>\n\n\n\n<p>VFBQ buduje przedsi\u0119biorstwo spo\u0142eczne od 2015 roku. VFBQ towarzyszy muzeum ju\u017c od ponad 20 lat, nadzoruj\u0105c dzia\u0142ania na rzecz promocji pracy, a do\u015bwiadczenie to wykorzysta\u0142a r\u00f3wnie\u017c do zaanga\u017cowania si\u0119 w now\u0105 konfiguracj\u0119 muzeum. Jej uwaga skupia si\u0119 przede wszystkim na kszta\u0142towaniu muzeum jako partnera w zakresie odpowiedzialno\u015bci spo\u0142ecznej.     <br><br>K<strong>ontakt:<\/strong><br>VFBQ Bad Freienwalde e.V.<br>Sabine Baarsch<br>Am Weidendamm 7<br>16259 Bad Freienwalde<br><br>0 33 44 - 33 19 41<br><a href=\"mailto:sekretariat@vfbq.de\">sekretariat@vfbq.de<\/a><\/p>","protected":false},"excerpt":{"rendered":"<p>Museumsverein Altranft e.V.Schneiderstr. 1816259 Bad Freienwalde OT Altranft 0 33 44 - 33 39 11info@oderbruchmuseum.de Zarz\u0105d stowarzyszenia: Vera Wesner i Bernd NeumannSiedziba stowarzyszenia: Bad Freienwalde OT AltranftRejestr stowarzyszenia: VR 6308 FF Amtsgericht Frankfurt\/O Sparkasse M\u00e4rkisch OderlandDE61 1705 4040 0020 0437 83, BIC: WELADED1MOL Cz\u0142onkowie za\u0142o\u017cyciele stowarzyszenia Altranfter Traditionsverein e.V.V. Altranfter Traditionsverein e.V.Powiat M\u00e4rkisch-OderlandMiasto Bad Freienwalde (Oder) Rada Programowa Christian M\u00fcller-Lorenz, Kulturland BrandenburgFrank Ecker, Izba Rzemie\u015blnicza Regionu Ostbrandenburg Reinhard Kampmann, Sparkasse M\u00e4rkisch-OderlandGernot Schmidt, Starosta Powiatu M\u00e4rkisch-OderlandKatrin Seitz,<\/p>","protected":false},"author":1,"featured_media":0,"parent":0,"menu_order":0,"comment_status":"closed","ping_status":"closed","template":"template-centered.php","meta":{"inline_featured_image":false,"footnotes":""},"class_list":["post-2749","page","type-page","status-publish","hentry"],"yoast_head":"<!-- This site is optimized with the Yoast SEO plugin v27.3 - https:\/\/yoast.com\/product\/yoast-seo-wordpress\/ -->\n<title>Museumsverein Altranft e.V. - Oderbruch Museum Altranft<\/title>\n<meta name=\"robots\" content=\"index, follow, max-snippet:-1, max-image-preview:large, max-video-preview:-1\" \/>\n<link rel=\"canonical\" href=\"https:\/\/oderbruchmuseum.de\/pl\/museumsverein\/\" \/>\n<meta property=\"og:locale\" content=\"pl_PL\" \/>\n<meta property=\"og:type\" content=\"article\" \/>\n<meta property=\"og:title\" content=\"Museumsverein Altranft e.V. - Oderbruch Museum Altranft\" \/>\n<meta property=\"og:description\" content=\"Museumsverein Altranft e.V.Schneiderstr. 1816259 Bad Freienwalde OT Altranft 0 33 44 &#8211; 33 39 11info@oderbruchmuseum.de Vereinsvorstand: Vera Wesner und Bernd NeumannVereinssitz: Bad Freienwalde OT AltranftVereinsregister: VR 6308 FF Amtsgericht Frankfurt\/O Sparkasse M\u00e4rkisch OderlandDE61 1705 4040 0020 0437 83, BIC: WELADED1MOL Gr\u00fcndungsmitglieder des Vereins Altranfter Traditionsverein e.V. Altranfter Traditionsverein e.V.Landkreis M\u00e4rkisch-OderlandStadt Bad Freienwalde (Oder) Programmbeirat Christian M\u00fcller-Lorenz, Kulturland BrandenburgFrank Ecker, Handwerkskammer Region Ostbrandenburg Reinhard Kampmann, Sparkasse M\u00e4rkisch-OderlandGernot Schmidt, Landrat M\u00e4rkisch-OderlandKatrin Seitz,\" \/>\n<meta property=\"og:url\" content=\"https:\/\/oderbruchmuseum.de\/pl\/museumsverein\/\" \/>\n<meta property=\"og:site_name\" content=\"Oderbruch Museum Altranft\" \/>\n<meta property=\"article:publisher\" content=\"https:\/\/www.facebook.com\/oderbruchmuseum\/\" \/>\n<meta property=\"article:modified_time\" content=\"2025-05-05T10:27:45+00:00\" \/>\n<meta name=\"twitter:card\" content=\"summary_large_image\" \/>\n<meta name=\"twitter:label1\" content=\"Szacowany czas czytania\" \/>\n\t<meta name=\"twitter:data1\" content=\"2 minuty\" \/>\n<script type=\"application\/ld+json\" class=\"yoast-schema-graph\">{\"@context\":\"https:\\\/\\\/schema.org\",\"@graph\":[{\"@type\":\"WebPage\",\"@id\":\"https:\\\/\\\/oderbruchmuseum.de\\\/museumsverein\\\/\",\"url\":\"https:\\\/\\\/oderbruchmuseum.de\\\/museumsverein\\\/\",\"name\":\"Museumsverein Altranft e.V. - Oderbruch Museum Altranft\",\"isPartOf\":{\"@id\":\"https:\\\/\\\/oderbruchmuseum.de\\\/#website\"},\"datePublished\":\"2020-06-18T10:58:10+00:00\",\"dateModified\":\"2025-05-05T10:27:45+00:00\",\"breadcrumb\":{\"@id\":\"https:\\\/\\\/oderbruchmuseum.de\\\/museumsverein\\\/#breadcrumb\"},\"inLanguage\":\"pl-PL\",\"potentialAction\":[{\"@type\":\"ReadAction\",\"target\":[\"https:\\\/\\\/oderbruchmuseum.de\\\/museumsverein\\\/\"]}]},{\"@type\":\"BreadcrumbList\",\"@id\":\"https:\\\/\\\/oderbruchmuseum.de\\\/museumsverein\\\/#breadcrumb\",\"itemListElement\":[{\"@type\":\"ListItem\",\"position\":1,\"name\":\"Startseite\",\"item\":\"https:\\\/\\\/oderbruchmuseum.de\\\/\"},{\"@type\":\"ListItem\",\"position\":2,\"name\":\"Museumsverein Altranft e.V.\"}]},{\"@type\":\"WebSite\",\"@id\":\"https:\\\/\\\/oderbruchmuseum.de\\\/#website\",\"url\":\"https:\\\/\\\/oderbruchmuseum.de\\\/\",\"name\":\"Oderbruchmuseum Altranft\",\"description\":\"Werkstatt f\u00fcr l\u00e4ndliche Kultur\",\"publisher\":{\"@id\":\"https:\\\/\\\/oderbruchmuseum.de\\\/#organization\"},\"potentialAction\":[{\"@type\":\"SearchAction\",\"target\":{\"@type\":\"EntryPoint\",\"urlTemplate\":\"https:\\\/\\\/oderbruchmuseum.de\\\/?s={search_term_string}\"},\"query-input\":{\"@type\":\"PropertyValueSpecification\",\"valueRequired\":true,\"valueName\":\"search_term_string\"}}],\"inLanguage\":\"pl-PL\"},{\"@type\":\"Organization\",\"@id\":\"https:\\\/\\\/oderbruchmuseum.de\\\/#organization\",\"name\":\"Oderbruchmuseum\",\"url\":\"https:\\\/\\\/oderbruchmuseum.de\\\/\",\"logo\":{\"@type\":\"ImageObject\",\"inLanguage\":\"pl-PL\",\"@id\":\"https:\\\/\\\/oderbruchmuseum.de\\\/#\\\/schema\\\/logo\\\/image\\\/\",\"url\":\"https:\\\/\\\/oderbruchmuseum.de\\\/wp-content\\\/uploads\\\/2020\\\/05\\\/rad-oderbruchmuseum.png\",\"contentUrl\":\"https:\\\/\\\/oderbruchmuseum.de\\\/wp-content\\\/uploads\\\/2020\\\/05\\\/rad-oderbruchmuseum.png\",\"width\":487,\"height\":451,\"caption\":\"Oderbruchmuseum\"},\"image\":{\"@id\":\"https:\\\/\\\/oderbruchmuseum.de\\\/#\\\/schema\\\/logo\\\/image\\\/\"},\"sameAs\":[\"https:\\\/\\\/www.facebook.com\\\/oderbruchmuseum\\\/\",\"https:\\\/\\\/www.instagram.com\\\/oderbruchmuseum\\\/\"]}]}<\/script>\n<!-- \/ Yoast SEO plugin. -->","yoast_head_json":{"title":"Museumsverein Altranft e.V. - Muzeum Oderbruch Altranft","robots":{"index":"index","follow":"follow","max-snippet":"max-snippet:-1","max-image-preview":"max-image-preview:large","max-video-preview":"max-video-preview:-1"},"canonical":"https:\/\/oderbruchmuseum.de\/pl\/museumsverein\/","og_locale":"pl_PL","og_type":"article","og_title":"Museumsverein Altranft e.V. - Oderbruch Museum Altranft","og_description":"Museumsverein Altranft e.V.Schneiderstr. 1816259 Bad Freienwalde OT Altranft 0 33 44 &#8211; 33 39 11info@oderbruchmuseum.de Vereinsvorstand: Vera Wesner und Bernd NeumannVereinssitz: Bad Freienwalde OT AltranftVereinsregister: VR 6308 FF Amtsgericht Frankfurt\/O Sparkasse M\u00e4rkisch OderlandDE61 1705 4040 0020 0437 83, BIC: WELADED1MOL Gr\u00fcndungsmitglieder des Vereins Altranfter Traditionsverein e.V. Altranfter Traditionsverein e.V.Landkreis M\u00e4rkisch-OderlandStadt Bad Freienwalde (Oder) Programmbeirat Christian M\u00fcller-Lorenz, Kulturland BrandenburgFrank Ecker, Handwerkskammer Region Ostbrandenburg Reinhard Kampmann, Sparkasse M\u00e4rkisch-OderlandGernot Schmidt, Landrat M\u00e4rkisch-OderlandKatrin Seitz,","og_url":"https:\/\/oderbruchmuseum.de\/pl\/museumsverein\/","og_site_name":"Oderbruch Museum Altranft","article_publisher":"https:\/\/www.facebook.com\/oderbruchmuseum\/","article_modified_time":"2025-05-05T10:27:45+00:00","twitter_card":"summary_large_image","twitter_misc":{"Szacowany czas czytania":"2 minuty"},"schema":{"@context":"https:\/\/schema.org","@graph":[{"@type":"WebPage","@id":"https:\/\/oderbruchmuseum.de\/museumsverein\/","url":"https:\/\/oderbruchmuseum.de\/museumsverein\/","name":"Museumsverein Altranft e.V. - Muzeum Oderbruch Altranft","isPartOf":{"@id":"https:\/\/oderbruchmuseum.de\/#website"},"datePublished":"2020-06-18T10:58:10+00:00","dateModified":"2025-05-05T10:27:45+00:00","breadcrumb":{"@id":"https:\/\/oderbruchmuseum.de\/museumsverein\/#breadcrumb"},"inLanguage":"pl-PL","potentialAction":[{"@type":"ReadAction","target":["https:\/\/oderbruchmuseum.de\/museumsverein\/"]}]},{"@type":"BreadcrumbList","@id":"https:\/\/oderbruchmuseum.de\/museumsverein\/#breadcrumb","itemListElement":[{"@type":"ListItem","position":1,"name":"Startseite","item":"https:\/\/oderbruchmuseum.de\/"},{"@type":"ListItem","position":2,"name":"Museumsverein Altranft e.V."}]},{"@type":"WebSite","@id":"https:\/\/oderbruchmuseum.de\/#website","url":"https:\/\/oderbruchmuseum.de\/","name":"Muzeum Oderbruch Altranft","description":"Warsztaty kultury wiejskiej","publisher":{"@id":"https:\/\/oderbruchmuseum.de\/#organization"},"potentialAction":[{"@type":"SearchAction","target":{"@type":"EntryPoint","urlTemplate":"https:\/\/oderbruchmuseum.de\/?s={search_term_string}"},"query-input":{"@type":"PropertyValueSpecification","valueRequired":true,"valueName":"search_term_string"}}],"inLanguage":"pl-PL"},{"@type":"Organization","@id":"https:\/\/oderbruchmuseum.de\/#organization","name":"Muzeum Oderbruch","url":"https:\/\/oderbruchmuseum.de\/","logo":{"@type":"ImageObject","inLanguage":"pl-PL","@id":"https:\/\/oderbruchmuseum.de\/#\/schema\/logo\/image\/","url":"https:\/\/oderbruchmuseum.de\/wp-content\/uploads\/2020\/05\/rad-oderbruchmuseum.png","contentUrl":"https:\/\/oderbruchmuseum.de\/wp-content\/uploads\/2020\/05\/rad-oderbruchmuseum.png","width":487,"height":451,"caption":"Oderbruchmuseum"},"image":{"@id":"https:\/\/oderbruchmuseum.de\/#\/schema\/logo\/image\/"},"sameAs":["https:\/\/www.facebook.com\/oderbruchmuseum\/","https:\/\/www.instagram.com\/oderbruchmuseum\/"]}]}},"jetpack_sharing_enabled":true,"_links":{"self":[{"href":"https:\/\/oderbruchmuseum.de\/pl\/wp-json\/wp\/v2\/pages\/2749","targetHints":{"allow":["GET"]}}],"collection":[{"href":"https:\/\/oderbruchmuseum.de\/pl\/wp-json\/wp\/v2\/pages"}],"about":[{"href":"https:\/\/oderbruchmuseum.de\/pl\/wp-json\/wp\/v2\/types\/page"}],"author":[{"embeddable":true,"href":"https:\/\/oderbruchmuseum.de\/pl\/wp-json\/wp\/v2\/users\/1"}],"replies":[{"embeddable":true,"href":"https:\/\/oderbruchmuseum.de\/pl\/wp-json\/wp\/v2\/comments?post=2749"}],"version-history":[{"count":0,"href":"https:\/\/oderbruchmuseum.de\/pl\/wp-json\/wp\/v2\/pages\/2749\/revisions"}],"wp:attachment":[{"href":"https:\/\/oderbruchmuseum.de\/pl\/wp-json\/wp\/v2\/media?parent=2749"}],"curies":[{"name":"wp","href":"https:\/\/api.w.org\/{rel}","templated":true}]}}