{"id":14248,"date":"2025-02-07T13:16:03","date_gmt":"2025-02-07T12:16:03","guid":{"rendered":"https:\/\/oderbruchmuseum.de\/?page_id=14248"},"modified":"2025-02-07T16:03:54","modified_gmt":"2025-02-07T15:03:54","slug":"sammlung","status":"publish","type":"page","link":"https:\/\/oderbruchmuseum.de\/pl\/sammlung\/","title":{"rendered":"Kolekcja"},"content":{"rendered":"<p>Kolekcja Oderbruchmuseum opiera si\u0119 na inwentarzu obiekt\u00f3w poprzedniej instytucji, skansenu Altranft. W latach 2016-2020 dr Michael Fehr i Peter Herbert przeprowadzili gruntown\u0105 rewizj\u0119 kolekcji, a jednocze\u015bnie opracowano now\u0105 koncepcj\u0119 kolekcji, w kt\u00f3rej opisano istniej\u0105ce magazyny i obiekty. <br>Mo\u017cesz znale\u017a\u0107 koncepcj\u0119 kolekcji <strong><a href=\"https:\/\/oderbruchmuseum.de\/wp-content\/uploads\/2018\/03\/2018_M_Doku_Sammlungskonzept.pdf\" target=\"_blank\" rel=\"noreferrer noopener\">tutaj<\/a><\/strong>.<\/p>\n\n\n\n<figure class=\"wp-block-image size-full is-resized\"><a href=\"https:\/\/oderbruchmuseum.de\/wp-content\/uploads\/2018\/03\/2018_M_Doku_Sammlungskonzept.pdf\" target=\"_blank\" rel=\" noreferrer noopener\"><img loading=\"lazy\" decoding=\"async\" width=\"400\" height=\"566\" data-attachment-id=\"14268\" data-permalink=\"https:\/\/oderbruchmuseum.de\/pl\/sammlung\/doku_sammlungskonzept-1\/\" data-orig-file=\"https:\/\/oderbruchmuseum.de\/wp-content\/uploads\/2025\/02\/Doku_Sammlungskonzept-1.png\" data-orig-size=\"400,566\" data-comments-opened=\"0\" data-image-meta=\"{&quot;aperture&quot;:&quot;0&quot;,&quot;credit&quot;:&quot;&quot;,&quot;camera&quot;:&quot;&quot;,&quot;caption&quot;:&quot;&quot;,&quot;created_timestamp&quot;:&quot;0&quot;,&quot;copyright&quot;:&quot;&quot;,&quot;focal_length&quot;:&quot;0&quot;,&quot;iso&quot;:&quot;0&quot;,&quot;shutter_speed&quot;:&quot;0&quot;,&quot;title&quot;:&quot;&quot;,&quot;orientation&quot;:&quot;0&quot;}\" data-image-title=\"Doku_Sammlungskonzept-1\" data-image-description=\"\" data-image-caption=\"\" data-large-file=\"https:\/\/oderbruchmuseum.de\/wp-content\/uploads\/2025\/02\/Doku_Sammlungskonzept-1.png\" src=\"https:\/\/oderbruchmuseum.de\/wp-content\/uploads\/2025\/02\/Doku_Sammlungskonzept-1.png\" alt=\"\" class=\"wp-image-14268\" style=\"width:214px;height:auto\" srcset=\"https:\/\/oderbruchmuseum.de\/wp-content\/uploads\/2025\/02\/Doku_Sammlungskonzept-1.png 400w, https:\/\/oderbruchmuseum.de\/wp-content\/uploads\/2025\/02\/Doku_Sammlungskonzept-1-212x300.png 212w, https:\/\/oderbruchmuseum.de\/wp-content\/uploads\/2025\/02\/Doku_Sammlungskonzept-1-8x12.png 8w\" sizes=\"auto, (max-width: 400px) 100vw, 400px\" \/><\/a><\/figure>\n\n\n\n<div style=\"height:10px\" aria-hidden=\"true\" class=\"wp-block-spacer\"><\/div>\n\n\n\n<p>Od 2016 r. Oderbruchmuseum gromadzi zbiory w spos\u00f3b pow\u015bci\u0105gliwy i z wi\u0119kszym naciskiem na region; gromadzone przedmioty powinny by\u0107 wyprodukowane w Oderbruch lub mie\u0107 tutaj kontekst u\u017cytkowania. Od czasu rewizji pojawi\u0142a si\u0119 wi\u0119ksza kolekcja artefakt\u00f3w, kt\u00f3re mo\u017cna wykorzysta\u0107 w projektach artystycznych lub edukacyjnych. Nieruchomo\u015bci muzeum - centralna kolekcja obiekt\u00f3w skansenu z <strong><a href=\"https:\/\/oderbruchmuseum.de\/pl\/schloss-2\/\">Dw\u00f3r (zamek)<\/a><\/strong>, <strong><a href=\"https:\/\/oderbruchmuseum.de\/pl\/schmiede\/\">Podw\u00f3rko kowala<\/a><\/strong>, <strong><a href=\"https:\/\/oderbruchmuseum.de\/pl\/berg-schmidt-hof\/\">Gospodarstwo (Berg-Schmidt-Hof)<\/a><\/strong> oraz <strong><a href=\"https:\/\/oderbruchmuseum.de\/pl\/fischerhaus\/\">Dom robotnika rolnego (dom rybaka)<\/a><\/strong> - zosta\u0142y zachowane i dalej rozwijane.<\/p>\n\n\n\n<p>W kolekcji znajduj\u0105 si\u0119 r\u00f3wnie\u017c wybrane obiekty z niedawnej przesz\u0142o\u015bci. Jedyna sta\u0142a, systematyczna dzia\u0142alno\u015b\u0107 kolekcjonerska odbywa si\u0119 w ramach projektu edukacyjnego <strong><a href=\"https:\/\/oderbruchmuseum.de\/pl\/heimatarbeit\/\">Praca w ojczy\u017anie<\/a><\/strong> To tutaj co roku gromadzone s\u0105 przedmioty ze \u015bwiata pracy w Oderbruch w specjalnym \"Mitgebselsammlung\".<\/p>\n\n\n\n<p>Kluczow\u0105 rol\u0119 odgrywa ci\u0105g\u0142a ekspozycja oraz wsp\u00f3lne zrozumienie i zarz\u0105dzanie kolekcj\u0105. To w\u0142a\u015bnie jest celem <strong><a href=\"https:\/\/oderbruchmuseum.de\/pl\/studiolo\/\">Studiolo<\/a><\/strong> w zamku i <strong><a href=\"https:\/\/oderbruchmuseum.de\/pl\/ziegelscheune\/\" target=\"_blank\" rel=\"noreferrer noopener\">Zajezdnia pokazowa w Berg-Schmidt-Hof<\/a><\/strong>. Zajezdnia w Schmiedegeh\u00f6ft jest r\u00f3wnie\u017c wielokrotnie otwierana i prezentowana. <\/p>\n\n\n\n<p>W 2024 r. Muzeum Oderbruch przej\u0119\u0142o posiad\u0142o\u015b\u0107 poety Gustava Sch\u00fclera i utworzy\u0142o og\u00f3lnodost\u0119pn\u0105 ekspozycj\u0119. <strong><a href=\"https:\/\/oderbruchmuseum.de\/pl\/herrenzimmer\/\">Archiwum<\/a><\/strong> w.<\/p>\n\n\n\n<figure class=\"wp-block-gallery has-nested-images columns-default is-cropped wp-block-gallery-1 is-layout-flex wp-block-gallery-is-layout-flex\">\n<figure class=\"wp-block-image size-full\"><img loading=\"lazy\" decoding=\"async\" width=\"1000\" height=\"667\" data-attachment-id=\"14259\" data-permalink=\"https:\/\/oderbruchmuseum.de\/pl\/sammlung\/unbenannt-27-131\/\" data-orig-file=\"https:\/\/oderbruchmuseum.de\/wp-content\/uploads\/2025\/02\/unbenannt-27-131-.webp\" data-orig-size=\"1000,667\" data-comments-opened=\"0\" data-image-meta=\"{&quot;aperture&quot;:&quot;0&quot;,&quot;credit&quot;:&quot;&quot;,&quot;camera&quot;:&quot;&quot;,&quot;caption&quot;:&quot;&quot;,&quot;created_timestamp&quot;:&quot;0&quot;,&quot;copyright&quot;:&quot;&quot;,&quot;focal_length&quot;:&quot;0&quot;,&quot;iso&quot;:&quot;0&quot;,&quot;shutter_speed&quot;:&quot;0&quot;,&quot;title&quot;:&quot;&quot;,&quot;orientation&quot;:&quot;0&quot;}\" data-image-title=\"Regalwand Studiolo\" data-image-description=\"\" data-image-caption=\"\" data-large-file=\"https:\/\/oderbruchmuseum.de\/wp-content\/uploads\/2025\/02\/unbenannt-27-131-.webp\" data-id=\"14259\" src=\"https:\/\/oderbruchmuseum.de\/wp-content\/uploads\/2025\/02\/unbenannt-27-131-.webp\" alt=\"\" class=\"wp-image-14259\" srcset=\"https:\/\/oderbruchmuseum.de\/wp-content\/uploads\/2025\/02\/unbenannt-27-131-.webp 1000w, https:\/\/oderbruchmuseum.de\/wp-content\/uploads\/2025\/02\/unbenannt-27-131--300x200.webp 300w, https:\/\/oderbruchmuseum.de\/wp-content\/uploads\/2025\/02\/unbenannt-27-131--768x512.webp 768w, https:\/\/oderbruchmuseum.de\/wp-content\/uploads\/2025\/02\/unbenannt-27-131--18x12.webp 18w\" sizes=\"auto, (max-width: 1000px) 100vw, 1000px\" \/><\/figure>\n\n\n\n<figure class=\"wp-block-image size-full\"><img loading=\"lazy\" decoding=\"async\" width=\"500\" height=\"750\" data-attachment-id=\"14254\" data-permalink=\"https:\/\/oderbruchmuseum.de\/pl\/sammlung\/sammlung-300dpi-copyright-oderbruchmuseum-alex-schirmer-17\/\" data-orig-file=\"https:\/\/oderbruchmuseum.de\/wp-content\/uploads\/2025\/02\/Sammlung-300dpi-copyright-oderbruchmuseum-alex-schirmer-17.webp\" data-orig-size=\"500,750\" data-comments-opened=\"0\" data-image-meta=\"{&quot;aperture&quot;:&quot;0&quot;,&quot;credit&quot;:&quot;&quot;,&quot;camera&quot;:&quot;&quot;,&quot;caption&quot;:&quot;&quot;,&quot;created_timestamp&quot;:&quot;0&quot;,&quot;copyright&quot;:&quot;&quot;,&quot;focal_length&quot;:&quot;0&quot;,&quot;iso&quot;:&quot;0&quot;,&quot;shutter_speed&quot;:&quot;0&quot;,&quot;title&quot;:&quot;&quot;,&quot;orientation&quot;:&quot;0&quot;}\" data-image-title=\"Sammlungsst\u00fcck\" data-image-description=\"\" data-image-caption=\"\" data-large-file=\"https:\/\/oderbruchmuseum.de\/wp-content\/uploads\/2025\/02\/Sammlung-300dpi-copyright-oderbruchmuseum-alex-schirmer-17.webp\" data-id=\"14254\" src=\"https:\/\/oderbruchmuseum.de\/wp-content\/uploads\/2025\/02\/Sammlung-300dpi-copyright-oderbruchmuseum-alex-schirmer-17.webp\" alt=\"\" class=\"wp-image-14254\" srcset=\"https:\/\/oderbruchmuseum.de\/wp-content\/uploads\/2025\/02\/Sammlung-300dpi-copyright-oderbruchmuseum-alex-schirmer-17.webp 500w, https:\/\/oderbruchmuseum.de\/wp-content\/uploads\/2025\/02\/Sammlung-300dpi-copyright-oderbruchmuseum-alex-schirmer-17-200x300.webp 200w, https:\/\/oderbruchmuseum.de\/wp-content\/uploads\/2025\/02\/Sammlung-300dpi-copyright-oderbruchmuseum-alex-schirmer-17-8x12.webp 8w\" sizes=\"auto, (max-width: 500px) 100vw, 500px\" \/><\/figure>\n\n\n\n<figure class=\"wp-block-image size-full\"><img loading=\"lazy\" decoding=\"async\" width=\"800\" height=\"626\" data-attachment-id=\"14289\" data-permalink=\"https:\/\/oderbruchmuseum.de\/pl\/sammlung\/schueler\/\" data-orig-file=\"https:\/\/oderbruchmuseum.de\/wp-content\/uploads\/2025\/02\/schueler.jpg\" data-orig-size=\"800,626\" data-comments-opened=\"0\" data-image-meta=\"{&quot;aperture&quot;:&quot;0&quot;,&quot;credit&quot;:&quot;&quot;,&quot;camera&quot;:&quot;&quot;,&quot;caption&quot;:&quot;&quot;,&quot;created_timestamp&quot;:&quot;0&quot;,&quot;copyright&quot;:&quot;&quot;,&quot;focal_length&quot;:&quot;0&quot;,&quot;iso&quot;:&quot;0&quot;,&quot;shutter_speed&quot;:&quot;0&quot;,&quot;title&quot;:&quot;&quot;,&quot;orientation&quot;:&quot;0&quot;}\" data-image-title=\"Archiv Gustav Sch\u00fcler\" data-image-description=\"\" data-image-caption=\"\" data-large-file=\"https:\/\/oderbruchmuseum.de\/wp-content\/uploads\/2025\/02\/schueler.jpg\" data-id=\"14289\" src=\"https:\/\/oderbruchmuseum.de\/wp-content\/uploads\/2025\/02\/schueler.jpg\" alt=\"\" class=\"wp-image-14289\" srcset=\"https:\/\/oderbruchmuseum.de\/wp-content\/uploads\/2025\/02\/schueler.jpg 800w, https:\/\/oderbruchmuseum.de\/wp-content\/uploads\/2025\/02\/schueler-300x235.jpg 300w, https:\/\/oderbruchmuseum.de\/wp-content\/uploads\/2025\/02\/schueler-768x601.jpg 768w, https:\/\/oderbruchmuseum.de\/wp-content\/uploads\/2025\/02\/schueler-15x12.jpg 15w\" sizes=\"auto, (max-width: 800px) 100vw, 800px\" \/><\/figure>\n<\/figure>\n\n\n\n<p>Mened\u017cerem kolekcji jest Nadja Hirsch: <a href=\"mailto:n.hirsch@oderbruchmuseum.de\">n.hirsch@oderbruchmuseum.de<\/a><\/p>\n\n\n\n<p>Opr\u00f3cz samego muzeum, muzeum jest zaanga\u017cowane w dialog z innymi muzeami w Brandenburgii, zw\u0142aszcza z miejscami dziedzictwa kulturowego Oderbruch.<\/p>\n\n\n\n<p>Ponadto odnosimy si\u0119 do \"<strong><a href=\"https:\/\/www.brandenburg-sammelt.de\/\" target=\"_blank\" rel=\"noreferrer noopener\">Brandenburgia zbiera<\/a><\/strong>\", platforma internetowa po\u015bwi\u0119cona dziedzictwu kulturowemu muze\u00f3w w Brandenburgii. Poznaj najwa\u017cniejsze kolekcje lub odkryj interesuj\u0105ce tematy wprowadzaj\u0105ce.<\/p>\n\n\n\n<p><em>Dalsza lektura: Kenneth Anders (2021): Kolekcjonowanie publiczne. Pr\u00f3by rozwi\u0105za\u0144 przestrzennych w Oderbruch Museum Altranft. W: Czasopisma muzealne. Komunikaty Stowarzyszenia Muze\u00f3w Brandenburgii, lipiec 2021: 14-17<\/em><\/p>","protected":false},"excerpt":{"rendered":"<p>Kolekcja Oderbruchmuseum opiera si\u0119 na inwentarzu obiekt\u00f3w poprzedniej instytucji, skansenu Altranft. W latach 2016-2020 dr Michael Fehr i Peter Herbert przeprowadzili gruntown\u0105 rewizj\u0119 kolekcji, a jednocze\u015bnie opracowano now\u0105 koncepcj\u0119 kolekcji, w kt\u00f3rej opisano istniej\u0105ce magazyny i obiekty. Koncepcj\u0119 kolekcji mo\u017cna znale\u017a\u0107 tutaj. Od 2016 r. Oderbruchmuseum gromadzi zbiory w spos\u00f3b pow\u015bci\u0105gliwy i z wi\u0119kszym naciskiem na region; w\u0142\u0105czone obiekty maj\u0105 by\u0107 wyprodukowane lub nabyte w regionie Oderbruch.<\/p>","protected":false},"author":1,"featured_media":14259,"parent":0,"menu_order":0,"comment_status":"closed","ping_status":"closed","template":"","meta":{"inline_featured_image":false,"footnotes":""},"class_list":["post-14248","page","type-page","status-publish","has-post-thumbnail","hentry"],"yoast_head":"<!-- This site is optimized with the Yoast SEO plugin v27.5 - https:\/\/yoast.com\/product\/yoast-seo-wordpress\/ -->\n<title>Sammlung - Oderbruch Museum Altranft<\/title>\n<meta name=\"description\" content=\"Seit 2016 wird am Oderbruchmuseum zur\u00fcckhaltend und mit einem st\u00e4rkeren regionalen Bezug gesammelt, die aufgenommenen Objekte sollen im Oderbruch hergestellt bzw. hier einen Verwendungszusammenhang gehabt haben.\" \/>\n<meta name=\"robots\" content=\"index, follow, max-snippet:-1, max-image-preview:large, max-video-preview:-1\" \/>\n<link rel=\"canonical\" href=\"https:\/\/oderbruchmuseum.de\/pl\/sammlung\/\" \/>\n<meta property=\"og:locale\" content=\"pl_PL\" \/>\n<meta property=\"og:type\" content=\"article\" \/>\n<meta property=\"og:title\" content=\"Sammlung - Oderbruch Museum Altranft\" \/>\n<meta property=\"og:description\" content=\"Seit 2016 wird am Oderbruchmuseum zur\u00fcckhaltend und mit einem st\u00e4rkeren regionalen Bezug gesammelt, die aufgenommenen Objekte sollen im Oderbruch hergestellt bzw. hier einen Verwendungszusammenhang gehabt haben.\" \/>\n<meta property=\"og:url\" content=\"https:\/\/oderbruchmuseum.de\/pl\/sammlung\/\" \/>\n<meta property=\"og:site_name\" content=\"Oderbruch Museum Altranft\" \/>\n<meta property=\"article:publisher\" content=\"https:\/\/www.facebook.com\/oderbruchmuseum\/\" \/>\n<meta property=\"article:modified_time\" content=\"2025-02-07T15:03:54+00:00\" \/>\n<meta property=\"og:image\" content=\"https:\/\/oderbruchmuseum.de\/wp-content\/uploads\/2025\/02\/unbenannt-27-131-.webp\" \/>\n\t<meta property=\"og:image:width\" content=\"1000\" \/>\n\t<meta property=\"og:image:height\" content=\"667\" \/>\n\t<meta property=\"og:image:type\" content=\"image\/webp\" \/>\n<meta name=\"twitter:card\" content=\"summary_large_image\" \/>\n<meta name=\"twitter:label1\" content=\"Szacowany czas czytania\" \/>\n\t<meta name=\"twitter:data1\" content=\"3 minuty\" \/>\n<script type=\"application\/ld+json\" class=\"yoast-schema-graph\">{\"@context\":\"https:\\\/\\\/schema.org\",\"@graph\":[{\"@type\":\"WebPage\",\"@id\":\"https:\\\/\\\/oderbruchmuseum.de\\\/sammlung\\\/\",\"url\":\"https:\\\/\\\/oderbruchmuseum.de\\\/sammlung\\\/\",\"name\":\"Sammlung - Oderbruch Museum Altranft\",\"isPartOf\":{\"@id\":\"https:\\\/\\\/oderbruchmuseum.de\\\/#website\"},\"primaryImageOfPage\":{\"@id\":\"https:\\\/\\\/oderbruchmuseum.de\\\/sammlung\\\/#primaryimage\"},\"image\":{\"@id\":\"https:\\\/\\\/oderbruchmuseum.de\\\/sammlung\\\/#primaryimage\"},\"thumbnailUrl\":\"https:\\\/\\\/oderbruchmuseum.de\\\/wp-content\\\/uploads\\\/2025\\\/02\\\/unbenannt-27-131-.webp\",\"datePublished\":\"2025-02-07T12:16:03+00:00\",\"dateModified\":\"2025-02-07T15:03:54+00:00\",\"description\":\"Seit 2016 wird am Oderbruchmuseum zur\u00fcckhaltend und mit einem st\u00e4rkeren regionalen Bezug gesammelt, die aufgenommenen Objekte sollen im Oderbruch hergestellt bzw. hier einen Verwendungszusammenhang gehabt haben.\",\"breadcrumb\":{\"@id\":\"https:\\\/\\\/oderbruchmuseum.de\\\/sammlung\\\/#breadcrumb\"},\"inLanguage\":\"pl-PL\",\"potentialAction\":[{\"@type\":\"ReadAction\",\"target\":[\"https:\\\/\\\/oderbruchmuseum.de\\\/sammlung\\\/\"]}]},{\"@type\":\"ImageObject\",\"inLanguage\":\"pl-PL\",\"@id\":\"https:\\\/\\\/oderbruchmuseum.de\\\/sammlung\\\/#primaryimage\",\"url\":\"https:\\\/\\\/oderbruchmuseum.de\\\/wp-content\\\/uploads\\\/2025\\\/02\\\/unbenannt-27-131-.webp\",\"contentUrl\":\"https:\\\/\\\/oderbruchmuseum.de\\\/wp-content\\\/uploads\\\/2025\\\/02\\\/unbenannt-27-131-.webp\",\"width\":1000,\"height\":667},{\"@type\":\"BreadcrumbList\",\"@id\":\"https:\\\/\\\/oderbruchmuseum.de\\\/sammlung\\\/#breadcrumb\",\"itemListElement\":[{\"@type\":\"ListItem\",\"position\":1,\"name\":\"Startseite\",\"item\":\"https:\\\/\\\/oderbruchmuseum.de\\\/\"},{\"@type\":\"ListItem\",\"position\":2,\"name\":\"Sammlung\"}]},{\"@type\":\"WebSite\",\"@id\":\"https:\\\/\\\/oderbruchmuseum.de\\\/#website\",\"url\":\"https:\\\/\\\/oderbruchmuseum.de\\\/\",\"name\":\"Oderbruchmuseum Altranft\",\"description\":\"Werkstatt f\u00fcr l\u00e4ndliche Kultur\",\"publisher\":{\"@id\":\"https:\\\/\\\/oderbruchmuseum.de\\\/#organization\"},\"potentialAction\":[{\"@type\":\"SearchAction\",\"target\":{\"@type\":\"EntryPoint\",\"urlTemplate\":\"https:\\\/\\\/oderbruchmuseum.de\\\/?s={search_term_string}\"},\"query-input\":{\"@type\":\"PropertyValueSpecification\",\"valueRequired\":true,\"valueName\":\"search_term_string\"}}],\"inLanguage\":\"pl-PL\"},{\"@type\":\"Organization\",\"@id\":\"https:\\\/\\\/oderbruchmuseum.de\\\/#organization\",\"name\":\"Oderbruchmuseum\",\"url\":\"https:\\\/\\\/oderbruchmuseum.de\\\/\",\"logo\":{\"@type\":\"ImageObject\",\"inLanguage\":\"pl-PL\",\"@id\":\"https:\\\/\\\/oderbruchmuseum.de\\\/#\\\/schema\\\/logo\\\/image\\\/\",\"url\":\"https:\\\/\\\/oderbruchmuseum.de\\\/wp-content\\\/uploads\\\/2020\\\/05\\\/rad-oderbruchmuseum.png\",\"contentUrl\":\"https:\\\/\\\/oderbruchmuseum.de\\\/wp-content\\\/uploads\\\/2020\\\/05\\\/rad-oderbruchmuseum.png\",\"width\":487,\"height\":451,\"caption\":\"Oderbruchmuseum\"},\"image\":{\"@id\":\"https:\\\/\\\/oderbruchmuseum.de\\\/#\\\/schema\\\/logo\\\/image\\\/\"},\"sameAs\":[\"https:\\\/\\\/www.facebook.com\\\/oderbruchmuseum\\\/\",\"https:\\\/\\\/www.instagram.com\\\/oderbruchmuseum\\\/\"]}]}<\/script>\n<!-- \/ Yoast SEO plugin. -->","yoast_head_json":{"title":"Kolekcja - Muzeum Oderbruch Altranft","description":"Od 2016 r. Oderbruchmuseum gromadzi zbiory w spos\u00f3b pow\u015bci\u0105gliwy i z wi\u0119kszym naciskiem na region; gromadzone przedmioty powinny by\u0107 wyprodukowane w Oderbruch lub mie\u0107 tutaj kontekst u\u017cytkowania.","robots":{"index":"index","follow":"follow","max-snippet":"max-snippet:-1","max-image-preview":"max-image-preview:large","max-video-preview":"max-video-preview:-1"},"canonical":"https:\/\/oderbruchmuseum.de\/pl\/sammlung\/","og_locale":"pl_PL","og_type":"article","og_title":"Sammlung - Oderbruch Museum Altranft","og_description":"Seit 2016 wird am Oderbruchmuseum zur\u00fcckhaltend und mit einem st\u00e4rkeren regionalen Bezug gesammelt, die aufgenommenen Objekte sollen im Oderbruch hergestellt bzw. hier einen Verwendungszusammenhang gehabt haben.","og_url":"https:\/\/oderbruchmuseum.de\/pl\/sammlung\/","og_site_name":"Oderbruch Museum Altranft","article_publisher":"https:\/\/www.facebook.com\/oderbruchmuseum\/","article_modified_time":"2025-02-07T15:03:54+00:00","og_image":[{"width":1000,"height":667,"url":"https:\/\/oderbruchmuseum.de\/wp-content\/uploads\/2025\/02\/unbenannt-27-131-.webp","type":"image\/webp"}],"twitter_card":"summary_large_image","twitter_misc":{"Szacowany czas czytania":"3 minuty"},"schema":{"@context":"https:\/\/schema.org","@graph":[{"@type":"WebPage","@id":"https:\/\/oderbruchmuseum.de\/sammlung\/","url":"https:\/\/oderbruchmuseum.de\/sammlung\/","name":"Kolekcja - Muzeum Oderbruch Altranft","isPartOf":{"@id":"https:\/\/oderbruchmuseum.de\/#website"},"primaryImageOfPage":{"@id":"https:\/\/oderbruchmuseum.de\/sammlung\/#primaryimage"},"image":{"@id":"https:\/\/oderbruchmuseum.de\/sammlung\/#primaryimage"},"thumbnailUrl":"https:\/\/oderbruchmuseum.de\/wp-content\/uploads\/2025\/02\/unbenannt-27-131-.webp","datePublished":"2025-02-07T12:16:03+00:00","dateModified":"2025-02-07T15:03:54+00:00","description":"Od 2016 r. Oderbruchmuseum gromadzi zbiory w spos\u00f3b pow\u015bci\u0105gliwy i z wi\u0119kszym naciskiem na region; gromadzone przedmioty powinny by\u0107 wyprodukowane w Oderbruch lub mie\u0107 tutaj kontekst u\u017cytkowania.","breadcrumb":{"@id":"https:\/\/oderbruchmuseum.de\/sammlung\/#breadcrumb"},"inLanguage":"pl-PL","potentialAction":[{"@type":"ReadAction","target":["https:\/\/oderbruchmuseum.de\/sammlung\/"]}]},{"@type":"ImageObject","inLanguage":"pl-PL","@id":"https:\/\/oderbruchmuseum.de\/sammlung\/#primaryimage","url":"https:\/\/oderbruchmuseum.de\/wp-content\/uploads\/2025\/02\/unbenannt-27-131-.webp","contentUrl":"https:\/\/oderbruchmuseum.de\/wp-content\/uploads\/2025\/02\/unbenannt-27-131-.webp","width":1000,"height":667},{"@type":"BreadcrumbList","@id":"https:\/\/oderbruchmuseum.de\/sammlung\/#breadcrumb","itemListElement":[{"@type":"ListItem","position":1,"name":"Startseite","item":"https:\/\/oderbruchmuseum.de\/"},{"@type":"ListItem","position":2,"name":"Sammlung"}]},{"@type":"WebSite","@id":"https:\/\/oderbruchmuseum.de\/#website","url":"https:\/\/oderbruchmuseum.de\/","name":"Muzeum Oderbruch Altranft","description":"Warsztaty kultury wiejskiej","publisher":{"@id":"https:\/\/oderbruchmuseum.de\/#organization"},"potentialAction":[{"@type":"SearchAction","target":{"@type":"EntryPoint","urlTemplate":"https:\/\/oderbruchmuseum.de\/?s={search_term_string}"},"query-input":{"@type":"PropertyValueSpecification","valueRequired":true,"valueName":"search_term_string"}}],"inLanguage":"pl-PL"},{"@type":"Organization","@id":"https:\/\/oderbruchmuseum.de\/#organization","name":"Muzeum Oderbruch","url":"https:\/\/oderbruchmuseum.de\/","logo":{"@type":"ImageObject","inLanguage":"pl-PL","@id":"https:\/\/oderbruchmuseum.de\/#\/schema\/logo\/image\/","url":"https:\/\/oderbruchmuseum.de\/wp-content\/uploads\/2020\/05\/rad-oderbruchmuseum.png","contentUrl":"https:\/\/oderbruchmuseum.de\/wp-content\/uploads\/2020\/05\/rad-oderbruchmuseum.png","width":487,"height":451,"caption":"Oderbruchmuseum"},"image":{"@id":"https:\/\/oderbruchmuseum.de\/#\/schema\/logo\/image\/"},"sameAs":["https:\/\/www.facebook.com\/oderbruchmuseum\/","https:\/\/www.instagram.com\/oderbruchmuseum\/"]}]}},"jetpack_sharing_enabled":true,"_links":{"self":[{"href":"https:\/\/oderbruchmuseum.de\/pl\/wp-json\/wp\/v2\/pages\/14248","targetHints":{"allow":["GET"]}}],"collection":[{"href":"https:\/\/oderbruchmuseum.de\/pl\/wp-json\/wp\/v2\/pages"}],"about":[{"href":"https:\/\/oderbruchmuseum.de\/pl\/wp-json\/wp\/v2\/types\/page"}],"author":[{"embeddable":true,"href":"https:\/\/oderbruchmuseum.de\/pl\/wp-json\/wp\/v2\/users\/1"}],"replies":[{"embeddable":true,"href":"https:\/\/oderbruchmuseum.de\/pl\/wp-json\/wp\/v2\/comments?post=14248"}],"version-history":[{"count":0,"href":"https:\/\/oderbruchmuseum.de\/pl\/wp-json\/wp\/v2\/pages\/14248\/revisions"}],"wp:featuredmedia":[{"embeddable":true,"href":"https:\/\/oderbruchmuseum.de\/pl\/wp-json\/wp\/v2\/media\/14259"}],"wp:attachment":[{"href":"https:\/\/oderbruchmuseum.de\/pl\/wp-json\/wp\/v2\/media?parent=14248"}],"curies":[{"name":"wp","href":"https:\/\/api.w.org\/{rel}","templated":true}]}}