{"id":1352,"date":"2020-06-03T14:21:40","date_gmt":"2020-06-03T12:21:40","guid":{"rendered":"http:\/\/test.oderbruchmuseum.de\/?page_id=1352"},"modified":"2023-02-10T10:24:20","modified_gmt":"2023-02-10T09:24:20","slug":"museum-digital","status":"publish","type":"page","link":"https:\/\/oderbruchmuseum.de\/pl\/museum-digital\/","title":{"rendered":"Media i pobieranie"},"content":{"rendered":"<div style=\"height:30px\" aria-hidden=\"true\" class=\"wp-block-spacer\"><\/div>\n\n\n\n<p>Tutaj znajdziesz nasze cyfrowe oferty dla domu<\/p>\n\n\n\n<div style=\"height:20px\" aria-hidden=\"true\" class=\"wp-block-spacer\"><\/div>\n\n\n\n<div class=\"wp-block-columns is-layout-flex wp-container-core-columns-is-layout-9d6595d7 wp-block-columns-is-layout-flex\">\n<div class=\"wp-block-column is-layout-flow wp-block-column-is-layout-flow\">\n<div class=\"wp-block-group\"><div class=\"wp-block-group__inner-container is-layout-flow wp-block-group-is-layout-flow\">\n<figure class=\"wp-block-image size-large is-resized\"><a href=\"https:\/\/oderbruchmuseum.de\/pl\/offene-werkstatt-online\/\"><img loading=\"lazy\" decoding=\"async\" data-attachment-id=\"5905\" data-permalink=\"https:\/\/oderbruchmuseum.de\/pl\/museum-digital\/13_druckerpressepink-tif\/\" data-orig-file=\"https:\/\/oderbruchmuseum.de\/wp-content\/uploads\/2020\/08\/13_druckerpressepink.tif.svg\" data-orig-size=\"192,207\" data-comments-opened=\"0\" data-image-meta=\"[]\" data-image-title=\"13_druckerpressepink.tif\" data-image-description=\"\" data-image-caption=\"\" data-large-file=\"https:\/\/oderbruchmuseum.de\/wp-content\/uploads\/2020\/08\/13_druckerpressepink.tif.svg\" src=\"https:\/\/oderbruchmuseum.de\/wp-content\/uploads\/2020\/08\/13_druckerpressepink.tif.svg\" alt=\"Druckerpresse als Link zur Offenenwerksatt Digital\" class=\"wp-image-5905\" width=\"171\" height=\"184\"\/><\/a><\/figure>\n\n\n\n<h2 class=\"wp-block-heading\"><a href=\"https:\/\/oderbruchmuseum.de\/pl\/offene-werkstatt-online\/\">Otwarty warsztat cyfrowy<\/a><\/h2>\n\n\n\n<p>Tutoriale i inspiracje<\/p>\n<\/div><\/div>\n<\/div>\n\n\n\n<div class=\"wp-block-column is-layout-flow wp-block-column-is-layout-flow\">\n<figure class=\"wp-block-image size-large is-resized\"><a href=\"https:\/\/oderbruchmuseum.de\/pl\/museums-podcast\/\"><img loading=\"lazy\" decoding=\"async\" data-attachment-id=\"3895\" data-permalink=\"https:\/\/oderbruchmuseum.de\/pl\/offene-werkstatt-online\/kopfhoerer-2\/\" data-orig-file=\"https:\/\/oderbruchmuseum.de\/wp-content\/uploads\/2020\/06\/kopfhoerer-1.svg\" data-orig-size=\"192,174\" data-comments-opened=\"0\" data-image-meta=\"[]\" data-image-title=\"kopfhoerer\" data-image-description=\"\" data-image-caption=\"\" data-large-file=\"https:\/\/oderbruchmuseum.de\/wp-content\/uploads\/2020\/06\/kopfhoerer-1.svg\" src=\"https:\/\/oderbruchmuseum.de\/wp-content\/uploads\/2020\/06\/kopfhoerer-1.svg\" alt=\"Kopfh\u00f6rer als link zu den Podcast\" class=\"wp-image-3895\" width=\"205\" height=\"187\"\/><\/a><\/figure>\n\n\n\n<h2 class=\"wp-block-heading\"><a href=\"https:\/\/oderbruchmuseum.de\/pl\/museums-podcast\/\">Podcast<\/a><\/h2>\n\n\n\n<p>Pos\u0142uchaj Muzeum<\/p>\n<\/div>\n\n\n\n<div class=\"wp-block-column is-layout-flow wp-block-column-is-layout-flow\">\n<figure class=\"wp-block-image size-large is-resized\"><a href=\"https:\/\/oderbruchmuseum.de\/pl\/info-material\/\"><img loading=\"lazy\" decoding=\"async\" data-attachment-id=\"3916\" data-permalink=\"https:\/\/oderbruchmuseum.de\/pl\/museum-digital\/4buecher\/\" data-orig-file=\"https:\/\/oderbruchmuseum.de\/wp-content\/uploads\/2020\/06\/4buecher.svg\" data-orig-size=\"105,96\" data-comments-opened=\"0\" data-image-meta=\"[]\" data-image-title=\"4buecher\" data-image-description=\"\" data-image-caption=\"\" data-large-file=\"https:\/\/oderbruchmuseum.de\/wp-content\/uploads\/2020\/06\/4buecher.svg\" src=\"https:\/\/oderbruchmuseum.de\/wp-content\/uploads\/2020\/06\/4buecher.svg\" alt=\"B\u00fccher als link zur Bibliothek\" class=\"wp-image-3916\" width=\"201\" height=\"184\"\/><\/a><\/figure>\n\n\n\n<h2 class=\"wp-block-heading\"><a href=\"https:\/\/oderbruchmuseum.de\/pl\/info-material\/\">Biblioteka do pobrania<\/a><\/h2>\n\n\n\n<p>Przegl\u0105daj nasze publikacje.<\/p>\n<\/div>\n<\/div>\n\n\n\n<p><\/p>","protected":false},"excerpt":{"rendered":"<p>Tutaj znajdziesz nasze cyfrowe oferty dla domu Otwarty warsztat cyfrowy Samouczki i inspiracje Podcast Pos\u0142uchaj muzeum Pobierz bibliotek\u0119 Przegl\u0105daj nasze publikacje.<\/p>","protected":false},"author":1,"featured_media":5889,"parent":0,"menu_order":0,"comment_status":"closed","ping_status":"closed","template":"template-fullwidth.php","meta":{"inline_featured_image":false,"footnotes":""},"class_list":["post-1352","page","type-page","status-publish","has-post-thumbnail","hentry"],"yoast_head":"<!-- This site is optimized with the Yoast SEO plugin v27.3 - https:\/\/yoast.com\/product\/yoast-seo-wordpress\/ -->\n<title>Medien und Download - Oderbruch Museum Altranft<\/title>\n<meta name=\"description\" content=\"Hier finden Sie die digitalen Angebote des Oderbruch Museum. Podcast, Werkstatt -Tutorials, Downloads.\" \/>\n<meta name=\"robots\" content=\"index, follow, max-snippet:-1, max-image-preview:large, max-video-preview:-1\" \/>\n<link rel=\"canonical\" href=\"https:\/\/oderbruchmuseum.de\/pl\/museum-digital\/\" \/>\n<meta property=\"og:locale\" content=\"pl_PL\" \/>\n<meta property=\"og:type\" content=\"article\" \/>\n<meta property=\"og:title\" content=\"Medien und Download - Oderbruch Museum Altranft\" \/>\n<meta property=\"og:description\" content=\"Hier finden Sie die digitalen Angebote des Oderbruch Museum. Podcast, Werkstatt -Tutorials, Downloads.\" \/>\n<meta property=\"og:url\" content=\"https:\/\/oderbruchmuseum.de\/pl\/museum-digital\/\" \/>\n<meta property=\"og:site_name\" content=\"Oderbruch Museum Altranft\" \/>\n<meta property=\"article:publisher\" content=\"https:\/\/www.facebook.com\/oderbruchmuseum\/\" \/>\n<meta property=\"article:modified_time\" content=\"2023-02-10T09:24:20+00:00\" \/>\n<meta property=\"og:image\" content=\"https:\/\/oderbruchmuseum.de\/wp-content\/uploads\/2020\/08\/18_kopfhoerer_blau_farbe.png\" \/>\n\t<meta property=\"og:image:width\" content=\"300\" \/>\n\t<meta property=\"og:image:height\" content=\"274\" \/>\n\t<meta property=\"og:image:type\" content=\"image\/png\" \/>\n<meta name=\"twitter:card\" content=\"summary_large_image\" \/>\n<meta name=\"twitter:label1\" content=\"Szacowany czas czytania\" \/>\n\t<meta name=\"twitter:data1\" content=\"1 minuta\" \/>\n<script type=\"application\/ld+json\" class=\"yoast-schema-graph\">{\"@context\":\"https:\\\/\\\/schema.org\",\"@graph\":[{\"@type\":\"WebPage\",\"@id\":\"https:\\\/\\\/oderbruchmuseum.de\\\/museum-digital\\\/\",\"url\":\"https:\\\/\\\/oderbruchmuseum.de\\\/museum-digital\\\/\",\"name\":\"Medien und Download - Oderbruch Museum Altranft\",\"isPartOf\":{\"@id\":\"https:\\\/\\\/oderbruchmuseum.de\\\/#website\"},\"primaryImageOfPage\":{\"@id\":\"https:\\\/\\\/oderbruchmuseum.de\\\/museum-digital\\\/#primaryimage\"},\"image\":{\"@id\":\"https:\\\/\\\/oderbruchmuseum.de\\\/museum-digital\\\/#primaryimage\"},\"thumbnailUrl\":\"https:\\\/\\\/oderbruchmuseum.de\\\/wp-content\\\/uploads\\\/2020\\\/08\\\/18_kopfhoerer_blau_farbe.png\",\"datePublished\":\"2020-06-03T12:21:40+00:00\",\"dateModified\":\"2023-02-10T09:24:20+00:00\",\"description\":\"Hier finden Sie die digitalen Angebote des Oderbruch Museum. Podcast, Werkstatt -Tutorials, Downloads.\",\"breadcrumb\":{\"@id\":\"https:\\\/\\\/oderbruchmuseum.de\\\/museum-digital\\\/#breadcrumb\"},\"inLanguage\":\"pl-PL\",\"potentialAction\":[{\"@type\":\"ReadAction\",\"target\":[\"https:\\\/\\\/oderbruchmuseum.de\\\/museum-digital\\\/\"]}]},{\"@type\":\"ImageObject\",\"inLanguage\":\"pl-PL\",\"@id\":\"https:\\\/\\\/oderbruchmuseum.de\\\/museum-digital\\\/#primaryimage\",\"url\":\"https:\\\/\\\/oderbruchmuseum.de\\\/wp-content\\\/uploads\\\/2020\\\/08\\\/18_kopfhoerer_blau_farbe.png\",\"contentUrl\":\"https:\\\/\\\/oderbruchmuseum.de\\\/wp-content\\\/uploads\\\/2020\\\/08\\\/18_kopfhoerer_blau_farbe.png\",\"width\":300,\"height\":274},{\"@type\":\"BreadcrumbList\",\"@id\":\"https:\\\/\\\/oderbruchmuseum.de\\\/museum-digital\\\/#breadcrumb\",\"itemListElement\":[{\"@type\":\"ListItem\",\"position\":1,\"name\":\"Startseite\",\"item\":\"https:\\\/\\\/oderbruchmuseum.de\\\/\"},{\"@type\":\"ListItem\",\"position\":2,\"name\":\"Medien und Download\"}]},{\"@type\":\"WebSite\",\"@id\":\"https:\\\/\\\/oderbruchmuseum.de\\\/#website\",\"url\":\"https:\\\/\\\/oderbruchmuseum.de\\\/\",\"name\":\"Oderbruchmuseum Altranft\",\"description\":\"Werkstatt f\u00fcr l\u00e4ndliche Kultur\",\"publisher\":{\"@id\":\"https:\\\/\\\/oderbruchmuseum.de\\\/#organization\"},\"potentialAction\":[{\"@type\":\"SearchAction\",\"target\":{\"@type\":\"EntryPoint\",\"urlTemplate\":\"https:\\\/\\\/oderbruchmuseum.de\\\/?s={search_term_string}\"},\"query-input\":{\"@type\":\"PropertyValueSpecification\",\"valueRequired\":true,\"valueName\":\"search_term_string\"}}],\"inLanguage\":\"pl-PL\"},{\"@type\":\"Organization\",\"@id\":\"https:\\\/\\\/oderbruchmuseum.de\\\/#organization\",\"name\":\"Oderbruchmuseum\",\"url\":\"https:\\\/\\\/oderbruchmuseum.de\\\/\",\"logo\":{\"@type\":\"ImageObject\",\"inLanguage\":\"pl-PL\",\"@id\":\"https:\\\/\\\/oderbruchmuseum.de\\\/#\\\/schema\\\/logo\\\/image\\\/\",\"url\":\"https:\\\/\\\/oderbruchmuseum.de\\\/wp-content\\\/uploads\\\/2020\\\/05\\\/rad-oderbruchmuseum.png\",\"contentUrl\":\"https:\\\/\\\/oderbruchmuseum.de\\\/wp-content\\\/uploads\\\/2020\\\/05\\\/rad-oderbruchmuseum.png\",\"width\":487,\"height\":451,\"caption\":\"Oderbruchmuseum\"},\"image\":{\"@id\":\"https:\\\/\\\/oderbruchmuseum.de\\\/#\\\/schema\\\/logo\\\/image\\\/\"},\"sameAs\":[\"https:\\\/\\\/www.facebook.com\\\/oderbruchmuseum\\\/\",\"https:\\\/\\\/www.instagram.com\\\/oderbruchmuseum\\\/\"]}]}<\/script>\n<!-- \/ Yoast SEO plugin. -->","yoast_head_json":{"title":"Media i pobieranie - Muzeum Oderbruch Altranft","description":"Tutaj znajdziesz cyfrow\u0105 ofert\u0119 Muzeum Oderbruch. Podcast, samouczki warsztatowe, pliki do pobrania.","robots":{"index":"index","follow":"follow","max-snippet":"max-snippet:-1","max-image-preview":"max-image-preview:large","max-video-preview":"max-video-preview:-1"},"canonical":"https:\/\/oderbruchmuseum.de\/pl\/museum-digital\/","og_locale":"pl_PL","og_type":"article","og_title":"Medien und Download - Oderbruch Museum Altranft","og_description":"Hier finden Sie die digitalen Angebote des Oderbruch Museum. Podcast, Werkstatt -Tutorials, Downloads.","og_url":"https:\/\/oderbruchmuseum.de\/pl\/museum-digital\/","og_site_name":"Oderbruch Museum Altranft","article_publisher":"https:\/\/www.facebook.com\/oderbruchmuseum\/","article_modified_time":"2023-02-10T09:24:20+00:00","og_image":[{"width":300,"height":274,"url":"https:\/\/oderbruchmuseum.de\/wp-content\/uploads\/2020\/08\/18_kopfhoerer_blau_farbe.png","type":"image\/png"}],"twitter_card":"summary_large_image","twitter_misc":{"Szacowany czas czytania":"1 minuta"},"schema":{"@context":"https:\/\/schema.org","@graph":[{"@type":"WebPage","@id":"https:\/\/oderbruchmuseum.de\/museum-digital\/","url":"https:\/\/oderbruchmuseum.de\/museum-digital\/","name":"Media i pobieranie - Muzeum Oderbruch Altranft","isPartOf":{"@id":"https:\/\/oderbruchmuseum.de\/#website"},"primaryImageOfPage":{"@id":"https:\/\/oderbruchmuseum.de\/museum-digital\/#primaryimage"},"image":{"@id":"https:\/\/oderbruchmuseum.de\/museum-digital\/#primaryimage"},"thumbnailUrl":"https:\/\/oderbruchmuseum.de\/wp-content\/uploads\/2020\/08\/18_kopfhoerer_blau_farbe.png","datePublished":"2020-06-03T12:21:40+00:00","dateModified":"2023-02-10T09:24:20+00:00","description":"Tutaj znajdziesz cyfrow\u0105 ofert\u0119 Muzeum Oderbruch. Podcast, samouczki warsztatowe, pliki do pobrania.","breadcrumb":{"@id":"https:\/\/oderbruchmuseum.de\/museum-digital\/#breadcrumb"},"inLanguage":"pl-PL","potentialAction":[{"@type":"ReadAction","target":["https:\/\/oderbruchmuseum.de\/museum-digital\/"]}]},{"@type":"ImageObject","inLanguage":"pl-PL","@id":"https:\/\/oderbruchmuseum.de\/museum-digital\/#primaryimage","url":"https:\/\/oderbruchmuseum.de\/wp-content\/uploads\/2020\/08\/18_kopfhoerer_blau_farbe.png","contentUrl":"https:\/\/oderbruchmuseum.de\/wp-content\/uploads\/2020\/08\/18_kopfhoerer_blau_farbe.png","width":300,"height":274},{"@type":"BreadcrumbList","@id":"https:\/\/oderbruchmuseum.de\/museum-digital\/#breadcrumb","itemListElement":[{"@type":"ListItem","position":1,"name":"Startseite","item":"https:\/\/oderbruchmuseum.de\/"},{"@type":"ListItem","position":2,"name":"Medien und Download"}]},{"@type":"WebSite","@id":"https:\/\/oderbruchmuseum.de\/#website","url":"https:\/\/oderbruchmuseum.de\/","name":"Muzeum Oderbruch Altranft","description":"Warsztaty kultury wiejskiej","publisher":{"@id":"https:\/\/oderbruchmuseum.de\/#organization"},"potentialAction":[{"@type":"SearchAction","target":{"@type":"EntryPoint","urlTemplate":"https:\/\/oderbruchmuseum.de\/?s={search_term_string}"},"query-input":{"@type":"PropertyValueSpecification","valueRequired":true,"valueName":"search_term_string"}}],"inLanguage":"pl-PL"},{"@type":"Organization","@id":"https:\/\/oderbruchmuseum.de\/#organization","name":"Muzeum Oderbruch","url":"https:\/\/oderbruchmuseum.de\/","logo":{"@type":"ImageObject","inLanguage":"pl-PL","@id":"https:\/\/oderbruchmuseum.de\/#\/schema\/logo\/image\/","url":"https:\/\/oderbruchmuseum.de\/wp-content\/uploads\/2020\/05\/rad-oderbruchmuseum.png","contentUrl":"https:\/\/oderbruchmuseum.de\/wp-content\/uploads\/2020\/05\/rad-oderbruchmuseum.png","width":487,"height":451,"caption":"Oderbruchmuseum"},"image":{"@id":"https:\/\/oderbruchmuseum.de\/#\/schema\/logo\/image\/"},"sameAs":["https:\/\/www.facebook.com\/oderbruchmuseum\/","https:\/\/www.instagram.com\/oderbruchmuseum\/"]}]}},"jetpack_sharing_enabled":true,"_links":{"self":[{"href":"https:\/\/oderbruchmuseum.de\/pl\/wp-json\/wp\/v2\/pages\/1352","targetHints":{"allow":["GET"]}}],"collection":[{"href":"https:\/\/oderbruchmuseum.de\/pl\/wp-json\/wp\/v2\/pages"}],"about":[{"href":"https:\/\/oderbruchmuseum.de\/pl\/wp-json\/wp\/v2\/types\/page"}],"author":[{"embeddable":true,"href":"https:\/\/oderbruchmuseum.de\/pl\/wp-json\/wp\/v2\/users\/1"}],"replies":[{"embeddable":true,"href":"https:\/\/oderbruchmuseum.de\/pl\/wp-json\/wp\/v2\/comments?post=1352"}],"version-history":[{"count":0,"href":"https:\/\/oderbruchmuseum.de\/pl\/wp-json\/wp\/v2\/pages\/1352\/revisions"}],"wp:featuredmedia":[{"embeddable":true,"href":"https:\/\/oderbruchmuseum.de\/pl\/wp-json\/wp\/v2\/media\/5889"}],"wp:attachment":[{"href":"https:\/\/oderbruchmuseum.de\/pl\/wp-json\/wp\/v2\/media?parent=1352"}],"curies":[{"name":"wp","href":"https:\/\/api.w.org\/{rel}","templated":true}]}}