{"id":1319,"date":"2020-06-03T13:00:39","date_gmt":"2020-06-03T11:00:39","guid":{"rendered":"http:\/\/test.oderbruchmuseum.de\/?page_id=1319"},"modified":"2023-03-30T15:34:03","modified_gmt":"2023-03-30T13:34:03","slug":"talk-walk","status":"publish","type":"page","link":"https:\/\/oderbruchmuseum.de\/pl\/talk-walk\/","title":{"rendered":"Talk Walk"},"content":{"rendered":"<h2 class=\"wp-block-heading\"><strong>Specjalny spacer po wsi<\/strong><\/h2>\n\n\n\n<p>Ten spacer audio prowadzi przez czasy wsi Altranft i \u015bledzi powa\u017cne przekszta\u0142cenia z niegdy\u015b samodzielnej wsi rolniczej w dzielnic\u0119 miasta Bad Freienwalde. Prowadzi od historycznych budynk\u00f3w do starego maj\u0105tku w centrum wsi, obok dworca kolejowego, przez osiedle dom\u00f3w jednorodzinnych do parku przemys\u0142owego na po\u0142udniowym skraju wsi, dzisiejszego centrum gospodarczego. W wybranych miejscach na trasie ludzie w rozmowie daj\u0105 wgl\u0105d w histori\u0119 i tera\u017aniejszo\u015b\u0107 wsi.<\/p>\n\n\n\n<div class=\"wp-block-buttons has-custom-font-size is-layout-flex wp-block-buttons-is-layout-flex\" style=\"font-size:15px\">\n<div class=\"wp-block-button\"><a class=\"wp-block-button__link wp-element-button\" href=\"https:\/\/guidemate.com\/guides\/5bca2be2e687cf41a597bbc2?selectedGuideLocale=de_DE\" target=\"_blank\" rel=\"noreferrer noopener\">&gt;&gt;talk walk&lt;&lt;<\/a><\/div>\n<\/div>\n\n\n\n<p><mark style=\"background-color:rgba(0, 0, 0, 0)\" class=\"has-inline-color has-primary-color\"><strong>Z<\/strong>:<\/mark> Kenneth Anders; Axel Anklam; Bruno B\u00fcrger; Isa David; Bj\u00f6rn Ferch; Lars Fischer; <br>Anne Hartmann; Thomas Klopsch; Ralf Lehmann, Antonius van Leeuwen; Charlotte Marten; Bernd Neumann; Christoph Nickel; Jan Paepke; Heinz Raeck; J\u00f6rg Schleinitz; Karl-Heinz Schwoch; G\u00fcnther Wartenberg;<\/p>\n\n\n\n<p><strong><mark style=\"background-color:rgba(0, 0, 0, 0)\" class=\"has-inline-color has-primary-color\">Re\u017cyseria i zdj\u0119cia:<\/mark> <\/strong>Bertram Weisshaar, Atelier Latent; 2018. www.atelier-latent.de <br><strong><mark style=\"background-color:rgba(0, 0, 0, 0)\" class=\"has-inline-color has-primary-color\">Brzmienie:<\/mark> <\/strong>Martin Klingeberg<\/p>\n\n\n\n<p><strong><span class=\"has-inline-color has-primary-color\">Miejsce startu:<\/span> <\/strong>Na zamku (poza godzinami otwarcia przy bramie wej\u015bciowej do parku zamkowego) <br><strong><span class=\"has-inline-color has-primary-color\">D\u0142ugo\u015b\u0107 trasy:<\/span> <\/strong>ok. 4,7 km. Czas trwania: ok. 3 godz.<br><\/p>\n\n\n\n<div class=\"wp-block-media-text alignwide is-stacked-on-mobile\"><figure class=\"wp-block-media-text__media\"><img loading=\"lazy\" decoding=\"async\" width=\"800\" height=\"500\" data-attachment-id=\"2793\" data-permalink=\"https:\/\/oderbruchmuseum.de\/pl\/talk-walk\/talkwalk\/\" data-orig-file=\"https:\/\/oderbruchmuseum.de\/wp-content\/uploads\/2020\/06\/talkwalk.jpg\" data-orig-size=\"800,500\" data-comments-opened=\"0\" data-image-meta=\"{&quot;aperture&quot;:&quot;0&quot;,&quot;credit&quot;:&quot;&quot;,&quot;camera&quot;:&quot;&quot;,&quot;caption&quot;:&quot;&quot;,&quot;created_timestamp&quot;:&quot;0&quot;,&quot;copyright&quot;:&quot;Alex \\&quot;Pop\\&quot; Schirmer&quot;,&quot;focal_length&quot;:&quot;0&quot;,&quot;iso&quot;:&quot;0&quot;,&quot;shutter_speed&quot;:&quot;0&quot;,&quot;title&quot;:&quot;&quot;,&quot;orientation&quot;:&quot;0&quot;}\" data-image-title=\"talkwalk\" data-image-description=\"\" data-image-caption=\"&lt;p&gt;Foto Alex Schirmer&lt;\/p&gt;\" data-medium-file=\"https:\/\/oderbruchmuseum.de\/wp-content\/uploads\/2020\/06\/talkwalk-300x188.jpg\" data-large-file=\"https:\/\/oderbruchmuseum.de\/wp-content\/uploads\/2020\/06\/talkwalk.jpg\" src=\"https:\/\/oderbruchmuseum.de\/wp-content\/uploads\/2020\/06\/talkwalk.jpg\" alt=\"Das Zeichen f\u00fcr die H\u00f6rstation\" class=\"wp-image-2793 size-full\" srcset=\"https:\/\/oderbruchmuseum.de\/wp-content\/uploads\/2020\/06\/talkwalk.jpg 800w, https:\/\/oderbruchmuseum.de\/wp-content\/uploads\/2020\/06\/talkwalk-300x188.jpg 300w, https:\/\/oderbruchmuseum.de\/wp-content\/uploads\/2020\/06\/talkwalk-768x480.jpg 768w\" sizes=\"auto, (max-width: 800px) 100vw, 800px\" \/><\/figure><div class=\"wp-block-media-text__content\">\n<p>Pracownicy muzeum wyja\u015bni\u0105 szczeg\u00f3\u0142y techniczne zwi\u0105zane z odnalezieniem stacji ods\u0142uchowych i dost\u0119pem do poszczeg\u00f3lnych historii za pomoc\u0105 smartfona lub odtwarzacza mp3.<\/p>\n<\/div><\/div>\n\n\n\n<p><br>Zeskanuj kod QR za pomoc\u0105 swojego smartfona i pobierz <a href=\"https:\/\/oderbruchmuseum.de\/wp-content\/uploads\/2020\/09\/2018_TalkWalk_Altranft.zip\">TALK WALK Altranft jako plik ZIP.<\/a> Po rozpakowaniu pliku otrzymasz wszystkie pliki audio oraz map\u0119 do spaceru. Darmowe programy do rozpakowywania plik\u00f3w ZIP i skanowania kod\u00f3w QR dost\u0119pne s\u0105 w wybranym appstore.<br><a href=\"https:\/\/oderbruchmuseum.de\/wp-content\/uploads\/2020\/09\/2018_TalkWalk_Altranft.zip\"><strong>&gt;&gt; Pobierz plik ZIP<\/strong><\/a><\/p>\n\n\n\n<div style=\"height:20px\" aria-hidden=\"true\" class=\"wp-block-spacer\"><\/div>","protected":false},"excerpt":{"rendered":"<p>Ten spacer audio prowadzi przez histori\u0119 wsi Altranft i \u015bledzi znacz\u0105c\u0105 transformacj\u0119 z niegdy\u015b niezale\u017cnej wioski rolniczej w dzielnic\u0119 miasta Bad Freienwalde. Prowadzi od historycznych budynk\u00f3w do starego dworu w centrum wsi, przez stacj\u0119 kolejow\u0105, osiedle domk\u00f3w jednorodzinnych do parku przemys\u0142owego na po\u0142udniowym skraju wsi, dzisiejszego centrum gospodarczego. W wybranych miejscach na trasie ludzie opowiadaj\u0105 o swoim \u017cyciu i pracy.<\/p>","protected":false},"author":1,"featured_media":0,"parent":0,"menu_order":0,"comment_status":"closed","ping_status":"closed","template":"","meta":{"inline_featured_image":false,"footnotes":""},"class_list":["post-1319","page","type-page","status-publish","hentry"],"yoast_head":"<!-- This site is optimized with the Yoast SEO plugin v27.3 - https:\/\/yoast.com\/product\/yoast-seo-wordpress\/ -->\n<title>Talk Walk - Oderbruch Museum Altranft<\/title>\n<meta name=\"robots\" content=\"index, follow, max-snippet:-1, max-image-preview:large, max-video-preview:-1\" \/>\n<link rel=\"canonical\" href=\"https:\/\/oderbruchmuseum.de\/pl\/talk-walk\/\" \/>\n<meta property=\"og:locale\" content=\"pl_PL\" \/>\n<meta property=\"og:type\" content=\"article\" \/>\n<meta property=\"og:title\" content=\"Talk Walk - Oderbruch Museum Altranft\" \/>\n<meta property=\"og:description\" content=\"Ein besonderer Dorfspaziergang Dieser Audio-Spaziergang unternimmt einen Gang durch die Zeiten des Dorfes Altranft und zeichnet den gravierenden Wandel vom einst eigenst\u00e4ndigen Gutsbauerndorf zu einem Ortsteil der Stadt Bad Freienwalde nach. Er f\u00fchrt von den historischen Geb\u00e4uden \u00fcber den alten Gutshof in der Dorfmitte vorbei am Bahnhof durch eine Einfamilienhaussiedlung bis zum Gewerbepark am s\u00fcdlichen Dorfrand, dem heutigen \u00f6konomischen Mittelpunkt. An ausgesuchten Orten entlang des Weges geben Menschen im Gespr\u00e4ch\" \/>\n<meta property=\"og:url\" content=\"https:\/\/oderbruchmuseum.de\/pl\/talk-walk\/\" \/>\n<meta property=\"og:site_name\" content=\"Oderbruch Museum Altranft\" \/>\n<meta property=\"article:publisher\" content=\"https:\/\/www.facebook.com\/oderbruchmuseum\/\" \/>\n<meta property=\"article:modified_time\" content=\"2023-03-30T13:34:03+00:00\" \/>\n<meta property=\"og:image\" content=\"https:\/\/oderbruchmuseum.de\/wp-content\/uploads\/2020\/06\/talkwalk.jpg\" \/>\n<meta name=\"twitter:card\" content=\"summary_large_image\" \/>\n<meta name=\"twitter:label1\" content=\"Szacowany czas czytania\" \/>\n\t<meta name=\"twitter:data1\" content=\"2 minuty\" \/>\n<script type=\"application\/ld+json\" class=\"yoast-schema-graph\">{\"@context\":\"https:\\\/\\\/schema.org\",\"@graph\":[{\"@type\":\"WebPage\",\"@id\":\"https:\\\/\\\/oderbruchmuseum.de\\\/talk-walk\\\/\",\"url\":\"https:\\\/\\\/oderbruchmuseum.de\\\/talk-walk\\\/\",\"name\":\"Talk Walk - Oderbruch Museum Altranft\",\"isPartOf\":{\"@id\":\"https:\\\/\\\/oderbruchmuseum.de\\\/#website\"},\"primaryImageOfPage\":{\"@id\":\"https:\\\/\\\/oderbruchmuseum.de\\\/talk-walk\\\/#primaryimage\"},\"image\":{\"@id\":\"https:\\\/\\\/oderbruchmuseum.de\\\/talk-walk\\\/#primaryimage\"},\"thumbnailUrl\":\"https:\\\/\\\/oderbruchmuseum.de\\\/wp-content\\\/uploads\\\/2020\\\/06\\\/talkwalk.jpg\",\"datePublished\":\"2020-06-03T11:00:39+00:00\",\"dateModified\":\"2023-03-30T13:34:03+00:00\",\"breadcrumb\":{\"@id\":\"https:\\\/\\\/oderbruchmuseum.de\\\/talk-walk\\\/#breadcrumb\"},\"inLanguage\":\"pl-PL\",\"potentialAction\":[{\"@type\":\"ReadAction\",\"target\":[\"https:\\\/\\\/oderbruchmuseum.de\\\/talk-walk\\\/\"]}]},{\"@type\":\"ImageObject\",\"inLanguage\":\"pl-PL\",\"@id\":\"https:\\\/\\\/oderbruchmuseum.de\\\/talk-walk\\\/#primaryimage\",\"url\":\"https:\\\/\\\/oderbruchmuseum.de\\\/wp-content\\\/uploads\\\/2020\\\/06\\\/talkwalk.jpg\",\"contentUrl\":\"https:\\\/\\\/oderbruchmuseum.de\\\/wp-content\\\/uploads\\\/2020\\\/06\\\/talkwalk.jpg\"},{\"@type\":\"BreadcrumbList\",\"@id\":\"https:\\\/\\\/oderbruchmuseum.de\\\/talk-walk\\\/#breadcrumb\",\"itemListElement\":[{\"@type\":\"ListItem\",\"position\":1,\"name\":\"Startseite\",\"item\":\"https:\\\/\\\/oderbruchmuseum.de\\\/\"},{\"@type\":\"ListItem\",\"position\":2,\"name\":\"Talk Walk\"}]},{\"@type\":\"WebSite\",\"@id\":\"https:\\\/\\\/oderbruchmuseum.de\\\/#website\",\"url\":\"https:\\\/\\\/oderbruchmuseum.de\\\/\",\"name\":\"Oderbruchmuseum Altranft\",\"description\":\"Werkstatt f\u00fcr l\u00e4ndliche Kultur\",\"publisher\":{\"@id\":\"https:\\\/\\\/oderbruchmuseum.de\\\/#organization\"},\"potentialAction\":[{\"@type\":\"SearchAction\",\"target\":{\"@type\":\"EntryPoint\",\"urlTemplate\":\"https:\\\/\\\/oderbruchmuseum.de\\\/?s={search_term_string}\"},\"query-input\":{\"@type\":\"PropertyValueSpecification\",\"valueRequired\":true,\"valueName\":\"search_term_string\"}}],\"inLanguage\":\"pl-PL\"},{\"@type\":\"Organization\",\"@id\":\"https:\\\/\\\/oderbruchmuseum.de\\\/#organization\",\"name\":\"Oderbruchmuseum\",\"url\":\"https:\\\/\\\/oderbruchmuseum.de\\\/\",\"logo\":{\"@type\":\"ImageObject\",\"inLanguage\":\"pl-PL\",\"@id\":\"https:\\\/\\\/oderbruchmuseum.de\\\/#\\\/schema\\\/logo\\\/image\\\/\",\"url\":\"https:\\\/\\\/oderbruchmuseum.de\\\/wp-content\\\/uploads\\\/2020\\\/05\\\/rad-oderbruchmuseum.png\",\"contentUrl\":\"https:\\\/\\\/oderbruchmuseum.de\\\/wp-content\\\/uploads\\\/2020\\\/05\\\/rad-oderbruchmuseum.png\",\"width\":487,\"height\":451,\"caption\":\"Oderbruchmuseum\"},\"image\":{\"@id\":\"https:\\\/\\\/oderbruchmuseum.de\\\/#\\\/schema\\\/logo\\\/image\\\/\"},\"sameAs\":[\"https:\\\/\\\/www.facebook.com\\\/oderbruchmuseum\\\/\",\"https:\\\/\\\/www.instagram.com\\\/oderbruchmuseum\\\/\"]}]}<\/script>\n<!-- \/ Yoast SEO plugin. -->","yoast_head_json":{"title":"Talk Walk - Muzeum Oderbruch Altranft","robots":{"index":"index","follow":"follow","max-snippet":"max-snippet:-1","max-image-preview":"max-image-preview:large","max-video-preview":"max-video-preview:-1"},"canonical":"https:\/\/oderbruchmuseum.de\/pl\/talk-walk\/","og_locale":"pl_PL","og_type":"article","og_title":"Talk Walk - Oderbruch Museum Altranft","og_description":"Ein besonderer Dorfspaziergang Dieser Audio-Spaziergang unternimmt einen Gang durch die Zeiten des Dorfes Altranft und zeichnet den gravierenden Wandel vom einst eigenst\u00e4ndigen Gutsbauerndorf zu einem Ortsteil der Stadt Bad Freienwalde nach. Er f\u00fchrt von den historischen Geb\u00e4uden \u00fcber den alten Gutshof in der Dorfmitte vorbei am Bahnhof durch eine Einfamilienhaussiedlung bis zum Gewerbepark am s\u00fcdlichen Dorfrand, dem heutigen \u00f6konomischen Mittelpunkt. An ausgesuchten Orten entlang des Weges geben Menschen im Gespr\u00e4ch","og_url":"https:\/\/oderbruchmuseum.de\/pl\/talk-walk\/","og_site_name":"Oderbruch Museum Altranft","article_publisher":"https:\/\/www.facebook.com\/oderbruchmuseum\/","article_modified_time":"2023-03-30T13:34:03+00:00","og_image":[{"url":"https:\/\/oderbruchmuseum.de\/wp-content\/uploads\/2020\/06\/talkwalk.jpg","type":"","width":"","height":""}],"twitter_card":"summary_large_image","twitter_misc":{"Szacowany czas czytania":"2 minuty"},"schema":{"@context":"https:\/\/schema.org","@graph":[{"@type":"WebPage","@id":"https:\/\/oderbruchmuseum.de\/talk-walk\/","url":"https:\/\/oderbruchmuseum.de\/talk-walk\/","name":"Talk Walk - Muzeum Oderbruch Altranft","isPartOf":{"@id":"https:\/\/oderbruchmuseum.de\/#website"},"primaryImageOfPage":{"@id":"https:\/\/oderbruchmuseum.de\/talk-walk\/#primaryimage"},"image":{"@id":"https:\/\/oderbruchmuseum.de\/talk-walk\/#primaryimage"},"thumbnailUrl":"https:\/\/oderbruchmuseum.de\/wp-content\/uploads\/2020\/06\/talkwalk.jpg","datePublished":"2020-06-03T11:00:39+00:00","dateModified":"2023-03-30T13:34:03+00:00","breadcrumb":{"@id":"https:\/\/oderbruchmuseum.de\/talk-walk\/#breadcrumb"},"inLanguage":"pl-PL","potentialAction":[{"@type":"ReadAction","target":["https:\/\/oderbruchmuseum.de\/talk-walk\/"]}]},{"@type":"ImageObject","inLanguage":"pl-PL","@id":"https:\/\/oderbruchmuseum.de\/talk-walk\/#primaryimage","url":"https:\/\/oderbruchmuseum.de\/wp-content\/uploads\/2020\/06\/talkwalk.jpg","contentUrl":"https:\/\/oderbruchmuseum.de\/wp-content\/uploads\/2020\/06\/talkwalk.jpg"},{"@type":"BreadcrumbList","@id":"https:\/\/oderbruchmuseum.de\/talk-walk\/#breadcrumb","itemListElement":[{"@type":"ListItem","position":1,"name":"Startseite","item":"https:\/\/oderbruchmuseum.de\/"},{"@type":"ListItem","position":2,"name":"Talk Walk"}]},{"@type":"WebSite","@id":"https:\/\/oderbruchmuseum.de\/#website","url":"https:\/\/oderbruchmuseum.de\/","name":"Muzeum Oderbruch Altranft","description":"Warsztaty kultury wiejskiej","publisher":{"@id":"https:\/\/oderbruchmuseum.de\/#organization"},"potentialAction":[{"@type":"SearchAction","target":{"@type":"EntryPoint","urlTemplate":"https:\/\/oderbruchmuseum.de\/?s={search_term_string}"},"query-input":{"@type":"PropertyValueSpecification","valueRequired":true,"valueName":"search_term_string"}}],"inLanguage":"pl-PL"},{"@type":"Organization","@id":"https:\/\/oderbruchmuseum.de\/#organization","name":"Muzeum Oderbruch","url":"https:\/\/oderbruchmuseum.de\/","logo":{"@type":"ImageObject","inLanguage":"pl-PL","@id":"https:\/\/oderbruchmuseum.de\/#\/schema\/logo\/image\/","url":"https:\/\/oderbruchmuseum.de\/wp-content\/uploads\/2020\/05\/rad-oderbruchmuseum.png","contentUrl":"https:\/\/oderbruchmuseum.de\/wp-content\/uploads\/2020\/05\/rad-oderbruchmuseum.png","width":487,"height":451,"caption":"Oderbruchmuseum"},"image":{"@id":"https:\/\/oderbruchmuseum.de\/#\/schema\/logo\/image\/"},"sameAs":["https:\/\/www.facebook.com\/oderbruchmuseum\/","https:\/\/www.instagram.com\/oderbruchmuseum\/"]}]}},"jetpack_sharing_enabled":true,"_links":{"self":[{"href":"https:\/\/oderbruchmuseum.de\/pl\/wp-json\/wp\/v2\/pages\/1319","targetHints":{"allow":["GET"]}}],"collection":[{"href":"https:\/\/oderbruchmuseum.de\/pl\/wp-json\/wp\/v2\/pages"}],"about":[{"href":"https:\/\/oderbruchmuseum.de\/pl\/wp-json\/wp\/v2\/types\/page"}],"author":[{"embeddable":true,"href":"https:\/\/oderbruchmuseum.de\/pl\/wp-json\/wp\/v2\/users\/1"}],"replies":[{"embeddable":true,"href":"https:\/\/oderbruchmuseum.de\/pl\/wp-json\/wp\/v2\/comments?post=1319"}],"version-history":[{"count":0,"href":"https:\/\/oderbruchmuseum.de\/pl\/wp-json\/wp\/v2\/pages\/1319\/revisions"}],"wp:attachment":[{"href":"https:\/\/oderbruchmuseum.de\/pl\/wp-json\/wp\/v2\/media?parent=1319"}],"curies":[{"name":"wp","href":"https:\/\/api.w.org\/{rel}","templated":true}]}}