{"id":1311,"date":"2020-06-03T12:45:58","date_gmt":"2020-06-03T10:45:58","guid":{"rendered":"http:\/\/test.oderbruchmuseum.de\/?page_id=1311"},"modified":"2026-02-23T14:00:36","modified_gmt":"2026-02-23T13:00:36","slug":"kontakt","status":"publish","type":"page","link":"https:\/\/oderbruchmuseum.de\/pl\/kontakt\/","title":{"rendered":"Kontakt"},"content":{"rendered":"<div style=\"height:20px\" aria-hidden=\"true\" class=\"wp-block-spacer\"><\/div>\n\n\n\n<p style=\"font-size:19px\"><strong><span class=\"has-inline-color has-primary-color\">Towarzystwo Muzealne Altranft e.V.<\/span><\/strong><br>Schneiderstr. 18<br>16259 Bad Freienwalde OT Altranft<br>0 33 44 - 33 39 11<\/p>\n\n\n\n<div style=\"height:20px\" aria-hidden=\"true\" class=\"wp-block-spacer\"><\/div>\n\n\n\n<h2 class=\"wp-block-heading\">Zesp\u00f3\u0142<\/h2>\n\n\n\n<h3 class=\"wp-block-heading\"><span class=\"has-inline-color has-primary-color\"><\/span><\/h3>\n\n\n\n<div class=\"wp-block-columns is-layout-flex wp-container-core-columns-is-layout-9d6595d7 wp-block-columns-is-layout-flex\">\n<div class=\"wp-block-column is-layout-flow wp-block-column-is-layout-flow\" style=\"flex-basis:40.7%\">\n<h3 class=\"wp-block-heading\"><mark style=\"background-color:rgba(0, 0, 0, 0)\" class=\"has-inline-color has-primary-color\">Biuro<\/mark><\/h3>\n\n\n\n<p>Barbara Scharfe i Dorothee R\u00fcdrich<br>0 33 44 - 33 39 11<br><a href=\"mailto:info@oderbruchmuseum.de\">info@oderbruchmuseum.de<\/a><\/p>\n\n\n\n<h3 class=\"wp-block-heading\"><mark style=\"background-color:rgba(0, 0, 0, 0)\" class=\"has-inline-color has-primary-color\">Edukacja krajobrazowa<\/mark><\/h3>\n\n\n\n<p>Nora Scholz i Maren Buhmann<br>0 33 44 - 155 39 02<br><a href=\"mailto:n.scholz@oderbruchmuseum.de\">n.scholz@oderbruchmuseum.de<\/a><\/p>\n\n\n\n<h3 class=\"wp-block-heading\"><mark style=\"background-color:rgba(0, 0, 0, 0)\" class=\"has-inline-color has-primary-color\">Dziedzictwo kulturowe Oderbruch<\/mark><\/h3>\n\n\n\n<p>Tobias Hartmann<br>0 33 44 - 155 39 01<br><a href=\"mailto:t.hartmann@oderbruchmuseum.de\">t.hartmann@oderbruchmuseum.de<\/a><\/p>\n\n\n\n<h3 class=\"wp-block-heading\"><mark style=\"background-color:rgba(0, 0, 0, 0)\" class=\"has-inline-color has-primary-color\">Kolekcja<\/mark><\/h3>\n\n\n\n<p>Nadja Hirsch<\/p>\n\n\n\n<h3 class=\"wp-block-heading\"><mark style=\"background-color:rgba(0, 0, 0, 0)\" class=\"has-inline-color has-primary-color\">Projekt<\/mark><\/h3>\n\n\n\n<p>Lia Friedrich<\/p>\n\n\n\n<h3 class=\"wp-block-heading\"><mark style=\"background-color:rgba(0, 0, 0, 0)\" class=\"has-inline-color has-primary-color\">Produkcja wystawiennicza<\/mark><\/h3>\n\n\n\n<p>Nadja Hirsch<\/p>\n\n\n\n<h3 class=\"wp-block-heading\"><mark style=\"background-color:rgba(0, 0, 0, 0)\" class=\"has-inline-color has-primary-color\">Kafeteria<\/mark><\/h3>\n\n\n\n<p>Jennifer Machill<br>Wtorek-niedziela 11-17 godz.<br>0 33 44 - 30 16 446<br><a href=\"mailto:cafe@oderbruchmuseum.de\">cafe@oderbruchmuseum.de<\/a><\/p>\n<\/div>\n\n\n\n<div class=\"wp-block-column is-layout-flow wp-block-column-is-layout-flow\">\n<h3 class=\"wp-block-heading\"><mark style=\"background-color:rgba(0, 0, 0, 0)\" class=\"has-inline-color has-primary-color\">Biuro Programu<\/mark><\/h3>\n\n\n\n<p>Dr Kenneth Anders i Lars Fischer<br>0 33 44 - 155 39 00<br><a href=\"mailto:k.anders@oderbruchmuseum.de\">k.anders@oderbruchmuseum.de<\/a> oraz<br><a href=\"mailto:l.fischer@oderbruchmuseum.de\">l.fischer@oderbruchmuseum.de<\/a><\/p>\n\n\n\n<h3 class=\"wp-block-heading\"><mark style=\"background-color:rgba(0, 0, 0, 0)\" class=\"has-inline-color has-primary-color\">Warsztaty w muzeum, praca na rzecz ojczyzny<\/mark><\/h3>\n\n\n\n<p>Jennifer V\u00f6ssing<br>0 33 44 - 155 39 02<br><a href=\"mailto:j.voessing@oderbruchmuseum.de\">j.voessing@oderbruchmuseum.de<\/a><\/p>\n\n\n\n<h3 class=\"wp-block-heading\"><mark style=\"background-color:rgba(0, 0, 0, 0)\" class=\"has-inline-color has-primary-color\">Kierunek kuratorski<\/mark><\/h3>\n\n\n\n<p>Antje Scholz<\/p>\n\n\n\n<h3 class=\"wp-block-heading\"><mark style=\"background-color:rgba(0, 0, 0, 0)\" class=\"has-inline-color has-primary-color\">Wsparcie dla zwiedzaj\u0105cych<\/mark><\/h3>\n\n\n\n<p>Franziska Steuer<br>0 33 44 - 30 16 446<\/p>\n\n\n\n<h3 class=\"wp-block-heading\"><mark style=\"background-color:rgba(0, 0, 0, 0)\" class=\"has-inline-color has-primary-color\">Opiekunka<\/mark><\/h3>\n\n\n\n<p>J\u00fcrgen Neumann<br>Klaus Tains<\/p>\n\n\n\n<h3 class=\"wp-block-heading\"><mark style=\"background-color:rgba(0, 0, 0, 0)\" class=\"has-inline-color has-primary-color\">Webmaster<\/mark><\/h3>\n\n\n\n<p>Maren Buhmann<\/p>\n<\/div>\n<\/div>\n\n\n\n<h3 class=\"wp-block-heading\"><mark style=\"background-color:rgba(0, 0, 0, 0)\" class=\"has-inline-color has-primary-color\">Rada Dyrektor\u00f3w Stowarzyszenie Muzeum Altranft e.V.<\/mark><\/h3>\n\n\n\n<p>Vera Wesner<br>Bernd Neumann<br>Helge Suhr<br>Tobias Seyfarth<br>Ines Zochert-K\u00f6hn<\/p>\n\n\n\n<h3 class=\"wp-block-heading\"><mark style=\"background-color:rgba(0, 0, 0, 0)\" class=\"has-inline-color has-primary-color\">Rada Doradcza Programu<\/mark><\/h3>\n\n\n\n<p>Christian M\u00fcller-Lorenz, Kulturland Brandenburgia<br>Frank Ecker, Izba Rzemie\u015blnicza Regionu Wschodniej Brandenburgii<br>Reinhard Kampmann, Sparkasse M\u00e4rkisch-Oderland<br>Gernot Schmidt, starosta M\u00e4rkisch-Oderland<br>Katrin Seitz, Ministerstwo Bada\u0144, Nauki i Kultury Kraju Zwi\u0105zkowego Brandenburgia<br>Frank Sch\u00fctz, burmistrz gminy Golzow<br>Jana Frielinghaus, dziennikarka<br>Conny Gebhardt, burmistrz Altranft<\/p>\n\n\n\n<p><\/p>","protected":false},"excerpt":{"rendered":"<p>Museumsverein Altranft e.V. Schneiderstr. 1816259 Bad Freienwalde OT Altranft0 33 44 - 33 39 11 Team Office Barbara Scharfe i Dorothee R\u00fcdrich0 33 44 - 33 39 11info@oderbruchmuseum.de Landscape Education Nora Scholz i Maren Buhmann0 33 44 - 155 39 02n.scholz@oderbruchmuseum.de Cultural Heritage Oderbruch Tobias Hartmann0 33 44 - 155 39 01t.hartmann@oderbruchmuseum.de Collection Nadja Hirsch Design Lia Friedrich Exhibition Production Nadja Hirsch Cafeteria Jennifer MachillThu-Sun 11-17 h0 33 44 - 30 16 446cafe@oderbruchmuseum.de<\/p>","protected":false},"author":1,"featured_media":0,"parent":0,"menu_order":0,"comment_status":"closed","ping_status":"closed","template":"","meta":{"inline_featured_image":false,"footnotes":""},"class_list":["post-1311","page","type-page","status-publish","hentry"],"yoast_head":"<!-- This site is optimized with the Yoast SEO plugin v27.3 - https:\/\/yoast.com\/product\/yoast-seo-wordpress\/ -->\n<title>Kontakt - Oderbruch Museum Altranft<\/title>\n<meta name=\"robots\" content=\"index, follow, max-snippet:-1, max-image-preview:large, max-video-preview:-1\" \/>\n<link rel=\"canonical\" href=\"https:\/\/oderbruchmuseum.de\/pl\/kontakt\/\" \/>\n<meta property=\"og:locale\" content=\"pl_PL\" \/>\n<meta property=\"og:type\" content=\"article\" \/>\n<meta property=\"og:title\" content=\"Kontakt - Oderbruch Museum Altranft\" \/>\n<meta property=\"og:description\" content=\"Museumsverein Altranft e.V.Schneiderstr. 1816259 Bad Freienwalde OT Altranft0 33 44 &#8211; 33 39 11 Team Gesch\u00e4ftsstelle Barbara Scharfe und Dorothee R\u00fcdrich0 33 44 &#8211; 33 39 11info@oderbruchmuseum.de Landschaftliche Bildung Nora Scholz und Maren Buhmann0 33 44 &#8211; 155 39 02n.scholz@oderbruchmuseum.de Kulturerbe Oderbruch Tobias Hartmann0 33 44 &#8211; 155 39 01t.hartmann@oderbruchmuseum.de Sammlung Nadja Hirsch Gestaltung Lia Friedrich Ausstellungsproduktion Nadja Hirsch Cafeteria Jennifer MachillDo-So 11-17 Uhr0 33 44 \u2013 30 16 446cafe@oderbruchmuseum.de\" \/>\n<meta property=\"og:url\" content=\"https:\/\/oderbruchmuseum.de\/pl\/kontakt\/\" \/>\n<meta property=\"og:site_name\" content=\"Oderbruch Museum Altranft\" \/>\n<meta property=\"article:publisher\" content=\"https:\/\/www.facebook.com\/oderbruchmuseum\/\" \/>\n<meta property=\"article:modified_time\" content=\"2026-02-23T13:00:36+00:00\" \/>\n<meta name=\"twitter:card\" content=\"summary_large_image\" \/>\n<meta name=\"twitter:label1\" content=\"Szacowany czas czytania\" \/>\n\t<meta name=\"twitter:data1\" content=\"2 minuty\" \/>\n<script type=\"application\/ld+json\" class=\"yoast-schema-graph\">{\"@context\":\"https:\\\/\\\/schema.org\",\"@graph\":[{\"@type\":\"WebPage\",\"@id\":\"https:\\\/\\\/oderbruchmuseum.de\\\/kontakt\\\/\",\"url\":\"https:\\\/\\\/oderbruchmuseum.de\\\/kontakt\\\/\",\"name\":\"Kontakt - Oderbruch Museum Altranft\",\"isPartOf\":{\"@id\":\"https:\\\/\\\/oderbruchmuseum.de\\\/#website\"},\"datePublished\":\"2020-06-03T10:45:58+00:00\",\"dateModified\":\"2026-02-23T13:00:36+00:00\",\"breadcrumb\":{\"@id\":\"https:\\\/\\\/oderbruchmuseum.de\\\/kontakt\\\/#breadcrumb\"},\"inLanguage\":\"pl-PL\",\"potentialAction\":[{\"@type\":\"ReadAction\",\"target\":[\"https:\\\/\\\/oderbruchmuseum.de\\\/kontakt\\\/\"]}]},{\"@type\":\"BreadcrumbList\",\"@id\":\"https:\\\/\\\/oderbruchmuseum.de\\\/kontakt\\\/#breadcrumb\",\"itemListElement\":[{\"@type\":\"ListItem\",\"position\":1,\"name\":\"Startseite\",\"item\":\"https:\\\/\\\/oderbruchmuseum.de\\\/\"},{\"@type\":\"ListItem\",\"position\":2,\"name\":\"Kontakt\"}]},{\"@type\":\"WebSite\",\"@id\":\"https:\\\/\\\/oderbruchmuseum.de\\\/#website\",\"url\":\"https:\\\/\\\/oderbruchmuseum.de\\\/\",\"name\":\"Oderbruchmuseum Altranft\",\"description\":\"Werkstatt f\u00fcr l\u00e4ndliche Kultur\",\"publisher\":{\"@id\":\"https:\\\/\\\/oderbruchmuseum.de\\\/#organization\"},\"potentialAction\":[{\"@type\":\"SearchAction\",\"target\":{\"@type\":\"EntryPoint\",\"urlTemplate\":\"https:\\\/\\\/oderbruchmuseum.de\\\/?s={search_term_string}\"},\"query-input\":{\"@type\":\"PropertyValueSpecification\",\"valueRequired\":true,\"valueName\":\"search_term_string\"}}],\"inLanguage\":\"pl-PL\"},{\"@type\":\"Organization\",\"@id\":\"https:\\\/\\\/oderbruchmuseum.de\\\/#organization\",\"name\":\"Oderbruchmuseum\",\"url\":\"https:\\\/\\\/oderbruchmuseum.de\\\/\",\"logo\":{\"@type\":\"ImageObject\",\"inLanguage\":\"pl-PL\",\"@id\":\"https:\\\/\\\/oderbruchmuseum.de\\\/#\\\/schema\\\/logo\\\/image\\\/\",\"url\":\"https:\\\/\\\/oderbruchmuseum.de\\\/wp-content\\\/uploads\\\/2020\\\/05\\\/rad-oderbruchmuseum.png\",\"contentUrl\":\"https:\\\/\\\/oderbruchmuseum.de\\\/wp-content\\\/uploads\\\/2020\\\/05\\\/rad-oderbruchmuseum.png\",\"width\":487,\"height\":451,\"caption\":\"Oderbruchmuseum\"},\"image\":{\"@id\":\"https:\\\/\\\/oderbruchmuseum.de\\\/#\\\/schema\\\/logo\\\/image\\\/\"},\"sameAs\":[\"https:\\\/\\\/www.facebook.com\\\/oderbruchmuseum\\\/\",\"https:\\\/\\\/www.instagram.com\\\/oderbruchmuseum\\\/\"]}]}<\/script>\n<!-- \/ Yoast SEO plugin. -->","yoast_head_json":{"title":"Kontakt - Muzeum Oderbruch Altranft","robots":{"index":"index","follow":"follow","max-snippet":"max-snippet:-1","max-image-preview":"max-image-preview:large","max-video-preview":"max-video-preview:-1"},"canonical":"https:\/\/oderbruchmuseum.de\/pl\/kontakt\/","og_locale":"pl_PL","og_type":"article","og_title":"Kontakt - Oderbruch Museum Altranft","og_description":"Museumsverein Altranft e.V.Schneiderstr. 1816259 Bad Freienwalde OT Altranft0 33 44 &#8211; 33 39 11 Team Gesch\u00e4ftsstelle Barbara Scharfe und Dorothee R\u00fcdrich0 33 44 &#8211; 33 39 11info@oderbruchmuseum.de Landschaftliche Bildung Nora Scholz und Maren Buhmann0 33 44 &#8211; 155 39 02n.scholz@oderbruchmuseum.de Kulturerbe Oderbruch Tobias Hartmann0 33 44 &#8211; 155 39 01t.hartmann@oderbruchmuseum.de Sammlung Nadja Hirsch Gestaltung Lia Friedrich Ausstellungsproduktion Nadja Hirsch Cafeteria Jennifer MachillDo-So 11-17 Uhr0 33 44 \u2013 30 16 446cafe@oderbruchmuseum.de","og_url":"https:\/\/oderbruchmuseum.de\/pl\/kontakt\/","og_site_name":"Oderbruch Museum Altranft","article_publisher":"https:\/\/www.facebook.com\/oderbruchmuseum\/","article_modified_time":"2026-02-23T13:00:36+00:00","twitter_card":"summary_large_image","twitter_misc":{"Szacowany czas czytania":"2 minuty"},"schema":{"@context":"https:\/\/schema.org","@graph":[{"@type":"WebPage","@id":"https:\/\/oderbruchmuseum.de\/kontakt\/","url":"https:\/\/oderbruchmuseum.de\/kontakt\/","name":"Kontakt - Muzeum Oderbruch Altranft","isPartOf":{"@id":"https:\/\/oderbruchmuseum.de\/#website"},"datePublished":"2020-06-03T10:45:58+00:00","dateModified":"2026-02-23T13:00:36+00:00","breadcrumb":{"@id":"https:\/\/oderbruchmuseum.de\/kontakt\/#breadcrumb"},"inLanguage":"pl-PL","potentialAction":[{"@type":"ReadAction","target":["https:\/\/oderbruchmuseum.de\/kontakt\/"]}]},{"@type":"BreadcrumbList","@id":"https:\/\/oderbruchmuseum.de\/kontakt\/#breadcrumb","itemListElement":[{"@type":"ListItem","position":1,"name":"Startseite","item":"https:\/\/oderbruchmuseum.de\/"},{"@type":"ListItem","position":2,"name":"Kontakt"}]},{"@type":"WebSite","@id":"https:\/\/oderbruchmuseum.de\/#website","url":"https:\/\/oderbruchmuseum.de\/","name":"Muzeum Oderbruch Altranft","description":"Warsztaty kultury wiejskiej","publisher":{"@id":"https:\/\/oderbruchmuseum.de\/#organization"},"potentialAction":[{"@type":"SearchAction","target":{"@type":"EntryPoint","urlTemplate":"https:\/\/oderbruchmuseum.de\/?s={search_term_string}"},"query-input":{"@type":"PropertyValueSpecification","valueRequired":true,"valueName":"search_term_string"}}],"inLanguage":"pl-PL"},{"@type":"Organization","@id":"https:\/\/oderbruchmuseum.de\/#organization","name":"Muzeum Oderbruch","url":"https:\/\/oderbruchmuseum.de\/","logo":{"@type":"ImageObject","inLanguage":"pl-PL","@id":"https:\/\/oderbruchmuseum.de\/#\/schema\/logo\/image\/","url":"https:\/\/oderbruchmuseum.de\/wp-content\/uploads\/2020\/05\/rad-oderbruchmuseum.png","contentUrl":"https:\/\/oderbruchmuseum.de\/wp-content\/uploads\/2020\/05\/rad-oderbruchmuseum.png","width":487,"height":451,"caption":"Oderbruchmuseum"},"image":{"@id":"https:\/\/oderbruchmuseum.de\/#\/schema\/logo\/image\/"},"sameAs":["https:\/\/www.facebook.com\/oderbruchmuseum\/","https:\/\/www.instagram.com\/oderbruchmuseum\/"]}]}},"jetpack_sharing_enabled":true,"_links":{"self":[{"href":"https:\/\/oderbruchmuseum.de\/pl\/wp-json\/wp\/v2\/pages\/1311","targetHints":{"allow":["GET"]}}],"collection":[{"href":"https:\/\/oderbruchmuseum.de\/pl\/wp-json\/wp\/v2\/pages"}],"about":[{"href":"https:\/\/oderbruchmuseum.de\/pl\/wp-json\/wp\/v2\/types\/page"}],"author":[{"embeddable":true,"href":"https:\/\/oderbruchmuseum.de\/pl\/wp-json\/wp\/v2\/users\/1"}],"replies":[{"embeddable":true,"href":"https:\/\/oderbruchmuseum.de\/pl\/wp-json\/wp\/v2\/comments?post=1311"}],"version-history":[{"count":1,"href":"https:\/\/oderbruchmuseum.de\/pl\/wp-json\/wp\/v2\/pages\/1311\/revisions"}],"predecessor-version":[{"id":15595,"href":"https:\/\/oderbruchmuseum.de\/pl\/wp-json\/wp\/v2\/pages\/1311\/revisions\/15595"}],"wp:attachment":[{"href":"https:\/\/oderbruchmuseum.de\/pl\/wp-json\/wp\/v2\/media?parent=1311"}],"curies":[{"name":"wp","href":"https:\/\/api.w.org\/{rel}","templated":true}]}}