{"id":1223,"date":"2020-06-01T16:06:24","date_gmt":"2020-06-01T14:06:24","guid":{"rendered":"http:\/\/test.oderbruchmuseum.de\/?page_id=1223"},"modified":"2026-02-24T12:10:19","modified_gmt":"2026-02-24T11:10:19","slug":"besucherinfo","status":"publish","type":"page","link":"https:\/\/oderbruchmuseum.de\/pl\/besucherinfo\/","title":{"rendered":"Informacje dla zwiedzaj\u0105cych"},"content":{"rendered":"<div style=\"height:20px\" aria-hidden=\"true\" class=\"wp-block-spacer\"><\/div>\n\n\n\n<div class=\"wp-block-columns is-layout-flex wp-container-core-columns-is-layout-9d6595d7 wp-block-columns-is-layout-flex\">\n<div class=\"wp-block-column is-vertically-aligned-top is-layout-flow wp-block-column-is-layout-flow\">\n<h2 class=\"wp-block-heading\"><strong><span class=\"has-inline-color has-primary-color\">Oderbruch<\/span><\/strong><br><strong><span class=\"has-inline-color has-primary-color\">Muzeum <br>Altranft <\/span><\/strong><\/h2>\n\n\n\n<p>Am Anger 27<br>16259 Bad Freienwalde<br>OT Altranft<\/p>\n<\/div>\n\n\n\n<div class=\"wp-block-column is-layout-flow wp-block-column-is-layout-flow\">\n<h2 class=\"wp-block-heading\"><strong>Godziny otwarcia<\/strong><\/h2>\n\n\n\n<p>7 marca - 13 grudnia<br>Czwartek - niedziela<br>i w \u015bwi\u0119ta<br>11-17 h<\/p>\n<\/div>\n<\/div>\n\n\n\n<div class=\"wp-block-columns is-layout-flex wp-container-core-columns-is-layout-9d6595d7 wp-block-columns-is-layout-flex\">\n<div class=\"wp-block-column is-layout-flow wp-block-column-is-layout-flow\" style=\"flex-basis:50%\">\n<div class=\"wp-block-group\"><div class=\"wp-block-group__inner-container is-layout-flow wp-block-group-is-layout-flow\">\n<h2 class=\"wp-block-heading\">Ceny wst\u0119pu<\/h2>\n\n\n\n<p>Doro\u015bli: <span class=\"space\"><strong><mark style=\"background-color:rgba(0, 0, 0, 0)\" class=\"has-inline-color has-primary-color\">10 \u20ac <\/mark><\/strong><\/span><\/p>\n\n\n\n<p>Zmniejszona: <mark style=\"background-color:rgba(0, 0, 0, 0)\" class=\"has-inline-color has-primary-color\"><span class=\"space\"><strong>7 \u20ac <\/strong><\/span> <\/mark> <br>Sta\u017cy\u015bci, studenci i osoby o znacznym stopniu niepe\u0142nosprawno\u015bci<br><br>Dzieci i m\u0142odzie\u017c do lat 18 oraz mieszka\u0144cy Altranft maj\u0105 wst\u0119p wolny!<\/p>\n\n\n\n<figure class=\"wp-block-image size-full\"><img loading=\"lazy\" decoding=\"async\" width=\"600\" height=\"400\" data-attachment-id=\"13464\" data-permalink=\"https:\/\/oderbruchmuseum.de\/pl\/besucherinfo\/unbenannt-11-3-kopie\/\" data-orig-file=\"https:\/\/oderbruchmuseum.de\/wp-content\/uploads\/2024\/04\/unbenannt-11-3-Kopie.webp\" data-orig-size=\"600,400\" data-comments-opened=\"0\" data-image-meta=\"{&quot;aperture&quot;:&quot;0&quot;,&quot;credit&quot;:&quot;&quot;,&quot;camera&quot;:&quot;&quot;,&quot;caption&quot;:&quot;&quot;,&quot;created_timestamp&quot;:&quot;0&quot;,&quot;copyright&quot;:&quot;&quot;,&quot;focal_length&quot;:&quot;0&quot;,&quot;iso&quot;:&quot;0&quot;,&quot;shutter_speed&quot;:&quot;0&quot;,&quot;title&quot;:&quot;&quot;,&quot;orientation&quot;:&quot;0&quot;}\" data-image-title=\"unbenannt-11-3-Kopie\" data-image-description=\"\" data-image-caption=\"\" data-large-file=\"https:\/\/oderbruchmuseum.de\/wp-content\/uploads\/2024\/04\/unbenannt-11-3-Kopie.webp\" src=\"https:\/\/oderbruchmuseum.de\/wp-content\/uploads\/2024\/04\/unbenannt-11-3-Kopie.webp\" alt=\"\" class=\"wp-image-13464\" srcset=\"https:\/\/oderbruchmuseum.de\/wp-content\/uploads\/2024\/04\/unbenannt-11-3-Kopie.webp 600w, https:\/\/oderbruchmuseum.de\/wp-content\/uploads\/2024\/04\/unbenannt-11-3-Kopie-300x200.webp 300w, https:\/\/oderbruchmuseum.de\/wp-content\/uploads\/2024\/04\/unbenannt-11-3-Kopie-18x12.webp 18w\" sizes=\"auto, (max-width: 600px) 100vw, 600px\" \/><\/figure>\n\n\n\n<h3 class=\"wp-block-heading\">Bilety s\u0105 u nas biletami sezonowymi!<\/h3>\n\n\n\n<p>Na imprezy obowi\u0105zuj\u0105 odr\u0119bne ceny wst\u0119pu.<\/p>\n<\/div><\/div>\n<\/div>\n\n\n\n<div class=\"wp-block-column is-layout-flow wp-block-column-is-layout-flow\" style=\"flex-basis:50%\">\n<h2 class=\"wp-block-heading\"><strong>Kafeteria<\/strong><\/h2>\n\n\n\n<p>Nasza kawiarnia czeka na Ciebie w godzinach otwarcia muzeum z kaw\u0105, ciastem, zimnymi napojami i pikantnymi przek\u0105skami. Zam\u00f3wienie mo\u017cna z\u0142o\u017cy\u0107 przy ladzie, a my z przyjemno\u015bci\u0105 przyniesiemy jedzenie do stolika. Mo\u017cna usi\u0105\u015b\u0107 w zamku, na tarasie lub w Parkrondell.<\/p>\n\n\n\n<div style=\"height:35px\" aria-hidden=\"true\" class=\"wp-block-spacer\"><\/div>\n\n\n\n<figure class=\"wp-block-image size-full\"><img loading=\"lazy\" decoding=\"async\" width=\"2500\" height=\"1667\" data-attachment-id=\"13467\" data-permalink=\"https:\/\/oderbruchmuseum.de\/pl\/besucherinfo\/unbenannt-7-21\/\" data-orig-file=\"https:\/\/oderbruchmuseum.de\/wp-content\/uploads\/2024\/04\/unbenannt-7-21.jpg\" data-orig-size=\"2500,1667\" data-comments-opened=\"0\" data-image-meta=\"{&quot;aperture&quot;:&quot;0&quot;,&quot;credit&quot;:&quot;&quot;,&quot;camera&quot;:&quot;&quot;,&quot;caption&quot;:&quot;&quot;,&quot;created_timestamp&quot;:&quot;0&quot;,&quot;copyright&quot;:&quot;&quot;,&quot;focal_length&quot;:&quot;0&quot;,&quot;iso&quot;:&quot;0&quot;,&quot;shutter_speed&quot;:&quot;0&quot;,&quot;title&quot;:&quot;&quot;,&quot;orientation&quot;:&quot;0&quot;}\" data-image-title=\"unbenannt-7-2(1)\" data-image-description=\"\" data-image-caption=\"\" data-large-file=\"https:\/\/oderbruchmuseum.de\/wp-content\/uploads\/2024\/04\/unbenannt-7-21-1024x683.jpg\" src=\"https:\/\/oderbruchmuseum.de\/wp-content\/uploads\/2024\/04\/unbenannt-7-21.jpg\" alt=\"\" class=\"wp-image-13467\" srcset=\"https:\/\/oderbruchmuseum.de\/wp-content\/uploads\/2024\/04\/unbenannt-7-21.jpg 2500w, https:\/\/oderbruchmuseum.de\/wp-content\/uploads\/2024\/04\/unbenannt-7-21-300x200.jpg 300w, https:\/\/oderbruchmuseum.de\/wp-content\/uploads\/2024\/04\/unbenannt-7-21-1024x683.jpg 1024w, https:\/\/oderbruchmuseum.de\/wp-content\/uploads\/2024\/04\/unbenannt-7-21-768x512.jpg 768w, https:\/\/oderbruchmuseum.de\/wp-content\/uploads\/2024\/04\/unbenannt-7-21-1536x1024.jpg 1536w, https:\/\/oderbruchmuseum.de\/wp-content\/uploads\/2024\/04\/unbenannt-7-21-2048x1366.jpg 2048w, https:\/\/oderbruchmuseum.de\/wp-content\/uploads\/2024\/04\/unbenannt-7-21-18x12.jpg 18w\" sizes=\"auto, (max-width: 2500px) 100vw, 2500px\" \/><\/figure>\n<\/div>\n<\/div>\n\n\n\n<div class=\"wp-block-columns is-layout-flex wp-container-core-columns-is-layout-9d6595d7 wp-block-columns-is-layout-flex\">\n<div class=\"wp-block-column is-layout-flow wp-block-column-is-layout-flow\">\n<h2 class=\"wp-block-heading\">Wycieczki z przewodnikiem<\/h2>\n\n\n\n<p>W przypadku wycieczek z przewodnikiem pobieramy op\u0142at\u0119 za wst\u0119p za osob\u0119 plus 30 \u20ac za grup\u0119 (maks. 25 os\u00f3b). Prosimy o kontakt, aby\u015bmy mogli zaplanowa\u0107 wycieczk\u0119 z przewodnikiem!<\/p>\n\n\n\n<h2 class=\"wp-block-heading\"><strong>Informacje dla os\u00f3b z niepe\u0142nosprawno\u015bci\u0105 ruchow\u0105<\/strong><\/h2>\n\n\n\n<p>Jest wej\u015bcie bez barier<br>Winda schodowa przy bocznym wej\u015bciu musi by\u0107 obs\u0142ugiwana przez nasz personel. Prosimy o poinformowanie personelu lub kontakt telefoniczny pod numerem 0 33 44 - 33 39 11. Piwnica muzeum jest wolna od barier. Pozosta\u0142e poziomy muzeum nie s\u0105 pozbawione barier.<\/p>\n<\/div>\n\n\n\n<div class=\"wp-block-column is-layout-flow wp-block-column-is-layout-flow\">\n<h2 class=\"wp-block-heading\"><strong>Rozmowy<\/strong><\/h2>\n\n\n\n<p>Muzeum Oderbruch jest miejscem komunikacji. Przyjd\u017a i porozmawiaj, zapytaj naszych przewodnik\u00f3w dla zwiedzaj\u0105cych lub podziel si\u0119 z nami swoj\u0105 wiedz\u0105! Ch\u0119tnie dostosujemy nasze oprowadzanie do Pa\u0144stwa indywidualnych zainteresowa\u0144. Ch\u0119tnie wys\u0142uchamy te\u017c Pa\u0144stwa sugestii i jeste\u015bmy do dyspozycji w przypadku specjalnych rozm\u00f3w, je\u015bli jest to mo\u017cliwe do zorganizowania. Regularnie organizujemy rozmowy salonowe na tematy zwi\u0105zane z \u017cyciem na wsi i rozwojem regionalnym, na kt\u00f3re serdecznie zapraszamy.<\/p>\n\n\n\n<p><strong>Osoba do kontaktu:<\/strong><br>Dorothee R\u00fcdrich<br>0 33 44 - 33 39 11<br><a href=\"mailto:d.ruedrich@oderbruchmuseum.de\">d.ruedrich@oderbruchmuseum.de<\/a><\/p>\n<\/div>\n<\/div>\n\n\n\n<h2 class=\"wp-block-heading\">Witamy<\/h2>\n\n\n\n<p>Zapraszamy do recepcji naszego muzeum w zamku. Tutaj otrzymasz bilet wst\u0119pu i wszystkie informacje potrzebne do wystawy i zwiedzania wioski. W kawiarni mo\u017cna napi\u0107 si\u0119 kawy lub zje\u015b\u0107 kawa\u0142ek ciasta przed lub po wizycie na wystawie. Prowadzimy r\u00f3wnie\u017c sprzeda\u017c publikacji muzealnych i oferujemy du\u017cy wyb\u00f3r poczt\u00f3wek. Nasi asystenci ch\u0119tnie pomog\u0105 w zwiedzaniu muzeum!<\/p>\n\n\n\n<div style=\"height:20px\" aria-hidden=\"true\" class=\"wp-block-spacer\"><\/div>\n\n\n\n<h2 class=\"wp-block-heading\">Muzeum przyjazne dzieciom<\/h2>\n\n\n\n<div class=\"wp-block-media-text alignwide is-stacked-on-mobile is-vertically-aligned-top\" style=\"grid-template-columns:46% auto\"><figure class=\"wp-block-media-text__media\"><img loading=\"lazy\" decoding=\"async\" width=\"400\" height=\"267\" data-attachment-id=\"1409\" data-permalink=\"https:\/\/oderbruchmuseum.de\/pl\/besucherinfo\/mitmach\/\" data-orig-file=\"https:\/\/oderbruchmuseum.de\/wp-content\/uploads\/2020\/06\/mitmach.jpg\" data-orig-size=\"400,267\" data-comments-opened=\"0\" data-image-meta=\"{&quot;aperture&quot;:&quot;0&quot;,&quot;credit&quot;:&quot;&quot;,&quot;camera&quot;:&quot;&quot;,&quot;caption&quot;:&quot;&quot;,&quot;created_timestamp&quot;:&quot;0&quot;,&quot;copyright&quot;:&quot;Alex \\&quot;Pop\\&quot; Schirmer&quot;,&quot;focal_length&quot;:&quot;0&quot;,&quot;iso&quot;:&quot;0&quot;,&quot;shutter_speed&quot;:&quot;0&quot;,&quot;title&quot;:&quot;&quot;,&quot;orientation&quot;:&quot;0&quot;}\" data-image-title=\"mitmach\" data-image-description=\"\" data-image-caption=\"\" data-large-file=\"https:\/\/oderbruchmuseum.de\/wp-content\/uploads\/2020\/06\/mitmach.jpg\" src=\"https:\/\/oderbruchmuseum.de\/wp-content\/uploads\/2020\/06\/mitmach.jpg\" alt=\"Kinderh\u00e4nde mit Tuschflecken\" class=\"wp-image-1409 size-full\" srcset=\"https:\/\/oderbruchmuseum.de\/wp-content\/uploads\/2020\/06\/mitmach.jpg 400w, https:\/\/oderbruchmuseum.de\/wp-content\/uploads\/2020\/06\/mitmach-300x200.jpg 300w\" sizes=\"auto, (max-width: 400px) 100vw, 400px\" \/><\/figure><div class=\"wp-block-media-text__content\">\n<p class=\"has-normal-font-size\">W naszym muzeum dzieci mog\u0105 wiele odkry\u0107. Nasz warsztat muzealny jest zawsze otwarty dla malarstwa i r\u0119kodzie\u0142a, a w dni programowe s\u0105 r\u00f3wnie\u017c specjalne oferty.<br><a href=\"https:\/\/oderbruchmuseum.de\/pl\/offene-werkstatt\/\">&gt;&gt; Otwarty warsztat<\/a><\/p>\n<\/div><\/div>\n\n\n\n<div style=\"height:20px\" aria-hidden=\"true\" class=\"wp-block-spacer abstand\"><\/div>\n\n\n\n<div class=\"wp-block-group\"><div class=\"wp-block-group__inner-container is-layout-constrained wp-block-group-is-layout-constrained\">\n<h2 class=\"wp-block-heading\">Podej\u015bcie<\/h2>\n\n\n\n<p>Do Altranft mo\u017cna dojecha\u0107 poci\u0105giem co godzin\u0119. W weekendy poci\u0105gi kursuj\u0105 co dwie godziny.<br><a rel=\"noreferrer noopener\" href=\"https:\/\/reiseauskunft.bahn.de\/bin\/query.exe\/dn?Z=Altranft\" target=\"_blank\">Informacje DB<\/a><\/p>\n<\/div><\/div>\n\n\n\n<div class=\"wp-block-columns is-layout-flex wp-container-core-columns-is-layout-9d6595d7 wp-block-columns-is-layout-flex\">\n<div class=\"wp-block-column is-vertically-aligned-top is-layout-flow wp-block-column-is-layout-flow\" style=\"flex-basis:40%\">\n<h2 class=\"wp-block-heading\">Plan<\/h2>\n\n\n\n<ol class=\"wp-block-list\">\n<li>Zamek: informacja, kasa, bistro, wystawy i imprezy<\/li>\n\n\n\n<li>Dom rybaka<\/li>\n\n\n\n<li>Schmiedegeh\u00f6ft: zarz\u0105dzanie, biuro programowe, podw\u00f3rze.<\/li>\n\n\n\n<li>Berg-Schmidt-Hof: stodo\u0142a z kamienia polnego i ceg\u0142y, budynek gospodarczy<\/li>\n\n\n\n<li>Ko\u015bci\u00f3\u0142 patronacki<\/li>\n\n\n\n<li>Spritzenhaus<\/li>\n\n\n\n<li>Mittelflurhaus: Zbudowany w 1698 roku, najstarszy dom mieszkalny w regionie.<\/li>\n\n\n\n<li>\u015acie\u017cka geologiczna<\/li>\n<\/ol>\n\n\n\n<div style=\"height:41px\" aria-hidden=\"true\" class=\"wp-block-spacer\"><\/div>\n<\/div>\n\n\n\n<div class=\"wp-block-column is-layout-flow wp-block-column-is-layout-flow\" style=\"flex-basis:70%\"><div class=\"wp-block-image\">\n<figure class=\"alignright size-large\"><img loading=\"lazy\" decoding=\"async\" width=\"470\" height=\"494\" data-attachment-id=\"7041\" data-permalink=\"https:\/\/oderbruchmuseum.de\/pl\/besucherinfo\/lageplan-oma\/\" data-orig-file=\"https:\/\/oderbruchmuseum.de\/wp-content\/uploads\/2021\/04\/Lageplan-oma.gif\" data-orig-size=\"470,494\" data-comments-opened=\"0\" data-image-meta=\"{&quot;aperture&quot;:&quot;0&quot;,&quot;credit&quot;:&quot;&quot;,&quot;camera&quot;:&quot;&quot;,&quot;caption&quot;:&quot;&quot;,&quot;created_timestamp&quot;:&quot;0&quot;,&quot;copyright&quot;:&quot;&quot;,&quot;focal_length&quot;:&quot;0&quot;,&quot;iso&quot;:&quot;0&quot;,&quot;shutter_speed&quot;:&quot;0&quot;,&quot;title&quot;:&quot;&quot;,&quot;orientation&quot;:&quot;0&quot;}\" data-image-title=\"Lageplan-oma\" data-image-description=\"\" data-image-caption=\"\" data-large-file=\"https:\/\/oderbruchmuseum.de\/wp-content\/uploads\/2021\/04\/Lageplan-oma.gif\" src=\"https:\/\/oderbruchmuseum.de\/wp-content\/uploads\/2021\/04\/Lageplan-oma.gif\" alt=\"Plan von Altranft\" class=\"wp-image-7041\"\/><\/figure>\n<\/div>\n\n\n<div style=\"height:38px\" aria-hidden=\"true\" class=\"wp-block-spacer\"><\/div>\n<\/div>\n<\/div>\n\n\n\n<div class=\"wp-block-group\"><div class=\"wp-block-group__inner-container is-layout-constrained wp-block-group-is-layout-constrained\">\n<h2 class=\"wp-block-heading\">Spacer po Altranft<\/h2>\n\n\n\n<div class=\"wp-block-columns is-layout-flex wp-container-core-columns-is-layout-9d6595d7 wp-block-columns-is-layout-flex\">\n<div class=\"wp-block-column is-vertically-aligned-top is-layout-flow wp-block-column-is-layout-flow\">\n<p><mark style=\"background-color:rgba(0, 0, 0, 0)\" class=\"has-inline-color has-primary-color\"><strong>Specjalny spacer po wsi<\/strong><\/mark><br>Nasz TALK WALK jest produkcj\u0105 lipskiego badacza spacer\u00f3w Bertrama Weisshaara. Prowadzi do 20 stacji, gdzie - za po\u015brednictwem smartfona lub odtwarzacza MP3 - mo\u017cna pos\u0142ucha\u0107, o co chodzi w tych miejscach. Tutaj mieszka\u0144cy Altranft daj\u0105 wgl\u0105d w histori\u0119 i tera\u017aniejszo\u015b\u0107 miejscowo\u015bci.<\/p>\n\n\n\n<p>Punkt startowy znajduje si\u0119 przy zamku (poza godzinami otwarcia przy bramie wej\u015bciowej do parku zamkowego). <br>D\u0142ugo\u015b\u0107 trasy: ok. 4,7 km. <br>Czas trwania: ok. 3 godziny (mo\u017cliwe s\u0105 r\u00f3wnie\u017c kr\u00f3tsze trasy).<\/p>\n<\/div>\n\n\n\n<div class=\"wp-block-column is-layout-flow wp-block-column-is-layout-flow\">\n<p>Altranft TALK WALK mo\u017cna r\u00f3wnie\u017c pobra\u0107 przed wizyt\u0105 jako plik ZIP (ok. 56 MB):<br><a href=\"https:\/\/oderbruchmuseum.de\/wp-content\/uploads\/2023\/08\/TW_Altranft_2023.zip\" target=\"_blank\" rel=\"noreferrer noopener\"><strong>&gt;&gt; Pobierz plik ZIP<\/strong><\/a><br>Po rozpakowaniu pliku otrzymasz wszystkie pliki audio oraz map\u0119 do spaceru.<\/p>\n\n\n\n<p>Za pomoc\u0105 smartfona mo\u017cna r\u00f3wnie\u017c na miejscu uzyska\u0107 dost\u0119p do audiospaceru za pomoc\u0105 kodu QR. W muzeum macie do dyspozycji bezp\u0142atne wifi.<br>W godzinach otwarcia mo\u017cna r\u00f3wnie\u017c wypo\u017cyczy\u0107 odtwarzacz MP3 i kart\u0119.<\/p>\n<\/div>\n<\/div>\n<\/div><\/div>\n\n\n\n<p><a href=\"https:\/\/oderbruchmuseum.de\/pl\/spaziergaenge\/\">-&gt; dalsze spacery<\/a><\/p>","protected":false},"excerpt":{"rendered":"<p>OderbruchMuseum Altranft Am Anger 2716259 Bad FreienwaldeOT Altranft Godziny otwarcia 7 marca - 13 grudniaCzwartki - niedziele i \u015bwi\u0119ta11.00 - 17.00 Ceny wst\u0119pu Doro\u015bli: 10 \u20ac Ulgowy: 7 \u20ac Sta\u017cy\u015bci, studenci i osoby niepe\u0142nosprawne Dzieci i m\u0142odzie\u017c do 18 roku \u017cycia oraz mieszka\u0144cy Altranft maj\u0105 wst\u0119p wolny! Bilety wst\u0119pu s\u0105 biletami sezonowymi! W przypadku wydarze\u0144 obowi\u0105zuj\u0105 specjalne ceny wst\u0119pu. Kafeteria Nasza kafeteria czeka na Ciebie w godzinach otwarcia muzeum z kaw\u0105, ciastem, zimnymi napojami i pikantnymi przek\u0105skami. Ty<\/p>","protected":false},"author":1,"featured_media":0,"parent":0,"menu_order":0,"comment_status":"closed","ping_status":"closed","template":"template-fullwidth.php","meta":{"inline_featured_image":false,"footnotes":""},"class_list":["post-1223","page","type-page","status-publish","hentry"],"yoast_head":"<!-- This site is optimized with the Yoast SEO plugin v27.6 - https:\/\/yoast.com\/product\/yoast-seo-wordpress\/ -->\n<title>Besucherinfo - Oderbruch Museum Altranft<\/title>\n<meta name=\"description\" content=\"Alle Infos f\u00fcr Ihren Besuch im Oderbruch Museum mit \u00d6ffnungszeiten, Anfahrtsweg, Ticket-Preise und Gruppen-F\u00fchrungen\" \/>\n<meta name=\"robots\" content=\"index, follow, max-snippet:-1, max-image-preview:large, max-video-preview:-1\" \/>\n<link rel=\"canonical\" href=\"https:\/\/oderbruchmuseum.de\/pl\/besucherinfo\/\" \/>\n<meta property=\"og:locale\" content=\"pl_PL\" \/>\n<meta property=\"og:type\" content=\"article\" \/>\n<meta property=\"og:title\" content=\"Besucherinfo - Oderbruch Museum Altranft\" \/>\n<meta property=\"og:description\" content=\"Alle Infos f\u00fcr Ihren Besuch im Oderbruch Museum mit \u00d6ffnungszeiten, Anfahrtsweg, Ticket-Preise und Gruppen-F\u00fchrungen\" \/>\n<meta property=\"og:url\" content=\"https:\/\/oderbruchmuseum.de\/pl\/besucherinfo\/\" \/>\n<meta property=\"og:site_name\" content=\"Oderbruch Museum Altranft\" \/>\n<meta property=\"article:publisher\" content=\"https:\/\/www.facebook.com\/oderbruchmuseum\/\" \/>\n<meta property=\"article:modified_time\" content=\"2026-02-24T11:10:19+00:00\" \/>\n<meta property=\"og:image\" content=\"https:\/\/oderbruchmuseum.de\/wp-content\/uploads\/2024\/04\/unbenannt-11-3-Kopie.webp\" \/>\n\t<meta property=\"og:image:width\" content=\"600\" \/>\n\t<meta property=\"og:image:height\" content=\"400\" \/>\n\t<meta property=\"og:image:type\" content=\"image\/webp\" \/>\n<meta name=\"twitter:card\" content=\"summary_large_image\" \/>\n<meta name=\"twitter:label1\" content=\"Szacowany czas czytania\" \/>\n\t<meta name=\"twitter:data1\" content=\"4 minuty\" \/>\n<script type=\"application\/ld+json\" class=\"yoast-schema-graph\">{\"@context\":\"https:\\\/\\\/schema.org\",\"@graph\":[{\"@type\":\"WebPage\",\"@id\":\"https:\\\/\\\/oderbruchmuseum.de\\\/besucherinfo\\\/\",\"url\":\"https:\\\/\\\/oderbruchmuseum.de\\\/besucherinfo\\\/\",\"name\":\"Besucherinfo - Oderbruch Museum Altranft\",\"isPartOf\":{\"@id\":\"https:\\\/\\\/oderbruchmuseum.de\\\/#website\"},\"primaryImageOfPage\":{\"@id\":\"https:\\\/\\\/oderbruchmuseum.de\\\/besucherinfo\\\/#primaryimage\"},\"image\":{\"@id\":\"https:\\\/\\\/oderbruchmuseum.de\\\/besucherinfo\\\/#primaryimage\"},\"thumbnailUrl\":\"https:\\\/\\\/oderbruchmuseum.de\\\/wp-content\\\/uploads\\\/2024\\\/04\\\/unbenannt-11-3-Kopie.webp\",\"datePublished\":\"2020-06-01T14:06:24+00:00\",\"dateModified\":\"2026-02-24T11:10:19+00:00\",\"description\":\"Alle Infos f\u00fcr Ihren Besuch im Oderbruch Museum mit \u00d6ffnungszeiten, Anfahrtsweg, Ticket-Preise und Gruppen-F\u00fchrungen\",\"breadcrumb\":{\"@id\":\"https:\\\/\\\/oderbruchmuseum.de\\\/besucherinfo\\\/#breadcrumb\"},\"inLanguage\":\"pl-PL\",\"potentialAction\":[{\"@type\":\"ReadAction\",\"target\":[\"https:\\\/\\\/oderbruchmuseum.de\\\/besucherinfo\\\/\"]}]},{\"@type\":\"ImageObject\",\"inLanguage\":\"pl-PL\",\"@id\":\"https:\\\/\\\/oderbruchmuseum.de\\\/besucherinfo\\\/#primaryimage\",\"url\":\"https:\\\/\\\/oderbruchmuseum.de\\\/wp-content\\\/uploads\\\/2024\\\/04\\\/unbenannt-11-3-Kopie.webp\",\"contentUrl\":\"https:\\\/\\\/oderbruchmuseum.de\\\/wp-content\\\/uploads\\\/2024\\\/04\\\/unbenannt-11-3-Kopie.webp\"},{\"@type\":\"BreadcrumbList\",\"@id\":\"https:\\\/\\\/oderbruchmuseum.de\\\/besucherinfo\\\/#breadcrumb\",\"itemListElement\":[{\"@type\":\"ListItem\",\"position\":1,\"name\":\"Startseite\",\"item\":\"https:\\\/\\\/oderbruchmuseum.de\\\/\"},{\"@type\":\"ListItem\",\"position\":2,\"name\":\"Besucherinfo\"}]},{\"@type\":\"WebSite\",\"@id\":\"https:\\\/\\\/oderbruchmuseum.de\\\/#website\",\"url\":\"https:\\\/\\\/oderbruchmuseum.de\\\/\",\"name\":\"Oderbruchmuseum Altranft\",\"description\":\"Werkstatt f\u00fcr l\u00e4ndliche Kultur\",\"publisher\":{\"@id\":\"https:\\\/\\\/oderbruchmuseum.de\\\/#organization\"},\"potentialAction\":[{\"@type\":\"SearchAction\",\"target\":{\"@type\":\"EntryPoint\",\"urlTemplate\":\"https:\\\/\\\/oderbruchmuseum.de\\\/?s={search_term_string}\"},\"query-input\":{\"@type\":\"PropertyValueSpecification\",\"valueRequired\":true,\"valueName\":\"search_term_string\"}}],\"inLanguage\":\"pl-PL\"},{\"@type\":\"Organization\",\"@id\":\"https:\\\/\\\/oderbruchmuseum.de\\\/#organization\",\"name\":\"Oderbruchmuseum\",\"url\":\"https:\\\/\\\/oderbruchmuseum.de\\\/\",\"logo\":{\"@type\":\"ImageObject\",\"inLanguage\":\"pl-PL\",\"@id\":\"https:\\\/\\\/oderbruchmuseum.de\\\/#\\\/schema\\\/logo\\\/image\\\/\",\"url\":\"https:\\\/\\\/oderbruchmuseum.de\\\/wp-content\\\/uploads\\\/2020\\\/05\\\/rad-oderbruchmuseum.png\",\"contentUrl\":\"https:\\\/\\\/oderbruchmuseum.de\\\/wp-content\\\/uploads\\\/2020\\\/05\\\/rad-oderbruchmuseum.png\",\"width\":487,\"height\":451,\"caption\":\"Oderbruchmuseum\"},\"image\":{\"@id\":\"https:\\\/\\\/oderbruchmuseum.de\\\/#\\\/schema\\\/logo\\\/image\\\/\"},\"sameAs\":[\"https:\\\/\\\/www.facebook.com\\\/oderbruchmuseum\\\/\",\"https:\\\/\\\/www.instagram.com\\\/oderbruchmuseum\\\/\"]}]}<\/script>\n<!-- \/ Yoast SEO plugin. -->","yoast_head_json":{"title":"Informacje dla zwiedzaj\u0105cych - Muzeum Oderbruch Altranft","description":"Wszystkie informacje dotycz\u0105ce wizyty w Muzeum Oderbruch z godzinami otwarcia, wskaz\u00f3wkami dojazdu, cenami bilet\u00f3w i wycieczkami grupowymi","robots":{"index":"index","follow":"follow","max-snippet":"max-snippet:-1","max-image-preview":"max-image-preview:large","max-video-preview":"max-video-preview:-1"},"canonical":"https:\/\/oderbruchmuseum.de\/pl\/besucherinfo\/","og_locale":"pl_PL","og_type":"article","og_title":"Besucherinfo - Oderbruch Museum Altranft","og_description":"Alle Infos f\u00fcr Ihren Besuch im Oderbruch Museum mit \u00d6ffnungszeiten, Anfahrtsweg, Ticket-Preise und Gruppen-F\u00fchrungen","og_url":"https:\/\/oderbruchmuseum.de\/pl\/besucherinfo\/","og_site_name":"Oderbruch Museum Altranft","article_publisher":"https:\/\/www.facebook.com\/oderbruchmuseum\/","article_modified_time":"2026-02-24T11:10:19+00:00","og_image":[{"width":600,"height":400,"url":"https:\/\/oderbruchmuseum.de\/wp-content\/uploads\/2024\/04\/unbenannt-11-3-Kopie.webp","type":"image\/webp"}],"twitter_card":"summary_large_image","twitter_misc":{"Szacowany czas czytania":"4 minuty"},"schema":{"@context":"https:\/\/schema.org","@graph":[{"@type":"WebPage","@id":"https:\/\/oderbruchmuseum.de\/besucherinfo\/","url":"https:\/\/oderbruchmuseum.de\/besucherinfo\/","name":"Informacje dla zwiedzaj\u0105cych - Muzeum Oderbruch Altranft","isPartOf":{"@id":"https:\/\/oderbruchmuseum.de\/#website"},"primaryImageOfPage":{"@id":"https:\/\/oderbruchmuseum.de\/besucherinfo\/#primaryimage"},"image":{"@id":"https:\/\/oderbruchmuseum.de\/besucherinfo\/#primaryimage"},"thumbnailUrl":"https:\/\/oderbruchmuseum.de\/wp-content\/uploads\/2024\/04\/unbenannt-11-3-Kopie.webp","datePublished":"2020-06-01T14:06:24+00:00","dateModified":"2026-02-24T11:10:19+00:00","description":"Wszystkie informacje dotycz\u0105ce wizyty w Muzeum Oderbruch z godzinami otwarcia, wskaz\u00f3wkami dojazdu, cenami bilet\u00f3w i wycieczkami grupowymi","breadcrumb":{"@id":"https:\/\/oderbruchmuseum.de\/besucherinfo\/#breadcrumb"},"inLanguage":"pl-PL","potentialAction":[{"@type":"ReadAction","target":["https:\/\/oderbruchmuseum.de\/besucherinfo\/"]}]},{"@type":"ImageObject","inLanguage":"pl-PL","@id":"https:\/\/oderbruchmuseum.de\/besucherinfo\/#primaryimage","url":"https:\/\/oderbruchmuseum.de\/wp-content\/uploads\/2024\/04\/unbenannt-11-3-Kopie.webp","contentUrl":"https:\/\/oderbruchmuseum.de\/wp-content\/uploads\/2024\/04\/unbenannt-11-3-Kopie.webp"},{"@type":"BreadcrumbList","@id":"https:\/\/oderbruchmuseum.de\/besucherinfo\/#breadcrumb","itemListElement":[{"@type":"ListItem","position":1,"name":"Startseite","item":"https:\/\/oderbruchmuseum.de\/"},{"@type":"ListItem","position":2,"name":"Besucherinfo"}]},{"@type":"WebSite","@id":"https:\/\/oderbruchmuseum.de\/#website","url":"https:\/\/oderbruchmuseum.de\/","name":"Muzeum Oderbruch Altranft","description":"Warsztaty kultury wiejskiej","publisher":{"@id":"https:\/\/oderbruchmuseum.de\/#organization"},"potentialAction":[{"@type":"SearchAction","target":{"@type":"EntryPoint","urlTemplate":"https:\/\/oderbruchmuseum.de\/?s={search_term_string}"},"query-input":{"@type":"PropertyValueSpecification","valueRequired":true,"valueName":"search_term_string"}}],"inLanguage":"pl-PL"},{"@type":"Organization","@id":"https:\/\/oderbruchmuseum.de\/#organization","name":"Muzeum Oderbruch","url":"https:\/\/oderbruchmuseum.de\/","logo":{"@type":"ImageObject","inLanguage":"pl-PL","@id":"https:\/\/oderbruchmuseum.de\/#\/schema\/logo\/image\/","url":"https:\/\/oderbruchmuseum.de\/wp-content\/uploads\/2020\/05\/rad-oderbruchmuseum.png","contentUrl":"https:\/\/oderbruchmuseum.de\/wp-content\/uploads\/2020\/05\/rad-oderbruchmuseum.png","width":487,"height":451,"caption":"Oderbruchmuseum"},"image":{"@id":"https:\/\/oderbruchmuseum.de\/#\/schema\/logo\/image\/"},"sameAs":["https:\/\/www.facebook.com\/oderbruchmuseum\/","https:\/\/www.instagram.com\/oderbruchmuseum\/"]}]}},"jetpack_sharing_enabled":true,"_links":{"self":[{"href":"https:\/\/oderbruchmuseum.de\/pl\/wp-json\/wp\/v2\/pages\/1223","targetHints":{"allow":["GET"]}}],"collection":[{"href":"https:\/\/oderbruchmuseum.de\/pl\/wp-json\/wp\/v2\/pages"}],"about":[{"href":"https:\/\/oderbruchmuseum.de\/pl\/wp-json\/wp\/v2\/types\/page"}],"author":[{"embeddable":true,"href":"https:\/\/oderbruchmuseum.de\/pl\/wp-json\/wp\/v2\/users\/1"}],"replies":[{"embeddable":true,"href":"https:\/\/oderbruchmuseum.de\/pl\/wp-json\/wp\/v2\/comments?post=1223"}],"version-history":[{"count":3,"href":"https:\/\/oderbruchmuseum.de\/pl\/wp-json\/wp\/v2\/pages\/1223\/revisions"}],"predecessor-version":[{"id":15596,"href":"https:\/\/oderbruchmuseum.de\/pl\/wp-json\/wp\/v2\/pages\/1223\/revisions\/15596"}],"wp:attachment":[{"href":"https:\/\/oderbruchmuseum.de\/pl\/wp-json\/wp\/v2\/media?parent=1223"}],"curies":[{"name":"wp","href":"https:\/\/api.w.org\/{rel}","templated":true}]}}