{"id":9080,"date":"2022-06-29T14:41:08","date_gmt":"2022-06-29T12:41:08","guid":{"rendered":"https:\/\/oderbruchmuseum.de\/?page_id=9080"},"modified":"2022-07-04T12:01:13","modified_gmt":"2022-07-04T10:01:13","slug":"erklaerung-zur-barrierefreiheit","status":"publish","type":"page","link":"https:\/\/oderbruchmuseum.de\/en\/erklaerung-zur-barrierefreiheit\/","title":{"rendered":"Accessibility statement"},"content":{"rendered":"<p>The Museumsverein Altranft e.V. endeavors to make its website www.oderbruchmuseum.de accessible without barriers in accordance with the Brandenburg Equal Opportunities for Disabled Persons Act BbgBGG and the Brandenburg Barrier-Free Information Technology Ordinance BbgBITV in conjunction with the Barrier-Free Information Technology Ordinance BITV 2.0).<\/p>\n\n\n\n<h3 class=\"wp-block-heading\">Current status of the content confirmit: <\/h3>\n\n\n\n<p>Partially compliant.<\/p>\n\n\n\n<h3 class=\"wp-block-heading\">Evaluation method: <\/h3>\n\n\n\n<p>Self-assessment<\/p>\n\n\n\n<h3 class=\"wp-block-heading\">Known accessibility issues: <\/h3>\n\n\n\n<p>We strive to make the website as accessible as possible, however, problems may occur during use. In the following, we set out the accessibility problems that we are aware of.<\/p>\n\n\n\n<h3 class=\"wp-block-heading\">PDF documents: <\/h3>\n\n\n\n<p>Our PDF documents do not yet comply with accessibility requirements. Will be implemented.<\/p>\n\n\n\n<h3 class=\"wp-block-heading\">Alternative texts<\/h3>\n\n\n\n<p>do not yet comply with accessibility requirements. Will be implemented.<\/p>\n\n\n\n<h3 class=\"wp-block-heading\">Sign language <\/h3>\n\n\n\n<p>do not yet comply with accessibility requirements. Will be implemented.<\/p>\n\n\n\n<h3 class=\"wp-block-heading\">Easy language <\/h3>\n\n\n\n<p>do not yet comply with accessibility requirements. Will be implemented.<\/p>\n\n\n\n<p>This statement was prepared on June 29, 2022.<\/p>\n\n\n\n<div style=\"height:30px\" aria-hidden=\"true\" class=\"wp-block-spacer\"><\/div>\n\n\n\n<h3 class=\"wp-block-heading\" style=\"font-size:26px\">Feedback and contact<\/h3>\n\n\n\n<p>Have you noticed any deficiencies in barrier-free access or in the specific content of www.oderbruchmuseum.de? Then please contact us:<\/p>\n\n\n\n<p>Museum Society Altranft e.V.<br>Am Anger 27<br>16259 Bad Freienwalde OT Altranft<br>0 33 44 - 33 39 11<br><a href=\"mailto:info@oderbruchmuseum.de\">info@oderbruchmuseum.de<\/a><\/p>\n\n\n\n<h3 class=\"wp-block-heading\">Enforcement proceedings<\/h3>\n\n\n\n<p>If you do not receive a satisfactory response from the above contact option or if you do not receive a response within a period of three weeks, you can submit a corresponding application to the Enforcement Body of the State of Brandenburg, established at the Ministry of Social Affairs, Health, Integration and Consumer Protection of the State of Brandenburg - State Disability Commissioner, for a review of the regulations and measures specified in the Accessibility Statement. The enforcement body checks the legal validity of the application from the point of view of content. In individual cases, it orders a technical review of the website at the Monitoring Body for Accessibility of Web and Application Technologies in the State of Brandenburg.<\/p>\n\n\n\n<p>The enforcement body according to \u00a7 4 para. 3 BbgBITV has the task of settling disputes on the topic of accessibility in IT between people with disabilities and public bodies in the state of Brandenburg. The enforcement procedure is free of charge. No legal counsel needs to be involved.<\/p>\n\n\n\n<h3 class=\"wp-block-heading\">Contact<\/h3>\n\n\n\n<p>Ministry for Social Affairs, Health, Integration and Consumer Protection of the State of Brandenburg<br>State Disability Commissioner | Enforcement Agency<br>Henning-von-Tresckow-Strasse 2-13, House S<br>14467 Potsdam<br>Email: Durchsetzung.BIT@MSGIV.Brandenburg.de<\/p>","protected":false},"excerpt":{"rendered":"<p>The Museumsverein Altranft e.V. endeavors to make its website www.oderbruchmuseum.de accessible in accordance with the Brandenburg Disability Equality Act BbgBGG and the Brandenburg Barrier-free Information Technology Ordinance BbgBITV in conjunction with the Barrier-free Information Technology Ordinance BITV 2.0). Current status of content conformity: Partially compliant. Evaluation method: Self-assessment Known accessibility issues: We strive to make the website as accessible as possible, but problems may still occur during use. In the following we<\/p>","protected":false},"author":1,"featured_media":0,"parent":0,"menu_order":0,"comment_status":"closed","ping_status":"closed","template":"","meta":{"inline_featured_image":false,"footnotes":""},"class_list":["post-9080","page","type-page","status-publish","hentry"],"yoast_head":"<!-- This site is optimized with the Yoast SEO plugin v27.4 - https:\/\/yoast.com\/product\/yoast-seo-wordpress\/ -->\n<title>Erkl\u00e4rung zur Barrierefreiheit - Oderbruch Museum Altranft<\/title>\n<meta name=\"robots\" content=\"index, follow, max-snippet:-1, max-image-preview:large, max-video-preview:-1\" \/>\n<link rel=\"canonical\" href=\"https:\/\/oderbruchmuseum.de\/en\/erklaerung-zur-barrierefreiheit\/\" \/>\n<meta property=\"og:locale\" content=\"en_US\" \/>\n<meta property=\"og:type\" content=\"article\" \/>\n<meta property=\"og:title\" content=\"Erkl\u00e4rung zur Barrierefreiheit - Oderbruch Museum Altranft\" \/>\n<meta property=\"og:description\" content=\"Der Museumsverein Altranft e.V. ist bem\u00fcht, seine Website www.oderbruchmuseum.de im Einklang mit dem Brandenburgischen Behindertengleichstellungsgesetz BbgBGG sowie der Verordnung zur Brandenburgischen Barrierefreien Informationstechnik BbgBITV in Verbindung mit der Barrierefreie-Informationstechnik-Verordnung BITV 2.0) barrierefrei zug\u00e4nglich zu machen. Aktueller Status der Inhaltskonfirmit\u00e4t: Teilweise konform. Bewertungsmethode: Selbsteinsch\u00e4tzung Bekannte Probleme bei der Barrierefreiheit: Wir bem\u00fchen uns die Webseite so barrierefrei wie m\u00f6glich zu gestalten, dennoch k\u00f6nnen bei der Benutzung Probleme auftreten. Im Folgenden legen wir\" \/>\n<meta property=\"og:url\" content=\"https:\/\/oderbruchmuseum.de\/en\/erklaerung-zur-barrierefreiheit\/\" \/>\n<meta property=\"og:site_name\" content=\"Oderbruch Museum Altranft\" \/>\n<meta property=\"article:publisher\" content=\"https:\/\/www.facebook.com\/oderbruchmuseum\/\" \/>\n<meta property=\"article:modified_time\" content=\"2022-07-04T10:01:13+00:00\" \/>\n<meta name=\"twitter:card\" content=\"summary_large_image\" \/>\n<meta name=\"twitter:label1\" content=\"Est. reading time\" \/>\n\t<meta name=\"twitter:data1\" content=\"2 minutes\" \/>\n<script type=\"application\/ld+json\" class=\"yoast-schema-graph\">{\"@context\":\"https:\\\/\\\/schema.org\",\"@graph\":[{\"@type\":\"WebPage\",\"@id\":\"https:\\\/\\\/oderbruchmuseum.de\\\/erklaerung-zur-barrierefreiheit\\\/\",\"url\":\"https:\\\/\\\/oderbruchmuseum.de\\\/erklaerung-zur-barrierefreiheit\\\/\",\"name\":\"Erkl\u00e4rung zur Barrierefreiheit - Oderbruch Museum Altranft\",\"isPartOf\":{\"@id\":\"https:\\\/\\\/oderbruchmuseum.de\\\/#website\"},\"datePublished\":\"2022-06-29T12:41:08+00:00\",\"dateModified\":\"2022-07-04T10:01:13+00:00\",\"breadcrumb\":{\"@id\":\"https:\\\/\\\/oderbruchmuseum.de\\\/erklaerung-zur-barrierefreiheit\\\/#breadcrumb\"},\"inLanguage\":\"en-US\",\"potentialAction\":[{\"@type\":\"ReadAction\",\"target\":[\"https:\\\/\\\/oderbruchmuseum.de\\\/erklaerung-zur-barrierefreiheit\\\/\"]}]},{\"@type\":\"BreadcrumbList\",\"@id\":\"https:\\\/\\\/oderbruchmuseum.de\\\/erklaerung-zur-barrierefreiheit\\\/#breadcrumb\",\"itemListElement\":[{\"@type\":\"ListItem\",\"position\":1,\"name\":\"Startseite\",\"item\":\"https:\\\/\\\/oderbruchmuseum.de\\\/\"},{\"@type\":\"ListItem\",\"position\":2,\"name\":\"Erkl\u00e4rung zur Barrierefreiheit\"}]},{\"@type\":\"WebSite\",\"@id\":\"https:\\\/\\\/oderbruchmuseum.de\\\/#website\",\"url\":\"https:\\\/\\\/oderbruchmuseum.de\\\/\",\"name\":\"Oderbruchmuseum Altranft\",\"description\":\"Werkstatt f\u00fcr l\u00e4ndliche Kultur\",\"publisher\":{\"@id\":\"https:\\\/\\\/oderbruchmuseum.de\\\/#organization\"},\"potentialAction\":[{\"@type\":\"SearchAction\",\"target\":{\"@type\":\"EntryPoint\",\"urlTemplate\":\"https:\\\/\\\/oderbruchmuseum.de\\\/?s={search_term_string}\"},\"query-input\":{\"@type\":\"PropertyValueSpecification\",\"valueRequired\":true,\"valueName\":\"search_term_string\"}}],\"inLanguage\":\"en-US\"},{\"@type\":\"Organization\",\"@id\":\"https:\\\/\\\/oderbruchmuseum.de\\\/#organization\",\"name\":\"Oderbruchmuseum\",\"url\":\"https:\\\/\\\/oderbruchmuseum.de\\\/\",\"logo\":{\"@type\":\"ImageObject\",\"inLanguage\":\"en-US\",\"@id\":\"https:\\\/\\\/oderbruchmuseum.de\\\/#\\\/schema\\\/logo\\\/image\\\/\",\"url\":\"https:\\\/\\\/oderbruchmuseum.de\\\/wp-content\\\/uploads\\\/2020\\\/05\\\/rad-oderbruchmuseum.png\",\"contentUrl\":\"https:\\\/\\\/oderbruchmuseum.de\\\/wp-content\\\/uploads\\\/2020\\\/05\\\/rad-oderbruchmuseum.png\",\"width\":487,\"height\":451,\"caption\":\"Oderbruchmuseum\"},\"image\":{\"@id\":\"https:\\\/\\\/oderbruchmuseum.de\\\/#\\\/schema\\\/logo\\\/image\\\/\"},\"sameAs\":[\"https:\\\/\\\/www.facebook.com\\\/oderbruchmuseum\\\/\",\"https:\\\/\\\/www.instagram.com\\\/oderbruchmuseum\\\/\"]}]}<\/script>\n<!-- \/ Yoast SEO plugin. -->","yoast_head_json":{"title":"Declaration on accessibility - Oderbruch Museum Altranft","robots":{"index":"index","follow":"follow","max-snippet":"max-snippet:-1","max-image-preview":"max-image-preview:large","max-video-preview":"max-video-preview:-1"},"canonical":"https:\/\/oderbruchmuseum.de\/en\/erklaerung-zur-barrierefreiheit\/","og_locale":"en_US","og_type":"article","og_title":"Erkl\u00e4rung zur Barrierefreiheit - Oderbruch Museum Altranft","og_description":"Der Museumsverein Altranft e.V. ist bem\u00fcht, seine Website www.oderbruchmuseum.de im Einklang mit dem Brandenburgischen Behindertengleichstellungsgesetz BbgBGG sowie der Verordnung zur Brandenburgischen Barrierefreien Informationstechnik BbgBITV in Verbindung mit der Barrierefreie-Informationstechnik-Verordnung BITV 2.0) barrierefrei zug\u00e4nglich zu machen. Aktueller Status der Inhaltskonfirmit\u00e4t: Teilweise konform. Bewertungsmethode: Selbsteinsch\u00e4tzung Bekannte Probleme bei der Barrierefreiheit: Wir bem\u00fchen uns die Webseite so barrierefrei wie m\u00f6glich zu gestalten, dennoch k\u00f6nnen bei der Benutzung Probleme auftreten. Im Folgenden legen wir","og_url":"https:\/\/oderbruchmuseum.de\/en\/erklaerung-zur-barrierefreiheit\/","og_site_name":"Oderbruch Museum Altranft","article_publisher":"https:\/\/www.facebook.com\/oderbruchmuseum\/","article_modified_time":"2022-07-04T10:01:13+00:00","twitter_card":"summary_large_image","twitter_misc":{"Est. reading time":"2 minutes"},"schema":{"@context":"https:\/\/schema.org","@graph":[{"@type":"WebPage","@id":"https:\/\/oderbruchmuseum.de\/erklaerung-zur-barrierefreiheit\/","url":"https:\/\/oderbruchmuseum.de\/erklaerung-zur-barrierefreiheit\/","name":"Declaration on accessibility - Oderbruch Museum Altranft","isPartOf":{"@id":"https:\/\/oderbruchmuseum.de\/#website"},"datePublished":"2022-06-29T12:41:08+00:00","dateModified":"2022-07-04T10:01:13+00:00","breadcrumb":{"@id":"https:\/\/oderbruchmuseum.de\/erklaerung-zur-barrierefreiheit\/#breadcrumb"},"inLanguage":"en-US","potentialAction":[{"@type":"ReadAction","target":["https:\/\/oderbruchmuseum.de\/erklaerung-zur-barrierefreiheit\/"]}]},{"@type":"BreadcrumbList","@id":"https:\/\/oderbruchmuseum.de\/erklaerung-zur-barrierefreiheit\/#breadcrumb","itemListElement":[{"@type":"ListItem","position":1,"name":"Startseite","item":"https:\/\/oderbruchmuseum.de\/"},{"@type":"ListItem","position":2,"name":"Erkl\u00e4rung zur Barrierefreiheit"}]},{"@type":"WebSite","@id":"https:\/\/oderbruchmuseum.de\/#website","url":"https:\/\/oderbruchmuseum.de\/","name":"Oderbruch Museum Altranft","description":"Rural culture workshop","publisher":{"@id":"https:\/\/oderbruchmuseum.de\/#organization"},"potentialAction":[{"@type":"SearchAction","target":{"@type":"EntryPoint","urlTemplate":"https:\/\/oderbruchmuseum.de\/?s={search_term_string}"},"query-input":{"@type":"PropertyValueSpecification","valueRequired":true,"valueName":"search_term_string"}}],"inLanguage":"en-US"},{"@type":"Organization","@id":"https:\/\/oderbruchmuseum.de\/#organization","name":"Oderbruch Museum","url":"https:\/\/oderbruchmuseum.de\/","logo":{"@type":"ImageObject","inLanguage":"en-US","@id":"https:\/\/oderbruchmuseum.de\/#\/schema\/logo\/image\/","url":"https:\/\/oderbruchmuseum.de\/wp-content\/uploads\/2020\/05\/rad-oderbruchmuseum.png","contentUrl":"https:\/\/oderbruchmuseum.de\/wp-content\/uploads\/2020\/05\/rad-oderbruchmuseum.png","width":487,"height":451,"caption":"Oderbruchmuseum"},"image":{"@id":"https:\/\/oderbruchmuseum.de\/#\/schema\/logo\/image\/"},"sameAs":["https:\/\/www.facebook.com\/oderbruchmuseum\/","https:\/\/www.instagram.com\/oderbruchmuseum\/"]}]}},"jetpack_sharing_enabled":true,"_links":{"self":[{"href":"https:\/\/oderbruchmuseum.de\/en\/wp-json\/wp\/v2\/pages\/9080","targetHints":{"allow":["GET"]}}],"collection":[{"href":"https:\/\/oderbruchmuseum.de\/en\/wp-json\/wp\/v2\/pages"}],"about":[{"href":"https:\/\/oderbruchmuseum.de\/en\/wp-json\/wp\/v2\/types\/page"}],"author":[{"embeddable":true,"href":"https:\/\/oderbruchmuseum.de\/en\/wp-json\/wp\/v2\/users\/1"}],"replies":[{"embeddable":true,"href":"https:\/\/oderbruchmuseum.de\/en\/wp-json\/wp\/v2\/comments?post=9080"}],"version-history":[{"count":0,"href":"https:\/\/oderbruchmuseum.de\/en\/wp-json\/wp\/v2\/pages\/9080\/revisions"}],"wp:attachment":[{"href":"https:\/\/oderbruchmuseum.de\/en\/wp-json\/wp\/v2\/media?parent=9080"}],"curies":[{"name":"wp","href":"https:\/\/api.w.org\/{rel}","templated":true}]}}