{"id":9061,"date":"2022-06-29T14:25:38","date_gmt":"2022-06-29T12:25:38","guid":{"rendered":"https:\/\/oderbruchmuseum.de\/?page_id=9061"},"modified":"2025-01-09T18:07:55","modified_gmt":"2025-01-09T17:07:55","slug":"hinweise-zur-barrierefreiheit-imoderbruch-museum-altranft","status":"publish","type":"page","link":"https:\/\/oderbruchmuseum.de\/en\/hinweise-zur-barrierefreiheit-imoderbruch-museum-altranft\/","title":{"rendered":"Information on accessibility in the Oderbruch Museum Altranft"},"content":{"rendered":"<h2 class=\"wp-block-heading\">General notes<\/h2>\n\n\n\n<h3 class=\"wp-block-heading has-medium-font-size\">Directions<\/h3>\n\n\n\n<p>By car<br>From Berlin via the B158 and B167.<br>There is ample free parking and two handicapped parking spaces available directly in front of the museum. You are welcome to drive up to the front of the museum by appointment, get in and out, and then re-park.<br>Trail conditions: dirt roads, gravel.<br>&nbsp;<br>By train<br>Altranft station is a stop on the RB 60 Eberswalde-Wriezen railroad line.<br>The museum is about 1100 meters walking distance from the train station.<br>Trail conditions: dirt roads, cobblestones, gravel.<br>&nbsp;<br>Public transport<br>The following bus lines depart from Bad Freienwalde train station: 875\/885\/886\/889\/958.<br>The stop is about 700 meters from the museum.<br>Trail conditions: dirt roads, cobblestones, flagstones, gravel.<\/p>\n\n\n\n<h3 class=\"wp-block-heading\"><strong>Information about the outdoor area of the museum<\/strong><\/h3>\n\n\n\n<p>Our stair lift at the side entrance allows you to access the first floor even if you have difficulty walking. Please inform our staff in advance by telephone on 0 33 44 - 33 39 11.<\/p>\n\n\n\n<h3 class=\"wp-block-heading\"><strong>Museum information<\/strong><\/h3>\n\n\n\n<p>The individual levels in the museum are not barrier-free accessible.<br>There are lockers on the first floor.<br>Throughout the museum you have free wifi.<br>The doors to the exhibition rooms are always open during opening hours.<br>The toilet areas on the first floor are equipped with a disabled toilet and an emergency button. The toilet does not have a turning circle.&nbsp;<br>There is ample seating in the exhibit areas.<br>Throughout the museum building, obstacles (such as door thresholds,<br>Stairs) not marked.<br>There is catering in the museum, which is partially barrier-free. There are<br>Seating inside the museum and outside.<\/p>\n\n\n\n<p>You can find our admission prices on our home page under the heading Museum and<br><a href=\"https:\/\/oderbruchmuseum.de\/en\/besucherinfo\/\">Visitor info<\/a>.<br>Visitors with a severely disabled pass and their<br>Accompanying persons receive a reduced entrance fee.<br>Information material about the museum and its offers in German and English can be found in the museum, on the homepage and in the social networks.<br>You are welcome to borrow an audio guide.<\/p>\n\n\n\n<p>Do you have any questions about the museum? Feel free to call us or send us an e-mail.<br>Oderbruch Museum Altranft<br>Am Anger 27<br>16259 Bad Freienwalde\/ OT Altranft<br>Tel. 03344 333911<br>Email: <a href=\"mailto:info@oderbruchmuseum.de\">info@oderbruchmuseum.de<\/a><br>&nbsp;<br>Our museum employees are sensitized to the topic of accessibility and in dealing with different target groups in the museum.<br>We are happy to adapt to simple language.<br>We will be happy to help and support you in planning your visit to the museum and during your stay.<br>We will be happy to prepare inclusive placement offers on request and by arrangement.<\/p>\n\n\n\n<div style=\"height:30px\" aria-hidden=\"true\" class=\"wp-block-spacer\"><\/div>\n\n\n\n<h2 class=\"wp-block-heading\">Further target group oriented hints<\/h2>\n\n\n\n<h3 class=\"wp-block-heading\">Information for visitors with walking difficulties<\/h3>\n\n\n\n<p>Unfortunately, not all of our buildings have wheelchair access. However, we are working on an improvement and will do our best to help you with access. You are welcome to book your visit in advance at <br>0 33 44 - 33 39 11 by telephone so that we can prepare for this.&nbsp;<\/p>\n\n\n\n<h3 class=\"wp-block-heading\">Information for blind and visually impaired visitors<\/h3>\n\n\n\n<p>See General Notes.<br>The museum does not have a guide system for the blind. If necessary visit our<br>Exhibition gladly with an accompanying person.<br>Guide dogs are allowed in the exhibition halls.<br>Throughout the exhibition, the objects may be touched.<br>The lighting conditions are different in the individual exhibition areas. There is daylight in the exhibition area, but artificial light is also used. Individual objects are additionally illuminated. We make sure that our rooms and objects are well illuminated.<br>Almost all exhibits can be viewed without glass.<\/p>\n\n\n\n<h3 class=\"wp-block-heading\">Information for deaf and hearing impaired visitors<\/h3>\n\n\n\n<p>The museum does not have an induction loop system.<br>There are currently no videos with sign language.<\/p>\n\n\n\n<h3 class=\"wp-block-heading\">Information for visitors in wheelchairs<\/h3>\n\n\n\n<p>See General Notes.<\/p>\n\n\n\n<p>Our stair lift at the side entrance allows you to access the first floor even if you have difficulty walking. Please inform our staff in advance by telephone on 0 33 44 - 33 39 11.<br>Doors, entrances and aisle widths throughout the museum area are not wheelchair accessible. A turning circle given.<br>The reception counter does not have different heights and cannot be moved underneath. Communication while seated is possible.<br>The showcases can be viewed for the most part.<br>The exhibition texts are partially at sight level.<br>The disabled toilet does not have a sufficient turning circle.<\/p>\n\n\n\n<h3 class=\"wp-block-heading\">Tips for families<\/h3>\n\n\n\n<p>See General Notes.<br>The exhibition rooms are partially accessible with a stroller.<br>All family members are welcome to participate in our hands-on stations.<br>There is a baby changing area. Upon request, we will also be happy to provide you with a quiet area<br>provided for breastfeeding. Please contact us.&nbsp;<\/p>\n\n\n\n<h3 class=\"wp-block-heading\">Notes for seniors<\/h3>\n\n\n\n<p>See General Notes.<\/p>\n\n\n\n<h3 class=\"wp-block-heading\">Information for visitors with learning difficulties<\/h3>\n\n\n\n<p>In the museum you can not yet read texts in plain language.<br>You can ask questions.<br>There are many objects.<br>You can learn a lot in the museum.<br>We look forward to seeing you.<\/p>\n\n\n\n<h3 class=\"wp-block-heading\">Notes for non-native speakers<\/h3>\n\n\n\n<p>Guided tours can be conducted in English.<br>Please register in advance.<br>In the museum you will find introductory information in English.<br>We offer english guided tours.<br>Please register in advance.<br>In our museum you will find some preliminary information in English.<br>&nbsp;<\/p>\n\n\n\n<p>The accessibility information provided here was created on site and is reviewed regularly.<br>28.06.2022<\/p>\n\n\n\n<p><em>The notes on accessibility were prepared together with the Museumsverband des Landes Brandenburg e.V..<\/em><br>&nbsp;<br>&nbsp;<\/p>","protected":false},"excerpt":{"rendered":"<p>General information How to get there By carFrom Berlin via the B158 and B167.There are sufficient free parking spaces and two disabled parking spaces available directly in front of the museum. You are welcome to drive up to the front of the museum by appointment, get in and out of the car there, and then change parking.Route conditions: unpaved paths, gravel. By trainThe Altranft train station is a stop on the RB 60 Eberswalde-Wriezen line.The museum is about 1100 meters from the station on foot.Trail conditions: unpaved paths, cobblestones, gravel. Public transportFrom<\/p>","protected":false},"author":1,"featured_media":0,"parent":0,"menu_order":0,"comment_status":"closed","ping_status":"closed","template":"","meta":{"inline_featured_image":false,"footnotes":""},"class_list":["post-9061","page","type-page","status-publish","hentry"],"yoast_head":"<!-- This site is optimized with the Yoast SEO plugin v27.4 - https:\/\/yoast.com\/product\/yoast-seo-wordpress\/ -->\n<title>Hinweise zur Barrierefreiheit im Oderbruch Museum Altranft - Oderbruch Museum Altranft<\/title>\n<meta name=\"robots\" content=\"index, follow, max-snippet:-1, max-image-preview:large, max-video-preview:-1\" \/>\n<link rel=\"canonical\" href=\"https:\/\/oderbruchmuseum.de\/en\/hinweise-zur-barrierefreiheit-imoderbruch-museum-altranft\/\" \/>\n<meta property=\"og:locale\" content=\"en_US\" \/>\n<meta property=\"og:type\" content=\"article\" \/>\n<meta property=\"og:title\" content=\"Hinweise zur Barrierefreiheit im Oderbruch Museum Altranft - Oderbruch Museum Altranft\" \/>\n<meta property=\"og:description\" content=\"Allgemeine Hinweise Anfahrt Mit dem AutoVon Berlin \u00fcber die B158 und B167.Es sind ausreichend kostenfreie Parkpl\u00e4tze und zwei Behindertenparkpl\u00e4tze direkt vor dem Museum verf\u00fcgbar. Sie k\u00f6nnen nach Anmeldung gern bis vor das Museum fahren, dort ein- und aussteigen und dann umparken.Wegbeschaffenheit: unbefestigte Wege, Kies.&nbsp;Mit der BahnDer Bahnhof Altranft ist Haltepunkt der Bahnlinie RB 60 Eberswalde-Wriezen.Das Museum ist ca. 1100 Meter vom Bahnhof fu\u00dfl\u00e4ufig zu erreichen.Wegbeschaffenheit: unbefestigte Wege, Kopfsteinpflaster, Kies.&nbsp;\u00d6ffentliche VerkehrsmittelVom\" \/>\n<meta property=\"og:url\" content=\"https:\/\/oderbruchmuseum.de\/en\/hinweise-zur-barrierefreiheit-imoderbruch-museum-altranft\/\" \/>\n<meta property=\"og:site_name\" content=\"Oderbruch Museum Altranft\" \/>\n<meta property=\"article:publisher\" content=\"https:\/\/www.facebook.com\/oderbruchmuseum\/\" \/>\n<meta property=\"article:modified_time\" content=\"2025-01-09T17:07:55+00:00\" \/>\n<meta name=\"twitter:card\" content=\"summary_large_image\" \/>\n<meta name=\"twitter:label1\" content=\"Est. reading time\" \/>\n\t<meta name=\"twitter:data1\" content=\"5 minutes\" \/>\n<script type=\"application\/ld+json\" class=\"yoast-schema-graph\">{\"@context\":\"https:\\\/\\\/schema.org\",\"@graph\":[{\"@type\":\"WebPage\",\"@id\":\"https:\\\/\\\/oderbruchmuseum.de\\\/hinweise-zur-barrierefreiheit-imoderbruch-museum-altranft\\\/\",\"url\":\"https:\\\/\\\/oderbruchmuseum.de\\\/hinweise-zur-barrierefreiheit-imoderbruch-museum-altranft\\\/\",\"name\":\"Hinweise zur Barrierefreiheit im Oderbruch Museum Altranft - Oderbruch Museum Altranft\",\"isPartOf\":{\"@id\":\"https:\\\/\\\/oderbruchmuseum.de\\\/#website\"},\"datePublished\":\"2022-06-29T12:25:38+00:00\",\"dateModified\":\"2025-01-09T17:07:55+00:00\",\"breadcrumb\":{\"@id\":\"https:\\\/\\\/oderbruchmuseum.de\\\/hinweise-zur-barrierefreiheit-imoderbruch-museum-altranft\\\/#breadcrumb\"},\"inLanguage\":\"en-US\",\"potentialAction\":[{\"@type\":\"ReadAction\",\"target\":[\"https:\\\/\\\/oderbruchmuseum.de\\\/hinweise-zur-barrierefreiheit-imoderbruch-museum-altranft\\\/\"]}]},{\"@type\":\"BreadcrumbList\",\"@id\":\"https:\\\/\\\/oderbruchmuseum.de\\\/hinweise-zur-barrierefreiheit-imoderbruch-museum-altranft\\\/#breadcrumb\",\"itemListElement\":[{\"@type\":\"ListItem\",\"position\":1,\"name\":\"Startseite\",\"item\":\"https:\\\/\\\/oderbruchmuseum.de\\\/\"},{\"@type\":\"ListItem\",\"position\":2,\"name\":\"Hinweise zur Barrierefreiheit im Oderbruch Museum Altranft\"}]},{\"@type\":\"WebSite\",\"@id\":\"https:\\\/\\\/oderbruchmuseum.de\\\/#website\",\"url\":\"https:\\\/\\\/oderbruchmuseum.de\\\/\",\"name\":\"Oderbruchmuseum Altranft\",\"description\":\"Werkstatt f\u00fcr l\u00e4ndliche Kultur\",\"publisher\":{\"@id\":\"https:\\\/\\\/oderbruchmuseum.de\\\/#organization\"},\"potentialAction\":[{\"@type\":\"SearchAction\",\"target\":{\"@type\":\"EntryPoint\",\"urlTemplate\":\"https:\\\/\\\/oderbruchmuseum.de\\\/?s={search_term_string}\"},\"query-input\":{\"@type\":\"PropertyValueSpecification\",\"valueRequired\":true,\"valueName\":\"search_term_string\"}}],\"inLanguage\":\"en-US\"},{\"@type\":\"Organization\",\"@id\":\"https:\\\/\\\/oderbruchmuseum.de\\\/#organization\",\"name\":\"Oderbruchmuseum\",\"url\":\"https:\\\/\\\/oderbruchmuseum.de\\\/\",\"logo\":{\"@type\":\"ImageObject\",\"inLanguage\":\"en-US\",\"@id\":\"https:\\\/\\\/oderbruchmuseum.de\\\/#\\\/schema\\\/logo\\\/image\\\/\",\"url\":\"https:\\\/\\\/oderbruchmuseum.de\\\/wp-content\\\/uploads\\\/2020\\\/05\\\/rad-oderbruchmuseum.png\",\"contentUrl\":\"https:\\\/\\\/oderbruchmuseum.de\\\/wp-content\\\/uploads\\\/2020\\\/05\\\/rad-oderbruchmuseum.png\",\"width\":487,\"height\":451,\"caption\":\"Oderbruchmuseum\"},\"image\":{\"@id\":\"https:\\\/\\\/oderbruchmuseum.de\\\/#\\\/schema\\\/logo\\\/image\\\/\"},\"sameAs\":[\"https:\\\/\\\/www.facebook.com\\\/oderbruchmuseum\\\/\",\"https:\\\/\\\/www.instagram.com\\\/oderbruchmuseum\\\/\"]}]}<\/script>\n<!-- \/ Yoast SEO plugin. -->","yoast_head_json":{"title":"Information on accessibility at the Oderbruch Museum Altranft - Oderbruch Museum Altranft","robots":{"index":"index","follow":"follow","max-snippet":"max-snippet:-1","max-image-preview":"max-image-preview:large","max-video-preview":"max-video-preview:-1"},"canonical":"https:\/\/oderbruchmuseum.de\/en\/hinweise-zur-barrierefreiheit-imoderbruch-museum-altranft\/","og_locale":"en_US","og_type":"article","og_title":"Hinweise zur Barrierefreiheit im Oderbruch Museum Altranft - Oderbruch Museum Altranft","og_description":"Allgemeine Hinweise Anfahrt Mit dem AutoVon Berlin \u00fcber die B158 und B167.Es sind ausreichend kostenfreie Parkpl\u00e4tze und zwei Behindertenparkpl\u00e4tze direkt vor dem Museum verf\u00fcgbar. Sie k\u00f6nnen nach Anmeldung gern bis vor das Museum fahren, dort ein- und aussteigen und dann umparken.Wegbeschaffenheit: unbefestigte Wege, Kies.&nbsp;Mit der BahnDer Bahnhof Altranft ist Haltepunkt der Bahnlinie RB 60 Eberswalde-Wriezen.Das Museum ist ca. 1100 Meter vom Bahnhof fu\u00dfl\u00e4ufig zu erreichen.Wegbeschaffenheit: unbefestigte Wege, Kopfsteinpflaster, Kies.&nbsp;\u00d6ffentliche VerkehrsmittelVom","og_url":"https:\/\/oderbruchmuseum.de\/en\/hinweise-zur-barrierefreiheit-imoderbruch-museum-altranft\/","og_site_name":"Oderbruch Museum Altranft","article_publisher":"https:\/\/www.facebook.com\/oderbruchmuseum\/","article_modified_time":"2025-01-09T17:07:55+00:00","twitter_card":"summary_large_image","twitter_misc":{"Est. reading time":"5 minutes"},"schema":{"@context":"https:\/\/schema.org","@graph":[{"@type":"WebPage","@id":"https:\/\/oderbruchmuseum.de\/hinweise-zur-barrierefreiheit-imoderbruch-museum-altranft\/","url":"https:\/\/oderbruchmuseum.de\/hinweise-zur-barrierefreiheit-imoderbruch-museum-altranft\/","name":"Information on accessibility at the Oderbruch Museum Altranft - Oderbruch Museum Altranft","isPartOf":{"@id":"https:\/\/oderbruchmuseum.de\/#website"},"datePublished":"2022-06-29T12:25:38+00:00","dateModified":"2025-01-09T17:07:55+00:00","breadcrumb":{"@id":"https:\/\/oderbruchmuseum.de\/hinweise-zur-barrierefreiheit-imoderbruch-museum-altranft\/#breadcrumb"},"inLanguage":"en-US","potentialAction":[{"@type":"ReadAction","target":["https:\/\/oderbruchmuseum.de\/hinweise-zur-barrierefreiheit-imoderbruch-museum-altranft\/"]}]},{"@type":"BreadcrumbList","@id":"https:\/\/oderbruchmuseum.de\/hinweise-zur-barrierefreiheit-imoderbruch-museum-altranft\/#breadcrumb","itemListElement":[{"@type":"ListItem","position":1,"name":"Startseite","item":"https:\/\/oderbruchmuseum.de\/"},{"@type":"ListItem","position":2,"name":"Hinweise zur Barrierefreiheit im Oderbruch Museum Altranft"}]},{"@type":"WebSite","@id":"https:\/\/oderbruchmuseum.de\/#website","url":"https:\/\/oderbruchmuseum.de\/","name":"Oderbruch Museum Altranft","description":"Rural culture workshop","publisher":{"@id":"https:\/\/oderbruchmuseum.de\/#organization"},"potentialAction":[{"@type":"SearchAction","target":{"@type":"EntryPoint","urlTemplate":"https:\/\/oderbruchmuseum.de\/?s={search_term_string}"},"query-input":{"@type":"PropertyValueSpecification","valueRequired":true,"valueName":"search_term_string"}}],"inLanguage":"en-US"},{"@type":"Organization","@id":"https:\/\/oderbruchmuseum.de\/#organization","name":"Oderbruch Museum","url":"https:\/\/oderbruchmuseum.de\/","logo":{"@type":"ImageObject","inLanguage":"en-US","@id":"https:\/\/oderbruchmuseum.de\/#\/schema\/logo\/image\/","url":"https:\/\/oderbruchmuseum.de\/wp-content\/uploads\/2020\/05\/rad-oderbruchmuseum.png","contentUrl":"https:\/\/oderbruchmuseum.de\/wp-content\/uploads\/2020\/05\/rad-oderbruchmuseum.png","width":487,"height":451,"caption":"Oderbruchmuseum"},"image":{"@id":"https:\/\/oderbruchmuseum.de\/#\/schema\/logo\/image\/"},"sameAs":["https:\/\/www.facebook.com\/oderbruchmuseum\/","https:\/\/www.instagram.com\/oderbruchmuseum\/"]}]}},"jetpack_sharing_enabled":true,"_links":{"self":[{"href":"https:\/\/oderbruchmuseum.de\/en\/wp-json\/wp\/v2\/pages\/9061","targetHints":{"allow":["GET"]}}],"collection":[{"href":"https:\/\/oderbruchmuseum.de\/en\/wp-json\/wp\/v2\/pages"}],"about":[{"href":"https:\/\/oderbruchmuseum.de\/en\/wp-json\/wp\/v2\/types\/page"}],"author":[{"embeddable":true,"href":"https:\/\/oderbruchmuseum.de\/en\/wp-json\/wp\/v2\/users\/1"}],"replies":[{"embeddable":true,"href":"https:\/\/oderbruchmuseum.de\/en\/wp-json\/wp\/v2\/comments?post=9061"}],"version-history":[{"count":0,"href":"https:\/\/oderbruchmuseum.de\/en\/wp-json\/wp\/v2\/pages\/9061\/revisions"}],"wp:attachment":[{"href":"https:\/\/oderbruchmuseum.de\/en\/wp-json\/wp\/v2\/media?parent=9061"}],"curies":[{"name":"wp","href":"https:\/\/api.w.org\/{rel}","templated":true}]}}