{"id":311,"date":"2020-03-18T14:24:52","date_gmt":"2020-03-18T13:24:52","guid":{"rendered":"http:\/\/test.oderbruchmuseum.de\/?page_id=311"},"modified":"2020-08-31T16:20:21","modified_gmt":"2020-08-31T14:20:21","slug":"datenschutzerklaerung","status":"publish","type":"page","link":"https:\/\/oderbruchmuseum.de\/en\/datenschutzerklaerung\/","title":{"rendered":"Privacy policy"},"content":{"rendered":"<h2 class=\"wp-block-heading\">Privacy policy<\/h2>\n\n\n\n<h3 class=\"wp-block-heading\">Basic<\/h3>\n\n\n\n<p>The following information is intended to give you a simple overview of\n what happens to your personal data when you visit our website.\nwebsite. Personal data is any data that can be used to personally identify you.\ncan be personally identified. As the operator of this website\nwe take the protection of your personal data very seriously. We treat\n your personal data confidentially and in accordance with the\nlegal data protection regulations and this privacy policy.<\/p>\n\n\n\n<p>When you use this website, various personal data is collected.\n data are collected. Personal data is data with which you can be\ncan be personally identified. This\nprivacy policy explains what data we collect and what we use it for.\nuse them. It also explains how and for what purpose this is done.<\/p>\n\n\n\n<p>We point out that data transmission on the Internet (eg.\ncommunication by e-mail) may have security gaps. A\ncomplete protection of data from access by third parties is not possible.\npossible.<\/p>\n\n\n\n<h3 class=\"wp-block-heading\">Note on the responsible entity<\/h3>\n\n\n\n<p>The responsible party for data processing on this website is:<\/p>\n\n\n\n<p>Oderbruch Museum Altranft<br>Workshopfor rural culture<br>Am Anger 27<br>16259 Bad Freienwalde<br>OT Altranft<br><a href=\"tel:03344-333911\">0 33 44 - 33 39 11<br><\/a><a href=\"mailto:datenschutz@oderbruchmuseum.de\">datenschutz@oderbruchmuseum.de<\/a><\/p>\n\n\n\n<p>The responsible body is the natural or legal person,\nwho alone or jointly with others determines the purposes and means of the\nprocessing of personal data (e.g. names, e-mail addresses, etc.).\nor similar).<\/p>\n\n\n\n<h3 class=\"wp-block-heading\">Information, blocking, deletion<\/h3>\n\n\n\n<p>Within the scope of the applicable legal provisions, you have the right at any time\n the right to receive free information about your stored personal data\npersonal data, their origin and recipients and the purpose of the\ndata processing and, if applicable, the right to correction, blocking or\ndeletion of this data. For this as well as for further questions on the subject of\nyou can contact us at any time at the address given in the imprint.\naddress given in the imprint.<\/p>\n\n\n\n<h3 class=\"wp-block-heading\">Data collection on our website<\/h3>\n\n\n\n<h4 class=\"wp-block-heading\">Server log files<\/h4>\n\n\n\n<p>The provider of the pages automatically collects and stores\ninformation in so-called server log files, which your browser automatically\nautomatically transmits to us. These are:<\/p>\n\n\n\n<ul class=\"wp-block-list\"><li>Browser type and version<\/li><li>Operating system used<\/li><li>Referrer URL<\/li><li>Host name of the accessing computer<\/li><li>Time of the server request<\/li><li>IP address<\/li><\/ul>\n\n\n\n<p>This data is not merged with other data sources.\n undertaken. The basis for the data processing is Art. 6 para. 1 lit.\n f DSGVO, which permits the processing of data for the fulfillment of a contract\nor pre-contractual measures.<\/p>\n\n\n\n<h4 class=\"wp-block-heading\">Cookies<\/h4>\n\n\n\n<p>This website uses cookies for pseudonymized\nreach measurement, which are transmitted either from our server or the server\nthird party server to the user's browser. Cookies are\nare small files that are stored on your terminal device.\n your end device. Your browser accesses these files automatically. Through\nuse of cookies increases the usability and security of this website.\nsecurity of this website.<\/p>\n\n\n\n<p>Common browsers offer the setting option not to allow cookies.\ncookies. Note: It is not guaranteed that you will be able to access all of the\nfunctions of this website without any restrictions if you\nyou make the appropriate settings.<\/p>\n\n\n\n<h4 class=\"wp-block-heading\">Collection and processing of personal data<\/h4>\n\n\n\n<p>You can also visit this website without providing any personal information.\nto make. Your access data (without personal reference) on this website\nare stored in so-called server log files. These\ndata include, for example, the file you requested or the name of your Internet provider.\nname of your Internet provider. By making the data anonymous, it is not possible to\nconclusions on your person are not possible.<\/p>\n\n\n\n<h3 class=\"wp-block-heading\">Contact possibility<\/h3>\n\n\n\n<p>If you send us an inquiry by clicking on an e-mail address\nyour details, including the contact data you have provided there, will be used\ncontact data for the purpose of processing the request and for the case of\nin case of follow-up questions. We do not pass on this data without\nwithout your consent.<\/p>\n\n\n\n<p>The processing of the entered data is therefore exclusively\non the basis of your consent (Art. 6 para. 1 lit. a DSGVO). You\ncan revoke this consent at any time. For this purpose, an\ninformal communication by e-mail to us. The legality of the data processing\nthe revocation remains unaffected by the revocation.\nunaffected.<\/p>\n\n\n\n<p>The data you enter in the email will remain with us until\n you request us to delete the data, revoke your consent to store the data or\nrevoked or the purpose for storing the data no longer applies (e.g. after the\ncompleted processing of your request). Mandatory legal\nprovisions - in particular retention periods - remain unaffected.<\/p>\n\n\n\n<h3 class=\"wp-block-heading\">Use of social media plugins from Facebook<\/h3>\n\n\n\n<p>This website uses the Facebook Social plugin, which is provided by the\nFacebook Inc. (1 Hacker Way, Menlo Park, California 94025, USA).\nis operated. The integrations are recognizable by the Facebook logo\nthe terms \"Like\", \"Like\", \"Share\" in the colors of Facebook (blue and white).\nFacebook colors (blue and white). Information on all Facebook plugins\ncan be found via the following link: <a href=\"https:\/\/developers.facebook.com\/docs\/plugins\/\">https:\/\/developers.facebook.com\/docs\/plugins\/<br><\/a>Facebook Inc. complies with European data protection law and is certified under the Privacy Shield agreement: <a href=\"https:\/\/www.privacyshield.gov\/participant?id=a2zt0000000GnywAAC&amp;status=Active\">https:\/\/www.privacyshield.gov\/participant?id=a2zt0000000GnywAAC&amp;status=Active<br><\/a>The\n plugin establishes a direct connection between your browser and the\nFacebook servers. The website operator has no influence on\nthe nature and extent of the data that the plugin transmits to the servers of the\nFacebook Inc. servers. You can find information about this here: <a href=\"https:\/\/www.facebook.com\/help\/186325668085084\">https:\/\/www.facebook.com\/help\/186325668085084<br><\/a>The\n plugin informs Facebook Inc. that you, as a user, have visited this\nwebsite have visited. There is the possibility that your\nIP address is stored. If you are logged into your Facebook account during your visit to this\nIf you are logged into your Facebook account during your visit to this website, the aforementioned\ninformation will be linked to it.<br>If you use the functions of the\nplugin - for example, by sharing or \"liking\" a post - the corresponding\n corresponding information is also transmitted to Facebook Inc.\ntransmitted.<br>If you would like to prevent Facebook. Inc. linking this\nlinking this data to your Facebook account, please log out of Facebook before visiting this\nFacebook before visiting this website and delete the stored cookies.\n cookies. Via your Facebook profile, you can make further settings for the\ndata processing for advertising purposes or object to the use of your data for advertising purposes.\nfor advertising purposes. You can access the settings here:<\/p>\n\n\n\n<ul class=\"wp-block-list\"><li>Profile settings on Facebook: <a href=\"https:\/\/www.facebook.com\/ads\/preferences\/?entry_product=ad_settings_screen\">https:\/\/www.facebook.com\/ads\/preferences\/?entry_product=ad_settings_screen<\/a><\/li><li>Cookie deactivation page of the US website: <a href=\"http:\/\/optout.aboutads.info\/?c=2#!\/\">http:\/\/optout.aboutads.info\/?c=2#!\/<\/a><\/li><li>Cookie deactivation page of the European website: <a href=\"http:\/\/optout.networkadvertising.org\/?c=1#!\/\">http:\/\/optout.networkadvertising.org\/?c=1#!\/<\/a><\/li><\/ul>\n\n\n\n<p>What data, for what purpose and to what extent Facebook collects, uses and\ncollects, uses and processes data and what rights and\nsettings you have to protect your privacy,\nyou can read in the privacy policy of Facebook. This\ncan be found here: <a href=\"https:\/\/www.facebook.com\/about\/privacy\/\">https:\/\/www.facebook.com\/about\/privacy\/<\/a><\/p>\n\n\n\n<h3 class=\"wp-block-heading\">Newsletter<\/h3>\n\n\n\n<p>We offer you a newsletter, in which you can inform yourself about the\ncurrent events. If you would like to\nsubscribe to the newsletter, you must provide a valid e-mail address. If you subscribe to the\nsubscribe to the newsletter, you agree to receive the newsletter and to the\nthe explained procedures.<\/p>\n\n\n\n<p>You can revoke your consent to receive the newsletter at any time\nrevoke and thus cancel the newsletter subscription. After your\ncancellation, your personal data will be deleted. Your\nconsent to the newsletter dispatch expires at the same time. At the end\nof each newsletter you will find the link to cancel.<\/p>\n\n\n\n<h3 class=\"wp-block-heading\">Rights of the user<\/h3>\n\n\n\n<p>As a user, you have the right, upon request, to receive information free of charge\nabout which personal data has been stored about you.\n have been stored. You also have the right to have incorrect data corrected\nand to the restriction or deletion of your personal data.\npersonal data. If applicable, you may also exercise your right to data\n Data Portability. If you believe that your data has been\n processed unlawfully, you may lodge a complaint with the competent\ncompetent supervisory authority.<\/p>\n\n\n\n<h3 class=\"wp-block-heading\">Data deletion<\/h3>\n\n\n\n<p>Provided that your request does not conflict with a legal obligation to\ndata retention (e.g. data retention), you have the right to have your data\n you have the right to have your data deleted. Data stored by us\nstored by us will be deleted if they are no longer required for their purpose\nand there are no legal retention periods, it will be deleted. If\ndeletion cannot be carried out, because the data is required for permissible\n legal purposes, the data processing will be restricted.\ndata processing. In this case, the data will be blocked and will not be\nprocessed for other purposes.<\/p>\n\n\n\n<h3 class=\"wp-block-heading\">Right of objection<\/h3>\n\n\n\n<p>Users of this website can make use of their right to object\nand object to the processing of their personal data at any time.\nobject.<\/p>\n\n\n\n<p>If you wish to request correction, blocking, deletion or information about the\n personal data stored about you or if you have any questions\nhave questions regarding the collection, processing or use of your\nor use of your personal data or wish to revoke any consent you may have\nplease contact the following e-mail address: <a href=\"mailto:datenschutz@oderbruchmuseum.de\">datenschutz@oderbruchmuseum.de<\/a><\/p>\n\n\n\n<p>Status: July 18, 2018<\/p>","protected":false},"excerpt":{"rendered":"<p>Privacy Policy Basic The following information is intended to give you a simple overview of what happens to your personal data when you visit our website. Personal data is any data by which you can be personally identified. As the operator of this website, we take the protection of your personal data very seriously. We treat your personal data confidentially and in accordance with the statutory data protection regulations and this privacy policy. When you use this website, various personal<\/p>","protected":false},"author":1,"featured_media":0,"parent":0,"menu_order":0,"comment_status":"closed","ping_status":"closed","template":"","meta":{"inline_featured_image":false,"footnotes":""},"class_list":["post-311","page","type-page","status-publish","hentry"],"yoast_head":"<!-- This site is optimized with the Yoast SEO plugin v27.4 - https:\/\/yoast.com\/product\/yoast-seo-wordpress\/ -->\n<title>Datenschutzerkl\u00e4rung - Oderbruch Museum Altranft<\/title>\n<meta name=\"robots\" content=\"noindex, follow\" \/>\n<meta property=\"og:locale\" content=\"en_US\" \/>\n<meta property=\"og:type\" content=\"article\" \/>\n<meta property=\"og:title\" content=\"Datenschutzerkl\u00e4rung - Oderbruch Museum Altranft\" \/>\n<meta property=\"og:description\" content=\"Datenschutzerkl\u00e4rung Grundlegendes Die folgenden Hinweise sollen Ihnen einen einfachen \u00dcberblick dar\u00fcber geben, was mit Ihren personenbezogenen Daten passiert, wenn Sie unsere Website besuchen. Personenbezogene Daten sind alle Daten, mit denen Sie pers\u00f6nlich identifiziert werden k\u00f6nnen. Als Betreiber dieser Website nehmen wir den Schutz Ihrer pers\u00f6nlichen Daten sehr ernst. Wir behandeln Ihre personenbezogenen Daten vertraulich und entsprechend der gesetzlichen Datenschutzvorschriften sowie dieser Datenschutzerkl\u00e4rung. Wenn Sie diese Website benutzen, werden verschiedene personenbezogene\" \/>\n<meta property=\"og:url\" content=\"https:\/\/oderbruchmuseum.de\/en\/datenschutzerklaerung\/\" \/>\n<meta property=\"og:site_name\" content=\"Oderbruch Museum Altranft\" \/>\n<meta property=\"article:publisher\" content=\"https:\/\/www.facebook.com\/oderbruchmuseum\/\" \/>\n<meta property=\"article:modified_time\" content=\"2020-08-31T14:20:21+00:00\" \/>\n<meta name=\"twitter:card\" content=\"summary_large_image\" \/>\n<meta name=\"twitter:label1\" content=\"Est. reading time\" \/>\n\t<meta name=\"twitter:data1\" content=\"7 minutes\" \/>\n<script type=\"application\/ld+json\" class=\"yoast-schema-graph\">{\"@context\":\"https:\\\/\\\/schema.org\",\"@graph\":[{\"@type\":\"WebPage\",\"@id\":\"https:\\\/\\\/oderbruchmuseum.de\\\/datenschutzerklaerung\\\/\",\"url\":\"https:\\\/\\\/oderbruchmuseum.de\\\/datenschutzerklaerung\\\/\",\"name\":\"Datenschutzerkl\u00e4rung - Oderbruch Museum Altranft\",\"isPartOf\":{\"@id\":\"https:\\\/\\\/oderbruchmuseum.de\\\/#website\"},\"datePublished\":\"2020-03-18T13:24:52+00:00\",\"dateModified\":\"2020-08-31T14:20:21+00:00\",\"breadcrumb\":{\"@id\":\"https:\\\/\\\/oderbruchmuseum.de\\\/datenschutzerklaerung\\\/#breadcrumb\"},\"inLanguage\":\"en-US\",\"potentialAction\":[{\"@type\":\"ReadAction\",\"target\":[\"https:\\\/\\\/oderbruchmuseum.de\\\/datenschutzerklaerung\\\/\"]}]},{\"@type\":\"BreadcrumbList\",\"@id\":\"https:\\\/\\\/oderbruchmuseum.de\\\/datenschutzerklaerung\\\/#breadcrumb\",\"itemListElement\":[{\"@type\":\"ListItem\",\"position\":1,\"name\":\"Startseite\",\"item\":\"https:\\\/\\\/oderbruchmuseum.de\\\/\"},{\"@type\":\"ListItem\",\"position\":2,\"name\":\"Datenschutzerkl\u00e4rung\"}]},{\"@type\":\"WebSite\",\"@id\":\"https:\\\/\\\/oderbruchmuseum.de\\\/#website\",\"url\":\"https:\\\/\\\/oderbruchmuseum.de\\\/\",\"name\":\"Oderbruchmuseum Altranft\",\"description\":\"Werkstatt f\u00fcr l\u00e4ndliche Kultur\",\"publisher\":{\"@id\":\"https:\\\/\\\/oderbruchmuseum.de\\\/#organization\"},\"potentialAction\":[{\"@type\":\"SearchAction\",\"target\":{\"@type\":\"EntryPoint\",\"urlTemplate\":\"https:\\\/\\\/oderbruchmuseum.de\\\/?s={search_term_string}\"},\"query-input\":{\"@type\":\"PropertyValueSpecification\",\"valueRequired\":true,\"valueName\":\"search_term_string\"}}],\"inLanguage\":\"en-US\"},{\"@type\":\"Organization\",\"@id\":\"https:\\\/\\\/oderbruchmuseum.de\\\/#organization\",\"name\":\"Oderbruchmuseum\",\"url\":\"https:\\\/\\\/oderbruchmuseum.de\\\/\",\"logo\":{\"@type\":\"ImageObject\",\"inLanguage\":\"en-US\",\"@id\":\"https:\\\/\\\/oderbruchmuseum.de\\\/#\\\/schema\\\/logo\\\/image\\\/\",\"url\":\"https:\\\/\\\/oderbruchmuseum.de\\\/wp-content\\\/uploads\\\/2020\\\/05\\\/rad-oderbruchmuseum.png\",\"contentUrl\":\"https:\\\/\\\/oderbruchmuseum.de\\\/wp-content\\\/uploads\\\/2020\\\/05\\\/rad-oderbruchmuseum.png\",\"width\":487,\"height\":451,\"caption\":\"Oderbruchmuseum\"},\"image\":{\"@id\":\"https:\\\/\\\/oderbruchmuseum.de\\\/#\\\/schema\\\/logo\\\/image\\\/\"},\"sameAs\":[\"https:\\\/\\\/www.facebook.com\\\/oderbruchmuseum\\\/\",\"https:\\\/\\\/www.instagram.com\\\/oderbruchmuseum\\\/\"]}]}<\/script>\n<!-- \/ Yoast SEO plugin. -->","yoast_head_json":{"title":"Privacy policy - Oderbruch Museum Altranft","robots":{"index":"noindex","follow":"follow"},"og_locale":"en_US","og_type":"article","og_title":"Datenschutzerkl\u00e4rung - Oderbruch Museum Altranft","og_description":"Datenschutzerkl\u00e4rung Grundlegendes Die folgenden Hinweise sollen Ihnen einen einfachen \u00dcberblick dar\u00fcber geben, was mit Ihren personenbezogenen Daten passiert, wenn Sie unsere Website besuchen. Personenbezogene Daten sind alle Daten, mit denen Sie pers\u00f6nlich identifiziert werden k\u00f6nnen. Als Betreiber dieser Website nehmen wir den Schutz Ihrer pers\u00f6nlichen Daten sehr ernst. Wir behandeln Ihre personenbezogenen Daten vertraulich und entsprechend der gesetzlichen Datenschutzvorschriften sowie dieser Datenschutzerkl\u00e4rung. Wenn Sie diese Website benutzen, werden verschiedene personenbezogene","og_url":"https:\/\/oderbruchmuseum.de\/en\/datenschutzerklaerung\/","og_site_name":"Oderbruch Museum Altranft","article_publisher":"https:\/\/www.facebook.com\/oderbruchmuseum\/","article_modified_time":"2020-08-31T14:20:21+00:00","twitter_card":"summary_large_image","twitter_misc":{"Est. reading time":"7 minutes"},"schema":{"@context":"https:\/\/schema.org","@graph":[{"@type":"WebPage","@id":"https:\/\/oderbruchmuseum.de\/datenschutzerklaerung\/","url":"https:\/\/oderbruchmuseum.de\/datenschutzerklaerung\/","name":"Privacy policy - Oderbruch Museum Altranft","isPartOf":{"@id":"https:\/\/oderbruchmuseum.de\/#website"},"datePublished":"2020-03-18T13:24:52+00:00","dateModified":"2020-08-31T14:20:21+00:00","breadcrumb":{"@id":"https:\/\/oderbruchmuseum.de\/datenschutzerklaerung\/#breadcrumb"},"inLanguage":"en-US","potentialAction":[{"@type":"ReadAction","target":["https:\/\/oderbruchmuseum.de\/datenschutzerklaerung\/"]}]},{"@type":"BreadcrumbList","@id":"https:\/\/oderbruchmuseum.de\/datenschutzerklaerung\/#breadcrumb","itemListElement":[{"@type":"ListItem","position":1,"name":"Startseite","item":"https:\/\/oderbruchmuseum.de\/"},{"@type":"ListItem","position":2,"name":"Datenschutzerkl\u00e4rung"}]},{"@type":"WebSite","@id":"https:\/\/oderbruchmuseum.de\/#website","url":"https:\/\/oderbruchmuseum.de\/","name":"Oderbruch Museum Altranft","description":"Rural culture workshop","publisher":{"@id":"https:\/\/oderbruchmuseum.de\/#organization"},"potentialAction":[{"@type":"SearchAction","target":{"@type":"EntryPoint","urlTemplate":"https:\/\/oderbruchmuseum.de\/?s={search_term_string}"},"query-input":{"@type":"PropertyValueSpecification","valueRequired":true,"valueName":"search_term_string"}}],"inLanguage":"en-US"},{"@type":"Organization","@id":"https:\/\/oderbruchmuseum.de\/#organization","name":"Oderbruch Museum","url":"https:\/\/oderbruchmuseum.de\/","logo":{"@type":"ImageObject","inLanguage":"en-US","@id":"https:\/\/oderbruchmuseum.de\/#\/schema\/logo\/image\/","url":"https:\/\/oderbruchmuseum.de\/wp-content\/uploads\/2020\/05\/rad-oderbruchmuseum.png","contentUrl":"https:\/\/oderbruchmuseum.de\/wp-content\/uploads\/2020\/05\/rad-oderbruchmuseum.png","width":487,"height":451,"caption":"Oderbruchmuseum"},"image":{"@id":"https:\/\/oderbruchmuseum.de\/#\/schema\/logo\/image\/"},"sameAs":["https:\/\/www.facebook.com\/oderbruchmuseum\/","https:\/\/www.instagram.com\/oderbruchmuseum\/"]}]}},"jetpack_sharing_enabled":true,"_links":{"self":[{"href":"https:\/\/oderbruchmuseum.de\/en\/wp-json\/wp\/v2\/pages\/311","targetHints":{"allow":["GET"]}}],"collection":[{"href":"https:\/\/oderbruchmuseum.de\/en\/wp-json\/wp\/v2\/pages"}],"about":[{"href":"https:\/\/oderbruchmuseum.de\/en\/wp-json\/wp\/v2\/types\/page"}],"author":[{"embeddable":true,"href":"https:\/\/oderbruchmuseum.de\/en\/wp-json\/wp\/v2\/users\/1"}],"replies":[{"embeddable":true,"href":"https:\/\/oderbruchmuseum.de\/en\/wp-json\/wp\/v2\/comments?post=311"}],"version-history":[{"count":0,"href":"https:\/\/oderbruchmuseum.de\/en\/wp-json\/wp\/v2\/pages\/311\/revisions"}],"wp:attachment":[{"href":"https:\/\/oderbruchmuseum.de\/en\/wp-json\/wp\/v2\/media?parent=311"}],"curies":[{"name":"wp","href":"https:\/\/api.w.org\/{rel}","templated":true}]}}