{"id":2749,"date":"2020-06-18T12:58:10","date_gmt":"2020-06-18T10:58:10","guid":{"rendered":"http:\/\/test.oderbruchmuseum.de\/?page_id=2749"},"modified":"2025-05-05T12:27:45","modified_gmt":"2025-05-05T10:27:45","slug":"museumsverein","status":"publish","type":"page","link":"https:\/\/oderbruchmuseum.de\/en\/museumsverein\/","title":{"rendered":"Museum Society Altranft e.V."},"content":{"rendered":"<div style=\"height:20px\" aria-hidden=\"true\" class=\"wp-block-spacer\"><\/div>\n\n\n\n<div class=\"wp-block-columns is-layout-flex wp-container-core-columns-is-layout-9d6595d7 wp-block-columns-is-layout-flex\">\n<div class=\"wp-block-column is-layout-flow wp-block-column-is-layout-flow\">\n<p>Museum Society Altranft e.V.<br>Schneiderstr. 18<br>16259 Bad Freienwalde OT Altranft<br><br>0 33 44 - 33 39 11<br><a href=\"mailto:info@oderbruchmuseum.de\">info@oderbruchmuseum.de<\/a><\/p>\n<\/div>\n\n\n\n<div class=\"wp-block-column is-layout-flow wp-block-column-is-layout-flow\">\n<p>Association Board<strong>:<\/strong> <br>Vera Wesner and Bernd Neumann<br>Association headquarters: <br>Bad Freienwalde OT Altranft<br>Register of Associations: <br>VR 6308 FF Local Court Frankfurt\/O<\/p>\n\n\n\n<p>Savings Bank M\u00e4rkisch Oderland<br>DE61 1705 4040 0020 0437 83, <br>BIC: WELADED1MOL <br><\/p>\n<\/div>\n<\/div>\n\n\n\n<div style=\"height:20px\" aria-hidden=\"true\" class=\"wp-block-spacer\"><\/div>\n\n\n\n<h2 class=\"wp-block-heading\">Founding members of the association<\/h2>\n\n\n\n<div style=\"height:20px\" aria-hidden=\"true\" class=\"wp-block-spacer\"><\/div>\n\n\n\n<div class=\"wp-block-columns is-layout-flex wp-container-core-columns-is-layout-9d6595d7 wp-block-columns-is-layout-flex\">\n<div class=\"wp-block-column is-vertically-aligned-top is-layout-flow wp-block-column-is-layout-flow\" style=\"flex-basis:48.3%\">\n<div class=\"wp-block-group\"><div class=\"wp-block-group__inner-container is-layout-flow wp-block-group-is-layout-flow\">\n<h3 class=\"wp-block-heading\">Altranfter Traditionsverein e.V.<\/h3>\n\n\n\n<p>Altranfter Traditionsverein e.V.<br>County M\u00e4rkisch-Oderland<br>City of Bad Freienwalde (Oder)<\/p>\n\n\n\n<p><\/p>\n\n\n\n<p><\/p>\n\n\n\n<h3 class=\"wp-block-heading\">Program Advisory Board<\/h3>\n<\/div><\/div>\n\n\n\n<p>Christian M\u00fcller-Lorenz, Kulturland Brandenburg<br>Frank Ecker, Chamber of Crafts East Brandenburg Region <br>Reinhard Kampmann, Sparkasse M\u00e4rkisch-Oderland<br>Gernot Schmidt, District Administrator M\u00e4rkisch-Oderland<br>Katrin Seitz, Ministry for Research, Science and Culture of the State of Brandenburg<br>Frank Sch\u00fctz, Mayor Municipality of Golzow<br>Jana Frielinghaus, Journalist<br>Conny Gebhardt, Mayor of Altranft<\/p>\n<\/div>\n\n\n\n<div class=\"wp-block-column is-layout-flow wp-block-column-is-layout-flow\">\n<h3 class=\"wp-block-heading\">City of Bad Freienwalde (Oder)<\/h3>\n\n\n\n<p>City of Bad Freienwalde (Oder)<br>Karl Marx Street 1<br>16259 Bad Freienwalde<br><br>0 33 44 - 41 21 21<br><a href=\"mailto:stadtverwaltung@bad-freienwalde.de\">stadtverwaltung@bad-freienwalde.de<\/a><br><\/p>\n\n\n\n<div class=\"wp-block-group\"><div class=\"wp-block-group__inner-container is-layout-flow wp-block-group-is-layout-flow\">\n<h3 class=\"wp-block-heading\">Academy for Landscape Communication e.V.<\/h3>\n\n\n\n<p>Academy for Landscape Communication e.V.<br>Heike Sch\u00f6nherr and Prof. Dr. Uta Steinhardt<br>Croustillier 20<br>16259 Oderaue<br><br>0 33 44 - 30 07 48<\/p>\n<\/div><\/div>\n\n\n\n<p><\/p>\n<\/div>\n<\/div>\n\n\n\n<h3 class=\"wp-block-heading\">Association for the Promotion of Employment and Qualification Bad Freienwalde e.V. (VFBQ)<\/h3>\n\n\n\n<p>The Association for the Promotion of Employment and Qualification Bad Freienwalde e.V. (VFBQ) was founded on 10.01.1992 and since then has been active in the employment and education sector for unemployed people. In the last 25 years, its field of activity has expanded enormously, so that German-Polish cooperation, educational projects and self-help initiatives are part of its spectrum.<\/p>\n\n\n\n<p>Since 2015, the VFBQ has been building up a social enterprise. The VFBQ has already accompanied the museum for over 20 years through the supervision of work promotion measures and has also been committed to the reorganization of the museum from this experience. Its attention is mainly focused on shaping the museum as a partner in social responsibility.     <br><br>K<strong>ontact:<\/strong><br>VFBQ Bad Freienwalde e.V.<br>Sabine Baarsch<br>Am Weidendamm 7<br>16259 Bad Freienwalde<br><br>0 33 44 - 33 19 41<br><a href=\"mailto:sekretariat@vfbq.de\">sekretariat@vfbq.de<\/a><\/p>","protected":false},"excerpt":{"rendered":"<p>Museumsverein Altranft e.V.Schneiderstr. 1816259 Bad Freienwalde OT Altranft 0 33 44 - 33 39 11info@oderbruchmuseum.de Association board: Vera Wesner and Bernd NeumannAssociation headquarters: Bad Freienwalde OT AltranftAssociation register: VR 6308 FF Amtsgericht Frankfurt\/O Sparkasse M\u00e4rkisch OderlandDE61 1705 4040 0020 0437 83, BIC: WELADED1MOL Founding members of the association Altranfter Traditionsverein e. V.V. Altranfter Traditionsverein e.V.District of M\u00e4rkisch-OderlandTown of Bad Freienwalde (Oder) Program Advisory Board Christian M\u00fcller-Lorenz, Kulturland BrandenburgFrank Ecker, Chamber of Crafts Region Ostbrandenburg Reinhard Kampmann, Sparkasse M\u00e4rkisch-OderlandGernot Schmidt, District Administrator M\u00e4rkisch-OderlandKatrin Seitz,<\/p>","protected":false},"author":1,"featured_media":0,"parent":0,"menu_order":0,"comment_status":"closed","ping_status":"closed","template":"template-centered.php","meta":{"inline_featured_image":false,"footnotes":""},"class_list":["post-2749","page","type-page","status-publish","hentry"],"yoast_head":"<!-- This site is optimized with the Yoast SEO plugin v27.3 - https:\/\/yoast.com\/product\/yoast-seo-wordpress\/ -->\n<title>Museumsverein Altranft e.V. - Oderbruch Museum Altranft<\/title>\n<meta name=\"robots\" content=\"index, follow, max-snippet:-1, max-image-preview:large, max-video-preview:-1\" \/>\n<link rel=\"canonical\" href=\"https:\/\/oderbruchmuseum.de\/en\/museumsverein\/\" \/>\n<meta property=\"og:locale\" content=\"en_US\" \/>\n<meta property=\"og:type\" content=\"article\" \/>\n<meta property=\"og:title\" content=\"Museumsverein Altranft e.V. - Oderbruch Museum Altranft\" \/>\n<meta property=\"og:description\" content=\"Museumsverein Altranft e.V.Schneiderstr. 1816259 Bad Freienwalde OT Altranft 0 33 44 &#8211; 33 39 11info@oderbruchmuseum.de Vereinsvorstand: Vera Wesner und Bernd NeumannVereinssitz: Bad Freienwalde OT AltranftVereinsregister: VR 6308 FF Amtsgericht Frankfurt\/O Sparkasse M\u00e4rkisch OderlandDE61 1705 4040 0020 0437 83, BIC: WELADED1MOL Gr\u00fcndungsmitglieder des Vereins Altranfter Traditionsverein e.V. Altranfter Traditionsverein e.V.Landkreis M\u00e4rkisch-OderlandStadt Bad Freienwalde (Oder) Programmbeirat Christian M\u00fcller-Lorenz, Kulturland BrandenburgFrank Ecker, Handwerkskammer Region Ostbrandenburg Reinhard Kampmann, Sparkasse M\u00e4rkisch-OderlandGernot Schmidt, Landrat M\u00e4rkisch-OderlandKatrin Seitz,\" \/>\n<meta property=\"og:url\" content=\"https:\/\/oderbruchmuseum.de\/en\/museumsverein\/\" \/>\n<meta property=\"og:site_name\" content=\"Oderbruch Museum Altranft\" \/>\n<meta property=\"article:publisher\" content=\"https:\/\/www.facebook.com\/oderbruchmuseum\/\" \/>\n<meta property=\"article:modified_time\" content=\"2025-05-05T10:27:45+00:00\" \/>\n<meta name=\"twitter:card\" content=\"summary_large_image\" \/>\n<meta name=\"twitter:label1\" content=\"Est. reading time\" \/>\n\t<meta name=\"twitter:data1\" content=\"2 minutes\" \/>\n<script type=\"application\/ld+json\" class=\"yoast-schema-graph\">{\"@context\":\"https:\\\/\\\/schema.org\",\"@graph\":[{\"@type\":\"WebPage\",\"@id\":\"https:\\\/\\\/oderbruchmuseum.de\\\/museumsverein\\\/\",\"url\":\"https:\\\/\\\/oderbruchmuseum.de\\\/museumsverein\\\/\",\"name\":\"Museumsverein Altranft e.V. - Oderbruch Museum Altranft\",\"isPartOf\":{\"@id\":\"https:\\\/\\\/oderbruchmuseum.de\\\/#website\"},\"datePublished\":\"2020-06-18T10:58:10+00:00\",\"dateModified\":\"2025-05-05T10:27:45+00:00\",\"breadcrumb\":{\"@id\":\"https:\\\/\\\/oderbruchmuseum.de\\\/museumsverein\\\/#breadcrumb\"},\"inLanguage\":\"en-US\",\"potentialAction\":[{\"@type\":\"ReadAction\",\"target\":[\"https:\\\/\\\/oderbruchmuseum.de\\\/museumsverein\\\/\"]}]},{\"@type\":\"BreadcrumbList\",\"@id\":\"https:\\\/\\\/oderbruchmuseum.de\\\/museumsverein\\\/#breadcrumb\",\"itemListElement\":[{\"@type\":\"ListItem\",\"position\":1,\"name\":\"Startseite\",\"item\":\"https:\\\/\\\/oderbruchmuseum.de\\\/\"},{\"@type\":\"ListItem\",\"position\":2,\"name\":\"Museumsverein Altranft e.V.\"}]},{\"@type\":\"WebSite\",\"@id\":\"https:\\\/\\\/oderbruchmuseum.de\\\/#website\",\"url\":\"https:\\\/\\\/oderbruchmuseum.de\\\/\",\"name\":\"Oderbruchmuseum Altranft\",\"description\":\"Werkstatt f\u00fcr l\u00e4ndliche Kultur\",\"publisher\":{\"@id\":\"https:\\\/\\\/oderbruchmuseum.de\\\/#organization\"},\"potentialAction\":[{\"@type\":\"SearchAction\",\"target\":{\"@type\":\"EntryPoint\",\"urlTemplate\":\"https:\\\/\\\/oderbruchmuseum.de\\\/?s={search_term_string}\"},\"query-input\":{\"@type\":\"PropertyValueSpecification\",\"valueRequired\":true,\"valueName\":\"search_term_string\"}}],\"inLanguage\":\"en-US\"},{\"@type\":\"Organization\",\"@id\":\"https:\\\/\\\/oderbruchmuseum.de\\\/#organization\",\"name\":\"Oderbruchmuseum\",\"url\":\"https:\\\/\\\/oderbruchmuseum.de\\\/\",\"logo\":{\"@type\":\"ImageObject\",\"inLanguage\":\"en-US\",\"@id\":\"https:\\\/\\\/oderbruchmuseum.de\\\/#\\\/schema\\\/logo\\\/image\\\/\",\"url\":\"https:\\\/\\\/oderbruchmuseum.de\\\/wp-content\\\/uploads\\\/2020\\\/05\\\/rad-oderbruchmuseum.png\",\"contentUrl\":\"https:\\\/\\\/oderbruchmuseum.de\\\/wp-content\\\/uploads\\\/2020\\\/05\\\/rad-oderbruchmuseum.png\",\"width\":487,\"height\":451,\"caption\":\"Oderbruchmuseum\"},\"image\":{\"@id\":\"https:\\\/\\\/oderbruchmuseum.de\\\/#\\\/schema\\\/logo\\\/image\\\/\"},\"sameAs\":[\"https:\\\/\\\/www.facebook.com\\\/oderbruchmuseum\\\/\",\"https:\\\/\\\/www.instagram.com\\\/oderbruchmuseum\\\/\"]}]}<\/script>\n<!-- \/ Yoast SEO plugin. -->","yoast_head_json":{"title":"Museumsverein Altranft e.V. - Oderbruch Museum Altranft","robots":{"index":"index","follow":"follow","max-snippet":"max-snippet:-1","max-image-preview":"max-image-preview:large","max-video-preview":"max-video-preview:-1"},"canonical":"https:\/\/oderbruchmuseum.de\/en\/museumsverein\/","og_locale":"en_US","og_type":"article","og_title":"Museumsverein Altranft e.V. - Oderbruch Museum Altranft","og_description":"Museumsverein Altranft e.V.Schneiderstr. 1816259 Bad Freienwalde OT Altranft 0 33 44 &#8211; 33 39 11info@oderbruchmuseum.de Vereinsvorstand: Vera Wesner und Bernd NeumannVereinssitz: Bad Freienwalde OT AltranftVereinsregister: VR 6308 FF Amtsgericht Frankfurt\/O Sparkasse M\u00e4rkisch OderlandDE61 1705 4040 0020 0437 83, BIC: WELADED1MOL Gr\u00fcndungsmitglieder des Vereins Altranfter Traditionsverein e.V. Altranfter Traditionsverein e.V.Landkreis M\u00e4rkisch-OderlandStadt Bad Freienwalde (Oder) Programmbeirat Christian M\u00fcller-Lorenz, Kulturland BrandenburgFrank Ecker, Handwerkskammer Region Ostbrandenburg Reinhard Kampmann, Sparkasse M\u00e4rkisch-OderlandGernot Schmidt, Landrat M\u00e4rkisch-OderlandKatrin Seitz,","og_url":"https:\/\/oderbruchmuseum.de\/en\/museumsverein\/","og_site_name":"Oderbruch Museum Altranft","article_publisher":"https:\/\/www.facebook.com\/oderbruchmuseum\/","article_modified_time":"2025-05-05T10:27:45+00:00","twitter_card":"summary_large_image","twitter_misc":{"Est. reading time":"2 minutes"},"schema":{"@context":"https:\/\/schema.org","@graph":[{"@type":"WebPage","@id":"https:\/\/oderbruchmuseum.de\/museumsverein\/","url":"https:\/\/oderbruchmuseum.de\/museumsverein\/","name":"Museumsverein Altranft e.V. - Oderbruch Museum Altranft","isPartOf":{"@id":"https:\/\/oderbruchmuseum.de\/#website"},"datePublished":"2020-06-18T10:58:10+00:00","dateModified":"2025-05-05T10:27:45+00:00","breadcrumb":{"@id":"https:\/\/oderbruchmuseum.de\/museumsverein\/#breadcrumb"},"inLanguage":"en-US","potentialAction":[{"@type":"ReadAction","target":["https:\/\/oderbruchmuseum.de\/museumsverein\/"]}]},{"@type":"BreadcrumbList","@id":"https:\/\/oderbruchmuseum.de\/museumsverein\/#breadcrumb","itemListElement":[{"@type":"ListItem","position":1,"name":"Startseite","item":"https:\/\/oderbruchmuseum.de\/"},{"@type":"ListItem","position":2,"name":"Museumsverein Altranft e.V."}]},{"@type":"WebSite","@id":"https:\/\/oderbruchmuseum.de\/#website","url":"https:\/\/oderbruchmuseum.de\/","name":"Oderbruch Museum Altranft","description":"Rural culture workshop","publisher":{"@id":"https:\/\/oderbruchmuseum.de\/#organization"},"potentialAction":[{"@type":"SearchAction","target":{"@type":"EntryPoint","urlTemplate":"https:\/\/oderbruchmuseum.de\/?s={search_term_string}"},"query-input":{"@type":"PropertyValueSpecification","valueRequired":true,"valueName":"search_term_string"}}],"inLanguage":"en-US"},{"@type":"Organization","@id":"https:\/\/oderbruchmuseum.de\/#organization","name":"Oderbruch Museum","url":"https:\/\/oderbruchmuseum.de\/","logo":{"@type":"ImageObject","inLanguage":"en-US","@id":"https:\/\/oderbruchmuseum.de\/#\/schema\/logo\/image\/","url":"https:\/\/oderbruchmuseum.de\/wp-content\/uploads\/2020\/05\/rad-oderbruchmuseum.png","contentUrl":"https:\/\/oderbruchmuseum.de\/wp-content\/uploads\/2020\/05\/rad-oderbruchmuseum.png","width":487,"height":451,"caption":"Oderbruchmuseum"},"image":{"@id":"https:\/\/oderbruchmuseum.de\/#\/schema\/logo\/image\/"},"sameAs":["https:\/\/www.facebook.com\/oderbruchmuseum\/","https:\/\/www.instagram.com\/oderbruchmuseum\/"]}]}},"jetpack_sharing_enabled":true,"_links":{"self":[{"href":"https:\/\/oderbruchmuseum.de\/en\/wp-json\/wp\/v2\/pages\/2749","targetHints":{"allow":["GET"]}}],"collection":[{"href":"https:\/\/oderbruchmuseum.de\/en\/wp-json\/wp\/v2\/pages"}],"about":[{"href":"https:\/\/oderbruchmuseum.de\/en\/wp-json\/wp\/v2\/types\/page"}],"author":[{"embeddable":true,"href":"https:\/\/oderbruchmuseum.de\/en\/wp-json\/wp\/v2\/users\/1"}],"replies":[{"embeddable":true,"href":"https:\/\/oderbruchmuseum.de\/en\/wp-json\/wp\/v2\/comments?post=2749"}],"version-history":[{"count":0,"href":"https:\/\/oderbruchmuseum.de\/en\/wp-json\/wp\/v2\/pages\/2749\/revisions"}],"wp:attachment":[{"href":"https:\/\/oderbruchmuseum.de\/en\/wp-json\/wp\/v2\/media?parent=2749"}],"curies":[{"name":"wp","href":"https:\/\/api.w.org\/{rel}","templated":true}]}}