{"id":1329,"date":"2020-06-03T13:17:07","date_gmt":"2020-06-03T11:17:07","guid":{"rendered":"http:\/\/test.oderbruchmuseum.de\/?page_id=1329"},"modified":"2021-12-08T17:55:47","modified_gmt":"2021-12-08T16:55:47","slug":"wissensspeicher","status":"publish","type":"page","link":"https:\/\/oderbruchmuseum.de\/en\/wissensspeicher\/","title":{"rendered":"Knowledge repository"},"content":{"rendered":"<div class=\"wp-block-group\"><div class=\"wp-block-group__inner-container is-layout-flow wp-block-group-is-layout-flow\">\n<p>The Oderbruch Museum is committed to the collective production of knowledge. This way of working has a precursor in the Oderbruchpavillon. Since 2004, contributions have been collected here in which the Oderbruch is described from the perspective of its people. In the Oderbruchpavillon you can find information about agriculture and its businesses, about art, local politics or hydraulic engineering, about local heritage centers or about questions of landscape conservation.<\/p>\n\n\n\n<p>In addition, interesting projects and the annual summer schools with the University for Sustainable Development (HNE) Eberswalde, the TU Dresden or the Osnabr\u00fcck University of Applied Sciences are documented here, dealing with the energy transition, landscape education or the cultural heritage of the churches in the Oderbruch.<\/p>\n\n\n\n<p>For the Oderbruch Museum Altranft, this has created an extensive store of knowledge that is used to develop the exhibitions and the program.<\/p>\n<\/div><\/div>\n\n\n\n<p><a href=\"https:\/\/archiv.oderbruchmuseum.de\/\">&gt;&gt;&gt;Oder break pavilion<\/a><\/p>","protected":false},"excerpt":{"rendered":"<p>The Oderbruch Museum is committed to the collective production of knowledge. This way of working has a precursor in the Oderbruchpavillon. Since 2004, contributions have been collected here in which the Oderbruch is described from the perspective of its people. In the Oderbruchpavillon you can find information about agriculture and its businesses, about art, local politics or hydraulic engineering, about local heritage centers or about questions of landscape conservation. In addition, interesting projects and the annual summer schools with the University for Sustainable Development are presented here.<\/p>","protected":false},"author":1,"featured_media":0,"parent":0,"menu_order":0,"comment_status":"closed","ping_status":"closed","template":"template-fullwidth.php","meta":{"inline_featured_image":false,"footnotes":""},"class_list":["post-1329","page","type-page","status-publish","hentry"],"yoast_head":"<!-- This site is optimized with the Yoast SEO plugin v27.5 - https:\/\/yoast.com\/product\/yoast-seo-wordpress\/ -->\n<title>Wissensspeicher - Oderbruch Museum Altranft<\/title>\n<meta name=\"robots\" content=\"index, follow, max-snippet:-1, max-image-preview:large, max-video-preview:-1\" \/>\n<link rel=\"canonical\" href=\"https:\/\/oderbruchmuseum.de\/en\/wissensspeicher\/\" \/>\n<meta property=\"og:locale\" content=\"en_US\" \/>\n<meta property=\"og:type\" content=\"article\" \/>\n<meta property=\"og:title\" content=\"Wissensspeicher - Oderbruch Museum Altranft\" \/>\n<meta property=\"og:description\" content=\"Das Oderbruchmuseum hat sich der kollektiven Wissensproduktion verschrieben. Diese Arbeitsweise hat im Oderbruchpavillon einen Vorl\u00e4ufer. Seit 2004 werden hier Beitr\u00e4ge gesammelt, in denen das Oderbruch aus der Sicht seiner Menschen beschrieben wird. Im Oderbruchpavillon finden Sie Informationen \u00fcber die Landwirtschaft und ihre Betriebe, \u00fcber Kunst, Kommunalpolitik oder Wasserbau, \u00fcber Heimatstuben oder zu Fragen der Landschaftspflege. Zudem werden hier interessante Projekte und die j\u00e4hrlichen Sommerschulen mit der Hochschule f\u00fcr Nachhaltige Entwicklung\" \/>\n<meta property=\"og:url\" content=\"https:\/\/oderbruchmuseum.de\/en\/wissensspeicher\/\" \/>\n<meta property=\"og:site_name\" content=\"Oderbruch Museum Altranft\" \/>\n<meta property=\"article:publisher\" content=\"https:\/\/www.facebook.com\/oderbruchmuseum\/\" \/>\n<meta property=\"article:modified_time\" content=\"2021-12-08T16:55:47+00:00\" \/>\n<meta name=\"twitter:card\" content=\"summary_large_image\" \/>\n<meta name=\"twitter:label1\" content=\"Est. reading time\" \/>\n\t<meta name=\"twitter:data1\" content=\"1 minute\" \/>\n<script type=\"application\/ld+json\" class=\"yoast-schema-graph\">{\"@context\":\"https:\\\/\\\/schema.org\",\"@graph\":[{\"@type\":\"WebPage\",\"@id\":\"https:\\\/\\\/oderbruchmuseum.de\\\/wissensspeicher\\\/\",\"url\":\"https:\\\/\\\/oderbruchmuseum.de\\\/wissensspeicher\\\/\",\"name\":\"Wissensspeicher - Oderbruch Museum Altranft\",\"isPartOf\":{\"@id\":\"https:\\\/\\\/oderbruchmuseum.de\\\/#website\"},\"datePublished\":\"2020-06-03T11:17:07+00:00\",\"dateModified\":\"2021-12-08T16:55:47+00:00\",\"breadcrumb\":{\"@id\":\"https:\\\/\\\/oderbruchmuseum.de\\\/wissensspeicher\\\/#breadcrumb\"},\"inLanguage\":\"en-US\",\"potentialAction\":[{\"@type\":\"ReadAction\",\"target\":[\"https:\\\/\\\/oderbruchmuseum.de\\\/wissensspeicher\\\/\"]}]},{\"@type\":\"BreadcrumbList\",\"@id\":\"https:\\\/\\\/oderbruchmuseum.de\\\/wissensspeicher\\\/#breadcrumb\",\"itemListElement\":[{\"@type\":\"ListItem\",\"position\":1,\"name\":\"Startseite\",\"item\":\"https:\\\/\\\/oderbruchmuseum.de\\\/\"},{\"@type\":\"ListItem\",\"position\":2,\"name\":\"Wissensspeicher\"}]},{\"@type\":\"WebSite\",\"@id\":\"https:\\\/\\\/oderbruchmuseum.de\\\/#website\",\"url\":\"https:\\\/\\\/oderbruchmuseum.de\\\/\",\"name\":\"Oderbruchmuseum Altranft\",\"description\":\"Werkstatt f\u00fcr l\u00e4ndliche Kultur\",\"publisher\":{\"@id\":\"https:\\\/\\\/oderbruchmuseum.de\\\/#organization\"},\"potentialAction\":[{\"@type\":\"SearchAction\",\"target\":{\"@type\":\"EntryPoint\",\"urlTemplate\":\"https:\\\/\\\/oderbruchmuseum.de\\\/?s={search_term_string}\"},\"query-input\":{\"@type\":\"PropertyValueSpecification\",\"valueRequired\":true,\"valueName\":\"search_term_string\"}}],\"inLanguage\":\"en-US\"},{\"@type\":\"Organization\",\"@id\":\"https:\\\/\\\/oderbruchmuseum.de\\\/#organization\",\"name\":\"Oderbruchmuseum\",\"url\":\"https:\\\/\\\/oderbruchmuseum.de\\\/\",\"logo\":{\"@type\":\"ImageObject\",\"inLanguage\":\"en-US\",\"@id\":\"https:\\\/\\\/oderbruchmuseum.de\\\/#\\\/schema\\\/logo\\\/image\\\/\",\"url\":\"https:\\\/\\\/oderbruchmuseum.de\\\/wp-content\\\/uploads\\\/2020\\\/05\\\/rad-oderbruchmuseum.png\",\"contentUrl\":\"https:\\\/\\\/oderbruchmuseum.de\\\/wp-content\\\/uploads\\\/2020\\\/05\\\/rad-oderbruchmuseum.png\",\"width\":487,\"height\":451,\"caption\":\"Oderbruchmuseum\"},\"image\":{\"@id\":\"https:\\\/\\\/oderbruchmuseum.de\\\/#\\\/schema\\\/logo\\\/image\\\/\"},\"sameAs\":[\"https:\\\/\\\/www.facebook.com\\\/oderbruchmuseum\\\/\",\"https:\\\/\\\/www.instagram.com\\\/oderbruchmuseum\\\/\"]}]}<\/script>\n<!-- \/ Yoast SEO plugin. -->","yoast_head_json":{"title":"Knowledge store - Oderbruch Museum Altranft","robots":{"index":"index","follow":"follow","max-snippet":"max-snippet:-1","max-image-preview":"max-image-preview:large","max-video-preview":"max-video-preview:-1"},"canonical":"https:\/\/oderbruchmuseum.de\/en\/wissensspeicher\/","og_locale":"en_US","og_type":"article","og_title":"Wissensspeicher - Oderbruch Museum Altranft","og_description":"Das Oderbruchmuseum hat sich der kollektiven Wissensproduktion verschrieben. Diese Arbeitsweise hat im Oderbruchpavillon einen Vorl\u00e4ufer. Seit 2004 werden hier Beitr\u00e4ge gesammelt, in denen das Oderbruch aus der Sicht seiner Menschen beschrieben wird. Im Oderbruchpavillon finden Sie Informationen \u00fcber die Landwirtschaft und ihre Betriebe, \u00fcber Kunst, Kommunalpolitik oder Wasserbau, \u00fcber Heimatstuben oder zu Fragen der Landschaftspflege. Zudem werden hier interessante Projekte und die j\u00e4hrlichen Sommerschulen mit der Hochschule f\u00fcr Nachhaltige Entwicklung","og_url":"https:\/\/oderbruchmuseum.de\/en\/wissensspeicher\/","og_site_name":"Oderbruch Museum Altranft","article_publisher":"https:\/\/www.facebook.com\/oderbruchmuseum\/","article_modified_time":"2021-12-08T16:55:47+00:00","twitter_card":"summary_large_image","twitter_misc":{"Est. reading time":"1 minute"},"schema":{"@context":"https:\/\/schema.org","@graph":[{"@type":"WebPage","@id":"https:\/\/oderbruchmuseum.de\/wissensspeicher\/","url":"https:\/\/oderbruchmuseum.de\/wissensspeicher\/","name":"Knowledge store - Oderbruch Museum Altranft","isPartOf":{"@id":"https:\/\/oderbruchmuseum.de\/#website"},"datePublished":"2020-06-03T11:17:07+00:00","dateModified":"2021-12-08T16:55:47+00:00","breadcrumb":{"@id":"https:\/\/oderbruchmuseum.de\/wissensspeicher\/#breadcrumb"},"inLanguage":"en-US","potentialAction":[{"@type":"ReadAction","target":["https:\/\/oderbruchmuseum.de\/wissensspeicher\/"]}]},{"@type":"BreadcrumbList","@id":"https:\/\/oderbruchmuseum.de\/wissensspeicher\/#breadcrumb","itemListElement":[{"@type":"ListItem","position":1,"name":"Startseite","item":"https:\/\/oderbruchmuseum.de\/"},{"@type":"ListItem","position":2,"name":"Wissensspeicher"}]},{"@type":"WebSite","@id":"https:\/\/oderbruchmuseum.de\/#website","url":"https:\/\/oderbruchmuseum.de\/","name":"Oderbruch Museum Altranft","description":"Rural culture workshop","publisher":{"@id":"https:\/\/oderbruchmuseum.de\/#organization"},"potentialAction":[{"@type":"SearchAction","target":{"@type":"EntryPoint","urlTemplate":"https:\/\/oderbruchmuseum.de\/?s={search_term_string}"},"query-input":{"@type":"PropertyValueSpecification","valueRequired":true,"valueName":"search_term_string"}}],"inLanguage":"en-US"},{"@type":"Organization","@id":"https:\/\/oderbruchmuseum.de\/#organization","name":"Oderbruch Museum","url":"https:\/\/oderbruchmuseum.de\/","logo":{"@type":"ImageObject","inLanguage":"en-US","@id":"https:\/\/oderbruchmuseum.de\/#\/schema\/logo\/image\/","url":"https:\/\/oderbruchmuseum.de\/wp-content\/uploads\/2020\/05\/rad-oderbruchmuseum.png","contentUrl":"https:\/\/oderbruchmuseum.de\/wp-content\/uploads\/2020\/05\/rad-oderbruchmuseum.png","width":487,"height":451,"caption":"Oderbruchmuseum"},"image":{"@id":"https:\/\/oderbruchmuseum.de\/#\/schema\/logo\/image\/"},"sameAs":["https:\/\/www.facebook.com\/oderbruchmuseum\/","https:\/\/www.instagram.com\/oderbruchmuseum\/"]}]}},"jetpack_sharing_enabled":true,"_links":{"self":[{"href":"https:\/\/oderbruchmuseum.de\/en\/wp-json\/wp\/v2\/pages\/1329","targetHints":{"allow":["GET"]}}],"collection":[{"href":"https:\/\/oderbruchmuseum.de\/en\/wp-json\/wp\/v2\/pages"}],"about":[{"href":"https:\/\/oderbruchmuseum.de\/en\/wp-json\/wp\/v2\/types\/page"}],"author":[{"embeddable":true,"href":"https:\/\/oderbruchmuseum.de\/en\/wp-json\/wp\/v2\/users\/1"}],"replies":[{"embeddable":true,"href":"https:\/\/oderbruchmuseum.de\/en\/wp-json\/wp\/v2\/comments?post=1329"}],"version-history":[{"count":0,"href":"https:\/\/oderbruchmuseum.de\/en\/wp-json\/wp\/v2\/pages\/1329\/revisions"}],"wp:attachment":[{"href":"https:\/\/oderbruchmuseum.de\/en\/wp-json\/wp\/v2\/media?parent=1329"}],"curies":[{"name":"wp","href":"https:\/\/api.w.org\/{rel}","templated":true}]}}