{"id":1223,"date":"2020-06-01T16:06:24","date_gmt":"2020-06-01T14:06:24","guid":{"rendered":"http:\/\/test.oderbruchmuseum.de\/?page_id=1223"},"modified":"2026-02-24T12:10:19","modified_gmt":"2026-02-24T11:10:19","slug":"besucherinfo","status":"publish","type":"page","link":"https:\/\/oderbruchmuseum.de\/en\/besucherinfo\/","title":{"rendered":"Visitor info"},"content":{"rendered":"<div style=\"height:20px\" aria-hidden=\"true\" class=\"wp-block-spacer\"><\/div>\n\n\n\n<div class=\"wp-block-columns is-layout-flex wp-container-core-columns-is-layout-9d6595d7 wp-block-columns-is-layout-flex\">\n<div class=\"wp-block-column is-vertically-aligned-top is-layout-flow wp-block-column-is-layout-flow\">\n<h2 class=\"wp-block-heading\"><strong><span class=\"has-inline-color has-primary-color\">Oderbruch<\/span><\/strong><br><strong><span class=\"has-inline-color has-primary-color\">Museum <br>Altranft <\/span><\/strong><\/h2>\n\n\n\n<p>Am Anger 27<br>16259 Bad Freienwalde<br>OT Altranft<\/p>\n<\/div>\n\n\n\n<div class=\"wp-block-column is-layout-flow wp-block-column-is-layout-flow\">\n<h2 class=\"wp-block-heading\"><strong>Opening hours<\/strong><\/h2>\n\n\n\n<p>March 7 - December 13<br>Thursday - Sunday<br>and on holidays<br>11-17 h<\/p>\n<\/div>\n<\/div>\n\n\n\n<div class=\"wp-block-columns is-layout-flex wp-container-core-columns-is-layout-9d6595d7 wp-block-columns-is-layout-flex\">\n<div class=\"wp-block-column is-layout-flow wp-block-column-is-layout-flow\" style=\"flex-basis:50%\">\n<div class=\"wp-block-group\"><div class=\"wp-block-group__inner-container is-layout-flow wp-block-group-is-layout-flow\">\n<h2 class=\"wp-block-heading\">Admission prices<\/h2>\n\n\n\n<p>Adults: <span class=\"space\"><strong><mark style=\"background-color:rgba(0, 0, 0, 0)\" class=\"has-inline-color has-primary-color\">10 \u20ac <\/mark><\/strong><\/span><\/p>\n\n\n\n<p>Reduced: <mark style=\"background-color:rgba(0, 0, 0, 0)\" class=\"has-inline-color has-primary-color\"><span class=\"space\"><strong>7 \u20ac <\/strong><\/span> <\/mark> <br>Trainees, students and severely disabled persons<br><br>Children and teenagers up to 18 and residents of Altranft have free admission!<\/p>\n\n\n\n<figure class=\"wp-block-image size-full\"><img loading=\"lazy\" decoding=\"async\" width=\"600\" height=\"400\" data-attachment-id=\"13464\" data-permalink=\"https:\/\/oderbruchmuseum.de\/en\/besucherinfo\/unbenannt-11-3-kopie\/\" data-orig-file=\"https:\/\/oderbruchmuseum.de\/wp-content\/uploads\/2024\/04\/unbenannt-11-3-Kopie.webp\" data-orig-size=\"600,400\" data-comments-opened=\"0\" data-image-meta=\"{&quot;aperture&quot;:&quot;0&quot;,&quot;credit&quot;:&quot;&quot;,&quot;camera&quot;:&quot;&quot;,&quot;caption&quot;:&quot;&quot;,&quot;created_timestamp&quot;:&quot;0&quot;,&quot;copyright&quot;:&quot;&quot;,&quot;focal_length&quot;:&quot;0&quot;,&quot;iso&quot;:&quot;0&quot;,&quot;shutter_speed&quot;:&quot;0&quot;,&quot;title&quot;:&quot;&quot;,&quot;orientation&quot;:&quot;0&quot;}\" data-image-title=\"unbenannt-11-3-Kopie\" data-image-description=\"\" data-image-caption=\"\" data-large-file=\"https:\/\/oderbruchmuseum.de\/wp-content\/uploads\/2024\/04\/unbenannt-11-3-Kopie.webp\" src=\"https:\/\/oderbruchmuseum.de\/wp-content\/uploads\/2024\/04\/unbenannt-11-3-Kopie.webp\" alt=\"\" class=\"wp-image-13464\" srcset=\"https:\/\/oderbruchmuseum.de\/wp-content\/uploads\/2024\/04\/unbenannt-11-3-Kopie.webp 600w, https:\/\/oderbruchmuseum.de\/wp-content\/uploads\/2024\/04\/unbenannt-11-3-Kopie-300x200.webp 300w, https:\/\/oderbruchmuseum.de\/wp-content\/uploads\/2024\/04\/unbenannt-11-3-Kopie-18x12.webp 18w\" sizes=\"auto, (max-width: 600px) 100vw, 600px\" \/><\/figure>\n\n\n\n<h3 class=\"wp-block-heading\">Tickets are season tickets with us!<\/h3>\n\n\n\n<p>Separate admission prices apply for events.<\/p>\n<\/div><\/div>\n<\/div>\n\n\n\n<div class=\"wp-block-column is-layout-flow wp-block-column-is-layout-flow\" style=\"flex-basis:50%\">\n<h2 class=\"wp-block-heading\"><strong>Cafeteria<\/strong><\/h2>\n\n\n\n<p>Our cafeteria awaits you during the museum's opening hours with coffee, cake, cold drinks and a hearty snack. You order at the counter and we will be happy to bring your food to your table. You can sit in the castle, on the terrace or in the Parkrondell.<\/p>\n\n\n\n<div style=\"height:35px\" aria-hidden=\"true\" class=\"wp-block-spacer\"><\/div>\n\n\n\n<figure class=\"wp-block-image size-full\"><img loading=\"lazy\" decoding=\"async\" width=\"2500\" height=\"1667\" data-attachment-id=\"13467\" data-permalink=\"https:\/\/oderbruchmuseum.de\/en\/besucherinfo\/unbenannt-7-21\/\" data-orig-file=\"https:\/\/oderbruchmuseum.de\/wp-content\/uploads\/2024\/04\/unbenannt-7-21.jpg\" data-orig-size=\"2500,1667\" data-comments-opened=\"0\" data-image-meta=\"{&quot;aperture&quot;:&quot;0&quot;,&quot;credit&quot;:&quot;&quot;,&quot;camera&quot;:&quot;&quot;,&quot;caption&quot;:&quot;&quot;,&quot;created_timestamp&quot;:&quot;0&quot;,&quot;copyright&quot;:&quot;&quot;,&quot;focal_length&quot;:&quot;0&quot;,&quot;iso&quot;:&quot;0&quot;,&quot;shutter_speed&quot;:&quot;0&quot;,&quot;title&quot;:&quot;&quot;,&quot;orientation&quot;:&quot;0&quot;}\" data-image-title=\"unbenannt-7-2(1)\" data-image-description=\"\" data-image-caption=\"\" data-large-file=\"https:\/\/oderbruchmuseum.de\/wp-content\/uploads\/2024\/04\/unbenannt-7-21-1024x683.jpg\" src=\"https:\/\/oderbruchmuseum.de\/wp-content\/uploads\/2024\/04\/unbenannt-7-21.jpg\" alt=\"\" class=\"wp-image-13467\" srcset=\"https:\/\/oderbruchmuseum.de\/wp-content\/uploads\/2024\/04\/unbenannt-7-21.jpg 2500w, https:\/\/oderbruchmuseum.de\/wp-content\/uploads\/2024\/04\/unbenannt-7-21-300x200.jpg 300w, https:\/\/oderbruchmuseum.de\/wp-content\/uploads\/2024\/04\/unbenannt-7-21-1024x683.jpg 1024w, https:\/\/oderbruchmuseum.de\/wp-content\/uploads\/2024\/04\/unbenannt-7-21-768x512.jpg 768w, https:\/\/oderbruchmuseum.de\/wp-content\/uploads\/2024\/04\/unbenannt-7-21-1536x1024.jpg 1536w, https:\/\/oderbruchmuseum.de\/wp-content\/uploads\/2024\/04\/unbenannt-7-21-2048x1366.jpg 2048w, https:\/\/oderbruchmuseum.de\/wp-content\/uploads\/2024\/04\/unbenannt-7-21-18x12.jpg 18w\" sizes=\"auto, (max-width: 2500px) 100vw, 2500px\" \/><\/figure>\n<\/div>\n<\/div>\n\n\n\n<div class=\"wp-block-columns is-layout-flex wp-container-core-columns-is-layout-9d6595d7 wp-block-columns-is-layout-flex\">\n<div class=\"wp-block-column is-layout-flow wp-block-column-is-layout-flow\">\n<h2 class=\"wp-block-heading\">Tours<\/h2>\n\n\n\n<p>For guided tours, we charge the entrance fee per person plus \u20ac30 per group (max. 25 people). Please contact us so that we can plan your guided tour!<\/p>\n\n\n\n<h2 class=\"wp-block-heading\"><strong>Information for people with walking disabilities<\/strong><\/h2>\n\n\n\n<p>There is a barrier-free entrance<br>The stair lift at the side entrance must be operated by our staff. Please let the staff know or call us on 0 33 44 - 33 39 11. The basement of the museum is barrier-free. The other levels of the museum are not barrier-free.<\/p>\n<\/div>\n\n\n\n<div class=\"wp-block-column is-layout-flow wp-block-column-is-layout-flow\">\n<h2 class=\"wp-block-heading\"><strong>Conversations<\/strong><\/h2>\n\n\n\n<p>The Oderbruch Museum is a place for communication. Come and talk to each other, ask our visitor guides or share your knowledge with us! We are happy to adapt our guided tours to your specific interests. We are also curious about your suggestions and are available for special discussion requests, if it can be arranged. We regularly host salon talks on topics related to rural life and regional development, to which you are cordially invited.<\/p>\n\n\n\n<p><strong>Contact person:<\/strong><br>Dorothee R\u00fcdrich<br>0 33 44 - 33 39 11<br><a href=\"mailto:d.ruedrich@oderbruchmuseum.de\">d.ruedrich@oderbruchmuseum.de<\/a><\/p>\n<\/div>\n<\/div>\n\n\n\n<h2 class=\"wp-block-heading\">Welcome<\/h2>\n\n\n\n<p>We welcome you to our museum reception in the castle. Here you will receive your admission ticket and all the information you need for the exhibition and the village tour. In the cafeteria you can enjoy a coffee or a piece of cake before or after your visit to the exhibition. We also sell museum publications and offer a large selection of postcards. Our visitor assistants will be happy to help you explore the museum!<\/p>\n\n\n\n<div style=\"height:20px\" aria-hidden=\"true\" class=\"wp-block-spacer\"><\/div>\n\n\n\n<h2 class=\"wp-block-heading\">Child friendly museum<\/h2>\n\n\n\n<div class=\"wp-block-media-text alignwide is-stacked-on-mobile is-vertically-aligned-top\" style=\"grid-template-columns:46% auto\"><figure class=\"wp-block-media-text__media\"><img loading=\"lazy\" decoding=\"async\" width=\"400\" height=\"267\" data-attachment-id=\"1409\" data-permalink=\"https:\/\/oderbruchmuseum.de\/en\/besucherinfo\/mitmach\/\" data-orig-file=\"https:\/\/oderbruchmuseum.de\/wp-content\/uploads\/2020\/06\/mitmach.jpg\" data-orig-size=\"400,267\" data-comments-opened=\"0\" data-image-meta=\"{&quot;aperture&quot;:&quot;0&quot;,&quot;credit&quot;:&quot;&quot;,&quot;camera&quot;:&quot;&quot;,&quot;caption&quot;:&quot;&quot;,&quot;created_timestamp&quot;:&quot;0&quot;,&quot;copyright&quot;:&quot;Alex \\&quot;Pop\\&quot; Schirmer&quot;,&quot;focal_length&quot;:&quot;0&quot;,&quot;iso&quot;:&quot;0&quot;,&quot;shutter_speed&quot;:&quot;0&quot;,&quot;title&quot;:&quot;&quot;,&quot;orientation&quot;:&quot;0&quot;}\" data-image-title=\"mitmach\" data-image-description=\"\" data-image-caption=\"\" data-large-file=\"https:\/\/oderbruchmuseum.de\/wp-content\/uploads\/2020\/06\/mitmach.jpg\" src=\"https:\/\/oderbruchmuseum.de\/wp-content\/uploads\/2020\/06\/mitmach.jpg\" alt=\"Kinderh\u00e4nde mit Tuschflecken\" class=\"wp-image-1409 size-full\" srcset=\"https:\/\/oderbruchmuseum.de\/wp-content\/uploads\/2020\/06\/mitmach.jpg 400w, https:\/\/oderbruchmuseum.de\/wp-content\/uploads\/2020\/06\/mitmach-300x200.jpg 300w\" sizes=\"auto, (max-width: 400px) 100vw, 400px\" \/><\/figure><div class=\"wp-block-media-text__content\">\n<p class=\"has-normal-font-size\">Children can discover a lot in our museum. Our museum workshop is always open for painting and handicrafts, and on program days there are also special offers.<br><a href=\"https:\/\/oderbruchmuseum.de\/en\/offene-werkstatt\/\">&gt;&gt; Open workshop<\/a><\/p>\n<\/div><\/div>\n\n\n\n<div style=\"height:20px\" aria-hidden=\"true\" class=\"wp-block-spacer abstand\"><\/div>\n\n\n\n<div class=\"wp-block-group\"><div class=\"wp-block-group__inner-container is-layout-constrained wp-block-group-is-layout-constrained\">\n<h2 class=\"wp-block-heading\">Directions<\/h2>\n\n\n\n<p>Altranft can be reached by train every hour. On weekends, trains run every two hours.<br><a rel=\"noreferrer noopener\" href=\"https:\/\/reiseauskunft.bahn.de\/bin\/query.exe\/dn?Z=Altranft\" target=\"_blank\">Information DB<\/a><\/p>\n<\/div><\/div>\n\n\n\n<div class=\"wp-block-columns is-layout-flex wp-container-core-columns-is-layout-9d6595d7 wp-block-columns-is-layout-flex\">\n<div class=\"wp-block-column is-vertically-aligned-top is-layout-flow wp-block-column-is-layout-flow\" style=\"flex-basis:40%\">\n<h2 class=\"wp-block-heading\">Plan<\/h2>\n\n\n\n<ol class=\"wp-block-list\">\n<li>Castle: info, cash desk, bistro,exhibitions and events<\/li>\n\n\n\n<li>Fishermen's house<\/li>\n\n\n\n<li>Forge farmstead: management, program office, farm yard<\/li>\n\n\n\n<li>Berg-Schmidt farm: fieldstone and brick barn, farmhouse<\/li>\n\n\n\n<li>Patronage church<\/li>\n\n\n\n<li>Spritzenhaus<\/li>\n\n\n\n<li>Middle hall house: Built in 1698, the oldest residential house in the region.<\/li>\n\n\n\n<li>Geological trail<\/li>\n<\/ol>\n\n\n\n<div style=\"height:41px\" aria-hidden=\"true\" class=\"wp-block-spacer\"><\/div>\n<\/div>\n\n\n\n<div class=\"wp-block-column is-layout-flow wp-block-column-is-layout-flow\" style=\"flex-basis:70%\"><div class=\"wp-block-image\">\n<figure class=\"alignright size-large\"><img loading=\"lazy\" decoding=\"async\" width=\"470\" height=\"494\" data-attachment-id=\"7041\" data-permalink=\"https:\/\/oderbruchmuseum.de\/en\/besucherinfo\/lageplan-oma\/\" data-orig-file=\"https:\/\/oderbruchmuseum.de\/wp-content\/uploads\/2021\/04\/Lageplan-oma.gif\" data-orig-size=\"470,494\" data-comments-opened=\"0\" data-image-meta=\"{&quot;aperture&quot;:&quot;0&quot;,&quot;credit&quot;:&quot;&quot;,&quot;camera&quot;:&quot;&quot;,&quot;caption&quot;:&quot;&quot;,&quot;created_timestamp&quot;:&quot;0&quot;,&quot;copyright&quot;:&quot;&quot;,&quot;focal_length&quot;:&quot;0&quot;,&quot;iso&quot;:&quot;0&quot;,&quot;shutter_speed&quot;:&quot;0&quot;,&quot;title&quot;:&quot;&quot;,&quot;orientation&quot;:&quot;0&quot;}\" data-image-title=\"Lageplan-oma\" data-image-description=\"\" data-image-caption=\"\" data-large-file=\"https:\/\/oderbruchmuseum.de\/wp-content\/uploads\/2021\/04\/Lageplan-oma.gif\" src=\"https:\/\/oderbruchmuseum.de\/wp-content\/uploads\/2021\/04\/Lageplan-oma.gif\" alt=\"Plan von Altranft\" class=\"wp-image-7041\"\/><\/figure>\n<\/div>\n\n\n<div style=\"height:38px\" aria-hidden=\"true\" class=\"wp-block-spacer\"><\/div>\n<\/div>\n<\/div>\n\n\n\n<div class=\"wp-block-group\"><div class=\"wp-block-group__inner-container is-layout-constrained wp-block-group-is-layout-constrained\">\n<h2 class=\"wp-block-heading\">Talk Walk through Altranft<\/h2>\n\n\n\n<div class=\"wp-block-columns is-layout-flex wp-container-core-columns-is-layout-9d6595d7 wp-block-columns-is-layout-flex\">\n<div class=\"wp-block-column is-vertically-aligned-top is-layout-flow wp-block-column-is-layout-flow\">\n<p><mark style=\"background-color:rgba(0, 0, 0, 0)\" class=\"has-inline-color has-primary-color\"><strong>A special village walk<\/strong><\/mark><br>Our TALK WALK is a production of the Leipzig walk researcher Bertram Weisshaar. It leads to 20 stations where - via smartphone or MP3 player - you can listen to what these places are all about. Here, people from Altranft give an insight into the history and present of the village.<\/p>\n\n\n\n<p>The starting point is at the castle (outside opening hours at the entrance gate to the castle park). <br>Length of the route: about 4.7 km. <br>Duration: about 3 hours (shorter routes are also possible).<\/p>\n<\/div>\n\n\n\n<div class=\"wp-block-column is-layout-flow wp-block-column-is-layout-flow\">\n<p>You can also download the TALK WALK Altranft as a ZIP file (approx. 56 MB) before your visit:<br><a href=\"https:\/\/oderbruchmuseum.de\/wp-content\/uploads\/2023\/08\/TW_Altranft_2023.zip\" target=\"_blank\" rel=\"noreferrer noopener\"><strong>&gt;&gt; Download ZIP file<\/strong><\/a><br>Once you unzip the file, you will get all the audio files and the map for the walk.<\/p>\n\n\n\n<p>With a smartphone, the audio walk can also be accessed on site via a QR code. You have free wifi in the museum.<br>During the opening hours it is also possible to borrow an MP3 player and a card.<\/p>\n<\/div>\n<\/div>\n<\/div><\/div>\n\n\n\n<p><a href=\"https:\/\/oderbruchmuseum.de\/en\/spaziergaenge\/\">-&gt; further walks<\/a><\/p>","protected":false},"excerpt":{"rendered":"<p>OderbruchMuseum Altranft Am Anger 2716259 Bad FreienwaldeOT Altranft Opening hours March 7 - December 13Thursday - Sundayand on public holidays11 a.m. - 5 p.m. Admission prices Adults: \u20ac 10 Reduced: \u20ac 7 Trainees, students and severely disabled persons Children and young people up to 18 as well as Altranft residents have free admission! Admission tickets are season tickets! Special admission prices apply for events. Cafeteria Our cafeteria awaits you during the museum's opening hours with coffee, cake, cold drinks and a hearty snack. You<\/p>","protected":false},"author":1,"featured_media":0,"parent":0,"menu_order":0,"comment_status":"closed","ping_status":"closed","template":"template-fullwidth.php","meta":{"inline_featured_image":false,"footnotes":""},"class_list":["post-1223","page","type-page","status-publish","hentry"],"yoast_head":"<!-- This site is optimized with the Yoast SEO plugin v27.4 - https:\/\/yoast.com\/product\/yoast-seo-wordpress\/ -->\n<title>Besucherinfo - Oderbruch Museum Altranft<\/title>\n<meta name=\"description\" content=\"Alle Infos f\u00fcr Ihren Besuch im Oderbruch Museum mit \u00d6ffnungszeiten, Anfahrtsweg, Ticket-Preise und Gruppen-F\u00fchrungen\" \/>\n<meta name=\"robots\" content=\"index, follow, max-snippet:-1, max-image-preview:large, max-video-preview:-1\" \/>\n<link rel=\"canonical\" href=\"https:\/\/oderbruchmuseum.de\/en\/besucherinfo\/\" \/>\n<meta property=\"og:locale\" content=\"en_US\" \/>\n<meta property=\"og:type\" content=\"article\" \/>\n<meta property=\"og:title\" content=\"Besucherinfo - Oderbruch Museum Altranft\" \/>\n<meta property=\"og:description\" content=\"Alle Infos f\u00fcr Ihren Besuch im Oderbruch Museum mit \u00d6ffnungszeiten, Anfahrtsweg, Ticket-Preise und Gruppen-F\u00fchrungen\" \/>\n<meta property=\"og:url\" content=\"https:\/\/oderbruchmuseum.de\/en\/besucherinfo\/\" \/>\n<meta property=\"og:site_name\" content=\"Oderbruch Museum Altranft\" \/>\n<meta property=\"article:publisher\" content=\"https:\/\/www.facebook.com\/oderbruchmuseum\/\" \/>\n<meta property=\"article:modified_time\" content=\"2026-02-24T11:10:19+00:00\" \/>\n<meta property=\"og:image\" content=\"https:\/\/oderbruchmuseum.de\/wp-content\/uploads\/2024\/04\/unbenannt-11-3-Kopie.webp\" \/>\n\t<meta property=\"og:image:width\" content=\"600\" \/>\n\t<meta property=\"og:image:height\" content=\"400\" \/>\n\t<meta property=\"og:image:type\" content=\"image\/webp\" \/>\n<meta name=\"twitter:card\" content=\"summary_large_image\" \/>\n<meta name=\"twitter:label1\" content=\"Est. reading time\" \/>\n\t<meta name=\"twitter:data1\" content=\"4 minutes\" \/>\n<script type=\"application\/ld+json\" class=\"yoast-schema-graph\">{\"@context\":\"https:\\\/\\\/schema.org\",\"@graph\":[{\"@type\":\"WebPage\",\"@id\":\"https:\\\/\\\/oderbruchmuseum.de\\\/besucherinfo\\\/\",\"url\":\"https:\\\/\\\/oderbruchmuseum.de\\\/besucherinfo\\\/\",\"name\":\"Besucherinfo - Oderbruch Museum Altranft\",\"isPartOf\":{\"@id\":\"https:\\\/\\\/oderbruchmuseum.de\\\/#website\"},\"primaryImageOfPage\":{\"@id\":\"https:\\\/\\\/oderbruchmuseum.de\\\/besucherinfo\\\/#primaryimage\"},\"image\":{\"@id\":\"https:\\\/\\\/oderbruchmuseum.de\\\/besucherinfo\\\/#primaryimage\"},\"thumbnailUrl\":\"https:\\\/\\\/oderbruchmuseum.de\\\/wp-content\\\/uploads\\\/2024\\\/04\\\/unbenannt-11-3-Kopie.webp\",\"datePublished\":\"2020-06-01T14:06:24+00:00\",\"dateModified\":\"2026-02-24T11:10:19+00:00\",\"description\":\"Alle Infos f\u00fcr Ihren Besuch im Oderbruch Museum mit \u00d6ffnungszeiten, Anfahrtsweg, Ticket-Preise und Gruppen-F\u00fchrungen\",\"breadcrumb\":{\"@id\":\"https:\\\/\\\/oderbruchmuseum.de\\\/besucherinfo\\\/#breadcrumb\"},\"inLanguage\":\"en-US\",\"potentialAction\":[{\"@type\":\"ReadAction\",\"target\":[\"https:\\\/\\\/oderbruchmuseum.de\\\/besucherinfo\\\/\"]}]},{\"@type\":\"ImageObject\",\"inLanguage\":\"en-US\",\"@id\":\"https:\\\/\\\/oderbruchmuseum.de\\\/besucherinfo\\\/#primaryimage\",\"url\":\"https:\\\/\\\/oderbruchmuseum.de\\\/wp-content\\\/uploads\\\/2024\\\/04\\\/unbenannt-11-3-Kopie.webp\",\"contentUrl\":\"https:\\\/\\\/oderbruchmuseum.de\\\/wp-content\\\/uploads\\\/2024\\\/04\\\/unbenannt-11-3-Kopie.webp\"},{\"@type\":\"BreadcrumbList\",\"@id\":\"https:\\\/\\\/oderbruchmuseum.de\\\/besucherinfo\\\/#breadcrumb\",\"itemListElement\":[{\"@type\":\"ListItem\",\"position\":1,\"name\":\"Startseite\",\"item\":\"https:\\\/\\\/oderbruchmuseum.de\\\/\"},{\"@type\":\"ListItem\",\"position\":2,\"name\":\"Besucherinfo\"}]},{\"@type\":\"WebSite\",\"@id\":\"https:\\\/\\\/oderbruchmuseum.de\\\/#website\",\"url\":\"https:\\\/\\\/oderbruchmuseum.de\\\/\",\"name\":\"Oderbruchmuseum Altranft\",\"description\":\"Werkstatt f\u00fcr l\u00e4ndliche Kultur\",\"publisher\":{\"@id\":\"https:\\\/\\\/oderbruchmuseum.de\\\/#organization\"},\"potentialAction\":[{\"@type\":\"SearchAction\",\"target\":{\"@type\":\"EntryPoint\",\"urlTemplate\":\"https:\\\/\\\/oderbruchmuseum.de\\\/?s={search_term_string}\"},\"query-input\":{\"@type\":\"PropertyValueSpecification\",\"valueRequired\":true,\"valueName\":\"search_term_string\"}}],\"inLanguage\":\"en-US\"},{\"@type\":\"Organization\",\"@id\":\"https:\\\/\\\/oderbruchmuseum.de\\\/#organization\",\"name\":\"Oderbruchmuseum\",\"url\":\"https:\\\/\\\/oderbruchmuseum.de\\\/\",\"logo\":{\"@type\":\"ImageObject\",\"inLanguage\":\"en-US\",\"@id\":\"https:\\\/\\\/oderbruchmuseum.de\\\/#\\\/schema\\\/logo\\\/image\\\/\",\"url\":\"https:\\\/\\\/oderbruchmuseum.de\\\/wp-content\\\/uploads\\\/2020\\\/05\\\/rad-oderbruchmuseum.png\",\"contentUrl\":\"https:\\\/\\\/oderbruchmuseum.de\\\/wp-content\\\/uploads\\\/2020\\\/05\\\/rad-oderbruchmuseum.png\",\"width\":487,\"height\":451,\"caption\":\"Oderbruchmuseum\"},\"image\":{\"@id\":\"https:\\\/\\\/oderbruchmuseum.de\\\/#\\\/schema\\\/logo\\\/image\\\/\"},\"sameAs\":[\"https:\\\/\\\/www.facebook.com\\\/oderbruchmuseum\\\/\",\"https:\\\/\\\/www.instagram.com\\\/oderbruchmuseum\\\/\"]}]}<\/script>\n<!-- \/ Yoast SEO plugin. -->","yoast_head_json":{"title":"Visitor information - Oderbruch Museum Altranft","description":"All information for your visit to the Oderbruch Museum with opening times, directions, ticket prices and group tours","robots":{"index":"index","follow":"follow","max-snippet":"max-snippet:-1","max-image-preview":"max-image-preview:large","max-video-preview":"max-video-preview:-1"},"canonical":"https:\/\/oderbruchmuseum.de\/en\/besucherinfo\/","og_locale":"en_US","og_type":"article","og_title":"Besucherinfo - Oderbruch Museum Altranft","og_description":"Alle Infos f\u00fcr Ihren Besuch im Oderbruch Museum mit \u00d6ffnungszeiten, Anfahrtsweg, Ticket-Preise und Gruppen-F\u00fchrungen","og_url":"https:\/\/oderbruchmuseum.de\/en\/besucherinfo\/","og_site_name":"Oderbruch Museum Altranft","article_publisher":"https:\/\/www.facebook.com\/oderbruchmuseum\/","article_modified_time":"2026-02-24T11:10:19+00:00","og_image":[{"width":600,"height":400,"url":"https:\/\/oderbruchmuseum.de\/wp-content\/uploads\/2024\/04\/unbenannt-11-3-Kopie.webp","type":"image\/webp"}],"twitter_card":"summary_large_image","twitter_misc":{"Est. reading time":"4 minutes"},"schema":{"@context":"https:\/\/schema.org","@graph":[{"@type":"WebPage","@id":"https:\/\/oderbruchmuseum.de\/besucherinfo\/","url":"https:\/\/oderbruchmuseum.de\/besucherinfo\/","name":"Visitor information - Oderbruch Museum Altranft","isPartOf":{"@id":"https:\/\/oderbruchmuseum.de\/#website"},"primaryImageOfPage":{"@id":"https:\/\/oderbruchmuseum.de\/besucherinfo\/#primaryimage"},"image":{"@id":"https:\/\/oderbruchmuseum.de\/besucherinfo\/#primaryimage"},"thumbnailUrl":"https:\/\/oderbruchmuseum.de\/wp-content\/uploads\/2024\/04\/unbenannt-11-3-Kopie.webp","datePublished":"2020-06-01T14:06:24+00:00","dateModified":"2026-02-24T11:10:19+00:00","description":"All information for your visit to the Oderbruch Museum with opening times, directions, ticket prices and group tours","breadcrumb":{"@id":"https:\/\/oderbruchmuseum.de\/besucherinfo\/#breadcrumb"},"inLanguage":"en-US","potentialAction":[{"@type":"ReadAction","target":["https:\/\/oderbruchmuseum.de\/besucherinfo\/"]}]},{"@type":"ImageObject","inLanguage":"en-US","@id":"https:\/\/oderbruchmuseum.de\/besucherinfo\/#primaryimage","url":"https:\/\/oderbruchmuseum.de\/wp-content\/uploads\/2024\/04\/unbenannt-11-3-Kopie.webp","contentUrl":"https:\/\/oderbruchmuseum.de\/wp-content\/uploads\/2024\/04\/unbenannt-11-3-Kopie.webp"},{"@type":"BreadcrumbList","@id":"https:\/\/oderbruchmuseum.de\/besucherinfo\/#breadcrumb","itemListElement":[{"@type":"ListItem","position":1,"name":"Startseite","item":"https:\/\/oderbruchmuseum.de\/"},{"@type":"ListItem","position":2,"name":"Besucherinfo"}]},{"@type":"WebSite","@id":"https:\/\/oderbruchmuseum.de\/#website","url":"https:\/\/oderbruchmuseum.de\/","name":"Oderbruch Museum Altranft","description":"Rural culture workshop","publisher":{"@id":"https:\/\/oderbruchmuseum.de\/#organization"},"potentialAction":[{"@type":"SearchAction","target":{"@type":"EntryPoint","urlTemplate":"https:\/\/oderbruchmuseum.de\/?s={search_term_string}"},"query-input":{"@type":"PropertyValueSpecification","valueRequired":true,"valueName":"search_term_string"}}],"inLanguage":"en-US"},{"@type":"Organization","@id":"https:\/\/oderbruchmuseum.de\/#organization","name":"Oderbruch Museum","url":"https:\/\/oderbruchmuseum.de\/","logo":{"@type":"ImageObject","inLanguage":"en-US","@id":"https:\/\/oderbruchmuseum.de\/#\/schema\/logo\/image\/","url":"https:\/\/oderbruchmuseum.de\/wp-content\/uploads\/2020\/05\/rad-oderbruchmuseum.png","contentUrl":"https:\/\/oderbruchmuseum.de\/wp-content\/uploads\/2020\/05\/rad-oderbruchmuseum.png","width":487,"height":451,"caption":"Oderbruchmuseum"},"image":{"@id":"https:\/\/oderbruchmuseum.de\/#\/schema\/logo\/image\/"},"sameAs":["https:\/\/www.facebook.com\/oderbruchmuseum\/","https:\/\/www.instagram.com\/oderbruchmuseum\/"]}]}},"jetpack_sharing_enabled":true,"_links":{"self":[{"href":"https:\/\/oderbruchmuseum.de\/en\/wp-json\/wp\/v2\/pages\/1223","targetHints":{"allow":["GET"]}}],"collection":[{"href":"https:\/\/oderbruchmuseum.de\/en\/wp-json\/wp\/v2\/pages"}],"about":[{"href":"https:\/\/oderbruchmuseum.de\/en\/wp-json\/wp\/v2\/types\/page"}],"author":[{"embeddable":true,"href":"https:\/\/oderbruchmuseum.de\/en\/wp-json\/wp\/v2\/users\/1"}],"replies":[{"embeddable":true,"href":"https:\/\/oderbruchmuseum.de\/en\/wp-json\/wp\/v2\/comments?post=1223"}],"version-history":[{"count":3,"href":"https:\/\/oderbruchmuseum.de\/en\/wp-json\/wp\/v2\/pages\/1223\/revisions"}],"predecessor-version":[{"id":15596,"href":"https:\/\/oderbruchmuseum.de\/en\/wp-json\/wp\/v2\/pages\/1223\/revisions\/15596"}],"wp:attachment":[{"href":"https:\/\/oderbruchmuseum.de\/en\/wp-json\/wp\/v2\/media?parent=1223"}],"curies":[{"name":"wp","href":"https:\/\/api.w.org\/{rel}","templated":true}]}}